{"id":120271,"date":"2020-09-24T09:41:55","date_gmt":"2020-09-24T09:41:55","guid":{"rendered":"https:\/\/lighthouselocarno.ch\/prodotti\/kranz-mit-feigenblaettern\/"},"modified":"2025-12-23T23:25:40","modified_gmt":"2025-12-23T23:25:40","slug":"kranz-mit-blattern","status":"publish","type":"product","link":"https:\/\/lighthouselocarno.ch\/de\/produkt\/kranz-mit-blattern\/","title":{"rendered":"Kranz mit Feigenbl\u00e4ttern"},"content":{"rendered":"<p>Sch\u00f6ner dekorativer Feigenblattkranz.<br \/>\nIdeal als Tafelaufsatz, Adventskranz, zum Aufh\u00e4ngen an der Eingangst\u00fcr.<br \/>\nMaterial: Synthetisches Gewebe<br \/>\nFarbe: Bordeaux - Bronze<br \/>\nGr\u00f6\u00dfe: 76 cm<\/p>\n","protected":false},"excerpt":{"rendered":"<p>Sch\u00f6ner und eleganter Kranz mit Feigenbl\u00e4ttern aus Stoff in Bordeaux-Bronze.<br \/>\nEin Hauch von Klasse f\u00fcr Ihre Weihnachtsarrangements.<br \/>\nIdeal als Tafelaufsatz, Adventskranz oder einfach an Ihrer Eingangst\u00fcr, geschm\u00fcckt mit ein paar V\u00f6geln.<\/p>\n","protected":false},"featured_media":100502,"template":"","meta":{"_seopress_robots_primary_cat":"","_seopress_titles_title":"","_seopress_titles_desc":"","_seopress_robots_index":""},"product_brand":[],"product_cat":[4030,3891,4133,3748],"product_tag":[4688,4690,4134,4685],"class_list":{"0":"post-120271","1":"product","2":"type-product","3":"status-publish","4":"has-post-thumbnail","6":"product_cat-deko","7":"product_cat-vertrieb","8":"product_cat-weihnachtsdekoration","9":"product_cat-wohnaccessoires","10":"product_tag-girlande","11":"product_tag-weihnachten","12":"product_tag-weihnachtsdekoration-de","13":"product_tag-weihnachtsdekoration-de-4","15":"first","16":"outofstock","17":"sale","18":"shipping-taxable","19":"purchasable","20":"product-type-simple"},"jetpack_sharing_enabled":true,"_links":{"self":[{"href":"https:\/\/lighthouselocarno.ch\/de\/wp-json\/wp\/v2\/product\/120271","targetHints":{"allow":["GET"]}}],"collection":[{"href":"https:\/\/lighthouselocarno.ch\/de\/wp-json\/wp\/v2\/product"}],"about":[{"href":"https:\/\/lighthouselocarno.ch\/de\/wp-json\/wp\/v2\/types\/product"}],"wp:featuredmedia":[{"embeddable":true,"href":"https:\/\/lighthouselocarno.ch\/de\/wp-json\/wp\/v2\/media\/100502"}],"wp:attachment":[{"href":"https:\/\/lighthouselocarno.ch\/de\/wp-json\/wp\/v2\/media?parent=120271"}],"wp:term":[{"taxonomy":"product_brand","embeddable":true,"href":"https:\/\/lighthouselocarno.ch\/de\/wp-json\/wp\/v2\/product_brand?post=120271"},{"taxonomy":"product_cat","embeddable":true,"href":"https:\/\/lighthouselocarno.ch\/de\/wp-json\/wp\/v2\/product_cat?post=120271"},{"taxonomy":"product_tag","embeddable":true,"href":"https:\/\/lighthouselocarno.ch\/de\/wp-json\/wp\/v2\/product_tag?post=120271"}],"curies":[{"name":"wp","href":"https:\/\/api.w.org\/{rel}","templated":true}]}}