{"id":120273,"date":"2022-05-07T12:45:30","date_gmt":"2022-05-07T12:45:30","guid":{"rendered":"https:\/\/lighthouselocarno.ch\/prodotti\/schweres-leinen-dekoration-kissenbezug-mit-knoepfen-agoya-weiss-019\/"},"modified":"2023-08-30T16:31:32","modified_gmt":"2023-08-30T16:31:32","slug":"kissenbezug-dekoration-in-schwerem-leinen-mit-agoya-knopfen-weiss-019","status":"publish","type":"product","link":"https:\/\/lighthouselocarno.ch\/de\/produkt\/kissenbezug-dekoration-in-schwerem-leinen-mit-agoya-knopfen-weiss-019\/","title":{"rendered":"Schweres Leinen Dekoration Kissenbezug mit Kn\u00f6pfen agoya - Wei\u00df 019"},"content":{"rendered":"<p>Wei\u00dfer Dekor-Kissenbezug mit zentraler Reihe von Agoya-Perlmuttkn\u00f6pfen. Profil mit Keder. Gr\u00f6\u00dfe 40X60 cm.<\/p>\n","protected":false},"excerpt":{"rendered":"<p>Wei\u00dfer Dekor-Kissenbezug mit zentraler Reihe von Agoya-Perlmuttkn\u00f6pfen. Profil mit Keder. Gr\u00f6\u00dfe 40X60 cm.<\/p>\n","protected":false},"featured_media":106163,"template":"","meta":{"_seopress_robots_primary_cat":"","_seopress_titles_title":"","_seopress_titles_desc":"","_seopress_robots_index":""},"product_brand":[],"product_cat":[5957,4030,7130,5958,4038,3748],"product_tag":[],"class_list":{"0":"post-120273","1":"product","2":"type-product","3":"status-publish","4":"has-post-thumbnail","6":"product_cat-bettwaesche","7":"product_cat-deko","8":"product_cat-deko-kissen","9":"product_cat-kissenbezuge","10":"product_cat-uncategorized-de","11":"product_cat-wohnaccessoires","13":"first","14":"instock","15":"shipping-taxable","16":"purchasable","17":"product-type-simple"},"jetpack_sharing_enabled":true,"_links":{"self":[{"href":"https:\/\/lighthouselocarno.ch\/de\/wp-json\/wp\/v2\/product\/120273","targetHints":{"allow":["GET"]}}],"collection":[{"href":"https:\/\/lighthouselocarno.ch\/de\/wp-json\/wp\/v2\/product"}],"about":[{"href":"https:\/\/lighthouselocarno.ch\/de\/wp-json\/wp\/v2\/types\/product"}],"wp:featuredmedia":[{"embeddable":true,"href":"https:\/\/lighthouselocarno.ch\/de\/wp-json\/wp\/v2\/media\/106163"}],"wp:attachment":[{"href":"https:\/\/lighthouselocarno.ch\/de\/wp-json\/wp\/v2\/media?parent=120273"}],"wp:term":[{"taxonomy":"product_brand","embeddable":true,"href":"https:\/\/lighthouselocarno.ch\/de\/wp-json\/wp\/v2\/product_brand?post=120273"},{"taxonomy":"product_cat","embeddable":true,"href":"https:\/\/lighthouselocarno.ch\/de\/wp-json\/wp\/v2\/product_cat?post=120273"},{"taxonomy":"product_tag","embeddable":true,"href":"https:\/\/lighthouselocarno.ch\/de\/wp-json\/wp\/v2\/product_tag?post=120273"}],"curies":[{"name":"wp","href":"https:\/\/api.w.org\/{rel}","templated":true}]}}