{"id":120280,"date":"2022-05-07T12:45:25","date_gmt":"2022-05-07T12:45:25","guid":{"rendered":"https:\/\/lighthouselocarno.ch\/prodotti\/organza-vorhang-butter-alt-047\/"},"modified":"2023-08-30T16:31:33","modified_gmt":"2023-08-30T16:31:33","slug":"zelt-in-organisation-blau-alt-047","status":"publish","type":"product","link":"https:\/\/lighthouselocarno.ch\/de\/produkt\/zelt-in-organisation-blau-alt-047\/","title":{"rendered":"Organza-Vorhang - Butter Alt 047"},"content":{"rendered":"<p>Hellbeiger Organza-Vorhang mit Organza-Volant. Oberer Teil mit Vorbereitung f\u00fcr einen Stock und Verschluss mit Agoya-Perlmuttkn\u00f6pfen. Gr\u00f6\u00dfe 130&#215;300 cm.<\/p>\n","protected":false},"excerpt":{"rendered":"<p>Hellbeiger Organza-Vorhang mit Organza-Volant. Oberer Teil mit Vorbereitung f\u00fcr einen Stock und Verschluss mit Agoya-Perlmuttkn\u00f6pfen. Gr\u00f6\u00dfe 130&#215;300 cm.<\/p>\n","protected":false},"featured_media":106160,"template":"","meta":{"_seopress_robots_primary_cat":"","_seopress_titles_title":"","_seopress_titles_desc":"","_seopress_robots_index":""},"product_brand":[],"product_cat":[7195,6091,3748],"product_tag":[],"class_list":{"0":"post-120280","1":"product","2":"type-product","3":"status-publish","4":"has-post-thumbnail","6":"product_cat-vorhaenge-de","7":"product_cat-vorhange","8":"product_cat-wohnaccessoires","10":"first","11":"instock","12":"shipping-taxable","13":"purchasable","14":"product-type-simple"},"jetpack_sharing_enabled":true,"_links":{"self":[{"href":"https:\/\/lighthouselocarno.ch\/de\/wp-json\/wp\/v2\/product\/120280","targetHints":{"allow":["GET"]}}],"collection":[{"href":"https:\/\/lighthouselocarno.ch\/de\/wp-json\/wp\/v2\/product"}],"about":[{"href":"https:\/\/lighthouselocarno.ch\/de\/wp-json\/wp\/v2\/types\/product"}],"wp:featuredmedia":[{"embeddable":true,"href":"https:\/\/lighthouselocarno.ch\/de\/wp-json\/wp\/v2\/media\/106160"}],"wp:attachment":[{"href":"https:\/\/lighthouselocarno.ch\/de\/wp-json\/wp\/v2\/media?parent=120280"}],"wp:term":[{"taxonomy":"product_brand","embeddable":true,"href":"https:\/\/lighthouselocarno.ch\/de\/wp-json\/wp\/v2\/product_brand?post=120280"},{"taxonomy":"product_cat","embeddable":true,"href":"https:\/\/lighthouselocarno.ch\/de\/wp-json\/wp\/v2\/product_cat?post=120280"},{"taxonomy":"product_tag","embeddable":true,"href":"https:\/\/lighthouselocarno.ch\/de\/wp-json\/wp\/v2\/product_tag?post=120280"}],"curies":[{"name":"wp","href":"https:\/\/api.w.org\/{rel}","templated":true}]}}