{"id":120286,"date":"2022-05-07T12:45:44","date_gmt":"2022-05-07T12:45:44","guid":{"rendered":"https:\/\/lighthouselocarno.ch\/prodotti\/kristallbesetzter-leinen-laeufer-50x160cm-weiss-019\/"},"modified":"2023-08-31T02:16:51","modified_gmt":"2023-08-31T02:16:51","slug":"runner-50x160cm-in-linen-crystal-white-019","status":"publish","type":"product","link":"https:\/\/lighthouselocarno.ch\/de\/produkt\/runner-50x160cm-in-linen-crystal-white-019\/","title":{"rendered":"Kristallbesetzter Leinen-L\u00e4ufer 50x160cm - Wei\u00df 019"},"content":{"rendered":"<p>Wei\u00dfer L\u00e4ufer aus Leinen, besetzt mit Kristallen und einem rechteckigen Arte Pura-Logoeinsatz. Kante mit Falz. Ma\u00dfe: 50 x 160 cm.<\/p>\n","protected":false},"excerpt":{"rendered":"<p>Wei\u00dfer L\u00e4ufer aus Leinen, besetzt mit Kristallen und einem rechteckigen Arte Pura-Logoeinsatz. Kante mit Falz. Ma\u00dfe: 50 x 160 cm.<\/p>\n","protected":false},"featured_media":106166,"template":"","meta":{"_seopress_robots_primary_cat":"","_seopress_titles_title":"","_seopress_titles_desc":"","_seopress_robots_index":""},"product_brand":[],"product_cat":[3755,6288,3748],"product_tag":[],"class_list":{"0":"post-120286","1":"product","2":"type-product","3":"status-publish","4":"has-post-thumbnail","6":"product_cat-tisch-zu-behoer","7":"product_cat-tischlaufer","8":"product_cat-wohnaccessoires","10":"first","11":"instock","12":"shipping-taxable","13":"purchasable","14":"product-type-simple"},"jetpack_sharing_enabled":true,"_links":{"self":[{"href":"https:\/\/lighthouselocarno.ch\/de\/wp-json\/wp\/v2\/product\/120286","targetHints":{"allow":["GET"]}}],"collection":[{"href":"https:\/\/lighthouselocarno.ch\/de\/wp-json\/wp\/v2\/product"}],"about":[{"href":"https:\/\/lighthouselocarno.ch\/de\/wp-json\/wp\/v2\/types\/product"}],"wp:featuredmedia":[{"embeddable":true,"href":"https:\/\/lighthouselocarno.ch\/de\/wp-json\/wp\/v2\/media\/106166"}],"wp:attachment":[{"href":"https:\/\/lighthouselocarno.ch\/de\/wp-json\/wp\/v2\/media?parent=120286"}],"wp:term":[{"taxonomy":"product_brand","embeddable":true,"href":"https:\/\/lighthouselocarno.ch\/de\/wp-json\/wp\/v2\/product_brand?post=120286"},{"taxonomy":"product_cat","embeddable":true,"href":"https:\/\/lighthouselocarno.ch\/de\/wp-json\/wp\/v2\/product_cat?post=120286"},{"taxonomy":"product_tag","embeddable":true,"href":"https:\/\/lighthouselocarno.ch\/de\/wp-json\/wp\/v2\/product_tag?post=120286"}],"curies":[{"name":"wp","href":"https:\/\/api.w.org\/{rel}","templated":true}]}}