{"id":120294,"date":"2020-09-24T09:40:32","date_gmt":"2020-09-24T09:40:32","guid":{"rendered":"https:\/\/lighthouselocarno.ch\/prodotti\/dekorative-girlande-mit-feigenblaettern\/"},"modified":"2023-08-24T09:49:51","modified_gmt":"2023-08-24T09:49:51","slug":"kranz-dekorativ-mit-blattern-der-figur","status":"publish","type":"product","link":"https:\/\/lighthouselocarno.ch\/de\/produkt\/kranz-dekorativ-mit-blattern-der-figur\/","title":{"rendered":"Dekorative Girlande mit Feigenbl\u00e4ttern"},"content":{"rendered":"<p>Deokorative Girlande mit Feigenbl\u00e4ttern.<br \/>\nFarbe burgunderrot-bronze<br \/>\nL\u00e4nge: 183 cm<\/p>\n","protected":false},"excerpt":{"rendered":"<p>Wundersch\u00f6ne Dekorationsgirlande f\u00fcr tausend Zwecke!<br \/>\nIdeal als T\u00fcreinfassung, \u00fcber dem Kamin oder als l\u00e4ngliches Mittelst\u00fcck f\u00fcr spektakul\u00e4re Effekte.<br \/>\nBordeaux-bronzefarbener Stoff.<\/p>\n","protected":false},"featured_media":100493,"template":"","meta":{"_seopress_robots_primary_cat":"","_seopress_titles_title":"","_seopress_titles_desc":"","_seopress_robots_index":""},"product_brand":[],"product_cat":[4030,3891,4133,3748],"product_tag":[4688,4690,4134,4685],"class_list":{"0":"post-120294","1":"product","2":"type-product","3":"status-publish","4":"has-post-thumbnail","6":"product_cat-deko","7":"product_cat-vertrieb","8":"product_cat-weihnachtsdekoration","9":"product_cat-wohnaccessoires","10":"product_tag-girlande","11":"product_tag-weihnachten","12":"product_tag-weihnachtsdekoration-de","13":"product_tag-weihnachtsdekoration-de-4","15":"first","16":"outofstock","17":"sale","18":"shipping-taxable","19":"purchasable","20":"product-type-simple"},"jetpack_sharing_enabled":true,"_links":{"self":[{"href":"https:\/\/lighthouselocarno.ch\/de\/wp-json\/wp\/v2\/product\/120294","targetHints":{"allow":["GET"]}}],"collection":[{"href":"https:\/\/lighthouselocarno.ch\/de\/wp-json\/wp\/v2\/product"}],"about":[{"href":"https:\/\/lighthouselocarno.ch\/de\/wp-json\/wp\/v2\/types\/product"}],"wp:featuredmedia":[{"embeddable":true,"href":"https:\/\/lighthouselocarno.ch\/de\/wp-json\/wp\/v2\/media\/100493"}],"wp:attachment":[{"href":"https:\/\/lighthouselocarno.ch\/de\/wp-json\/wp\/v2\/media?parent=120294"}],"wp:term":[{"taxonomy":"product_brand","embeddable":true,"href":"https:\/\/lighthouselocarno.ch\/de\/wp-json\/wp\/v2\/product_brand?post=120294"},{"taxonomy":"product_cat","embeddable":true,"href":"https:\/\/lighthouselocarno.ch\/de\/wp-json\/wp\/v2\/product_cat?post=120294"},{"taxonomy":"product_tag","embeddable":true,"href":"https:\/\/lighthouselocarno.ch\/de\/wp-json\/wp\/v2\/product_tag?post=120294"}],"curies":[{"name":"wp","href":"https:\/\/api.w.org\/{rel}","templated":true}]}}