{"id":120311,"date":"2023-02-15T16:10:42","date_gmt":"2023-02-15T16:10:42","guid":{"rendered":"https:\/\/lighthouselocarno.ch\/prodotti\/rosa-herz-naturseife\/"},"modified":"2023-12-30T13:19:04","modified_gmt":"2023-12-30T13:19:04","slug":"seife-naturlich-herz-rosa-2","status":"publish","type":"product","link":"https:\/\/lighthouselocarno.ch\/de\/produkt\/seife-naturlich-herz-rosa-2\/","title":{"rendered":"Rosa Herz Naturseife"},"content":{"rendered":"","protected":false},"excerpt":{"rendered":"<p>Herzf\u00f6rmige Naturseife aus Bio-Schafsmilch mit Magnolienduft.<br \/>\nEine echte Verw\u00f6hnung f\u00fcr eine noch sch\u00f6nere und zartere Haut.<br \/>\nAusgezeichnete Qualit\u00e4t, liporeplenishing, ideal f\u00fcr die morgendliche Gesichts- und K\u00f6rperpflege.<br \/>\nWeiche, cremige Seife mit Schafsmilch und Schafswollfett.<br \/>\nSanft zur Haut - auch f\u00fcr empfindliche Haut geeignet.<br \/>\nNat\u00fcrliche, hochwertige Pflege mit einem wunderbaren Duft.<br \/>\nJedes St\u00fcck Seife ist einzeln verpackt und mit einer eleganten Satinschleife verziert, wie abgebildet.<br \/>\nGewicht 80 Gramm<br \/>\nHergestellt in \u00d6sterreich.<\/p>\n","protected":false},"featured_media":101651,"template":"","meta":{"_seopress_robots_primary_cat":"","_seopress_titles_title":"","_seopress_titles_desc":"","_seopress_robots_index":""},"product_brand":[],"product_cat":[7323,7317,3748],"product_tag":[4725,4720,4729,4730,4714],"class_list":{"0":"post-120311","1":"product","2":"type-product","3":"status-publish","4":"has-post-thumbnail","6":"product_cat-naturseife","7":"product_cat-parfum-und-seifen","8":"product_cat-wohnaccessoires","9":"product_tag-bio-seife","10":"product_tag-florex-de","11":"product_tag-herzseife","12":"product_tag-klassische-naturseife","13":"product_tag-schafmilchseife","15":"first","16":"instock","17":"shipping-taxable","18":"purchasable","19":"product-type-simple"},"jetpack_sharing_enabled":true,"_links":{"self":[{"href":"https:\/\/lighthouselocarno.ch\/de\/wp-json\/wp\/v2\/product\/120311","targetHints":{"allow":["GET"]}}],"collection":[{"href":"https:\/\/lighthouselocarno.ch\/de\/wp-json\/wp\/v2\/product"}],"about":[{"href":"https:\/\/lighthouselocarno.ch\/de\/wp-json\/wp\/v2\/types\/product"}],"wp:featuredmedia":[{"embeddable":true,"href":"https:\/\/lighthouselocarno.ch\/de\/wp-json\/wp\/v2\/media\/101651"}],"wp:attachment":[{"href":"https:\/\/lighthouselocarno.ch\/de\/wp-json\/wp\/v2\/media?parent=120311"}],"wp:term":[{"taxonomy":"product_brand","embeddable":true,"href":"https:\/\/lighthouselocarno.ch\/de\/wp-json\/wp\/v2\/product_brand?post=120311"},{"taxonomy":"product_cat","embeddable":true,"href":"https:\/\/lighthouselocarno.ch\/de\/wp-json\/wp\/v2\/product_cat?post=120311"},{"taxonomy":"product_tag","embeddable":true,"href":"https:\/\/lighthouselocarno.ch\/de\/wp-json\/wp\/v2\/product_tag?post=120311"}],"curies":[{"name":"wp","href":"https:\/\/api.w.org\/{rel}","templated":true}]}}