{"id":120340,"date":"2021-02-15T16:34:22","date_gmt":"2021-02-15T16:34:22","guid":{"rendered":"https:\/\/lighthouselocarno.ch\/prodotti\/naturseife-150-g-magnolie\/"},"modified":"2024-12-16T09:47:24","modified_gmt":"2024-12-16T09:47:24","slug":"seife-naturlich-150-g-magnolie","status":"publish","type":"product","link":"https:\/\/lighthouselocarno.ch\/de\/produkt\/seife-naturlich-150-g-magnolie\/","title":{"rendered":"Naturseife 150 g Magnolie"},"content":{"rendered":"","protected":false},"excerpt":{"rendered":"<p>Bio-Schafsmilchseife mit Magnolienduft Eine echte Verw\u00f6hnung f\u00fcr eine noch sch\u00f6nere und weichere Haut. Ausgezeichnete Qualit\u00e4t, r\u00fcckfettend, ideal f\u00fcr die morgendliche Gesichts- und K\u00f6rperpflege. Der Duft ist zart, romantisch! Jedes Seifenst\u00fcck ist elegant in einer Schachtel verpackt, die mit einer sch\u00f6nen Stoffrose und einem Organzaband verziert ist, wie auf dem Bild. Gewicht 150 Gramm<\/p>\n","protected":false},"featured_media":101663,"template":"","meta":{"_seopress_robots_primary_cat":"none","_seopress_titles_title":"","_seopress_titles_desc":"","_seopress_robots_index":""},"product_brand":[],"product_cat":[7323,7317,3748],"product_tag":[4766,4767,4714,4765],"class_list":{"0":"post-120340","1":"product","2":"type-product","3":"status-publish","4":"has-post-thumbnail","6":"product_cat-naturseife","7":"product_cat-parfum-und-seifen","8":"product_cat-wohnaccessoires","9":"product_tag-bio-seife-de","10":"product_tag-pfingstrose-seife","11":"product_tag-schafmilchseife","12":"product_tag-seife","14":"first","15":"instock","16":"shipping-taxable","17":"purchasable","18":"product-type-simple"},"jetpack_sharing_enabled":true,"_links":{"self":[{"href":"https:\/\/lighthouselocarno.ch\/de\/wp-json\/wp\/v2\/product\/120340","targetHints":{"allow":["GET"]}}],"collection":[{"href":"https:\/\/lighthouselocarno.ch\/de\/wp-json\/wp\/v2\/product"}],"about":[{"href":"https:\/\/lighthouselocarno.ch\/de\/wp-json\/wp\/v2\/types\/product"}],"wp:featuredmedia":[{"embeddable":true,"href":"https:\/\/lighthouselocarno.ch\/de\/wp-json\/wp\/v2\/media\/101663"}],"wp:attachment":[{"href":"https:\/\/lighthouselocarno.ch\/de\/wp-json\/wp\/v2\/media?parent=120340"}],"wp:term":[{"taxonomy":"product_brand","embeddable":true,"href":"https:\/\/lighthouselocarno.ch\/de\/wp-json\/wp\/v2\/product_brand?post=120340"},{"taxonomy":"product_cat","embeddable":true,"href":"https:\/\/lighthouselocarno.ch\/de\/wp-json\/wp\/v2\/product_cat?post=120340"},{"taxonomy":"product_tag","embeddable":true,"href":"https:\/\/lighthouselocarno.ch\/de\/wp-json\/wp\/v2\/product_tag?post=120340"}],"curies":[{"name":"wp","href":"https:\/\/api.w.org\/{rel}","templated":true}]}}