{"id":120343,"date":"2021-02-15T17:31:06","date_gmt":"2021-02-15T17:31:06","guid":{"rendered":"https:\/\/lighthouselocarno.ch\/prodotti\/grosser-herzteller\/"},"modified":"2021-02-15T17:31:06","modified_gmt":"2021-02-15T17:31:06","slug":"grosser-herzteller","status":"publish","type":"product","link":"https:\/\/lighthouselocarno.ch\/de\/produkt\/grosser-herzteller\/","title":{"rendered":"Gro\u00dfer Herzteller"},"content":{"rendered":"","protected":false},"excerpt":{"rendered":"<p>Gro\u00dfer herzf\u00f6rmiger Teller, cremefarben, aus Steingut.<br \/>\nAbmessungen: 25\u00d729 cm<br \/>\nHergestellt in. Italien<\/p>\n","protected":false},"featured_media":101678,"template":"","meta":{"_seopress_robots_primary_cat":"","_seopress_titles_title":"","_seopress_titles_desc":"","_seopress_robots_index":""},"product_brand":[],"product_cat":[4030,3865,3755,3748],"product_tag":[4771,4769,4773],"class_list":{"0":"post-120343","1":"product","2":"type-product","3":"status-publish","4":"has-post-thumbnail","6":"product_cat-deko","7":"product_cat-kuche","8":"product_cat-tisch-zu-behoer","9":"product_cat-wohnaccessoires","10":"product_tag-herzformiger-teller","11":"product_tag-herzplatte","12":"product_tag-schabiger-teller","14":"first","15":"onbackorder","16":"shipping-taxable","17":"purchasable","18":"product-type-simple"},"jetpack_sharing_enabled":true,"_links":{"self":[{"href":"https:\/\/lighthouselocarno.ch\/de\/wp-json\/wp\/v2\/product\/120343","targetHints":{"allow":["GET"]}}],"collection":[{"href":"https:\/\/lighthouselocarno.ch\/de\/wp-json\/wp\/v2\/product"}],"about":[{"href":"https:\/\/lighthouselocarno.ch\/de\/wp-json\/wp\/v2\/types\/product"}],"wp:featuredmedia":[{"embeddable":true,"href":"https:\/\/lighthouselocarno.ch\/de\/wp-json\/wp\/v2\/media\/101678"}],"wp:attachment":[{"href":"https:\/\/lighthouselocarno.ch\/de\/wp-json\/wp\/v2\/media?parent=120343"}],"wp:term":[{"taxonomy":"product_brand","embeddable":true,"href":"https:\/\/lighthouselocarno.ch\/de\/wp-json\/wp\/v2\/product_brand?post=120343"},{"taxonomy":"product_cat","embeddable":true,"href":"https:\/\/lighthouselocarno.ch\/de\/wp-json\/wp\/v2\/product_cat?post=120343"},{"taxonomy":"product_tag","embeddable":true,"href":"https:\/\/lighthouselocarno.ch\/de\/wp-json\/wp\/v2\/product_tag?post=120343"}],"curies":[{"name":"wp","href":"https:\/\/api.w.org\/{rel}","templated":true}]}}