{"id":120360,"date":"2023-04-13T15:23:55","date_gmt":"2023-04-13T15:23:55","guid":{"rendered":"https:\/\/lighthouselocarno.ch\/prodotti\/handgemachte-wuerfel-und-perlenkerze\/"},"modified":"2023-06-30T05:23:34","modified_gmt":"2023-06-30T05:23:34","slug":"kerzenhandwerk-wurfel-und-perlen-kunst-pur","status":"publish","type":"product","link":"https:\/\/lighthouselocarno.ch\/de\/produkt\/kerzenhandwerk-wurfel-und-perlen-kunst-pur\/","title":{"rendered":"Handgemachte W\u00fcrfel- und Perlenkerze"},"content":{"rendered":"","protected":false},"excerpt":{"rendered":"<p>Handgefertigte w\u00fcrfelf\u00f6rmige Kerze, marmoriert und mit Perlen.<\/p>\n<p>Die handgefertigte Kerze ist in allen Farben von Arte Pura und in zwei verschiedenen Gr\u00f6\u00dfen erh\u00e4ltlich,<\/p>\n<p>1,3 kg und 1,6 kg.<\/p>\n<p>Erh\u00e4ltlich im Shop in der Farbe Veronica Old.<br \/>\nAlle anderen Farben k\u00f6nnen in 4-6 Wochen bestellt werden.<\/p>\n","protected":false},"featured_media":102152,"template":"","meta":{"_seopress_robots_primary_cat":"79","_seopress_titles_title":"","_seopress_titles_desc":"","_seopress_robots_index":""},"product_brand":[],"product_cat":[7127,4244,3748],"product_tag":[4207,4789,4788,4787],"class_list":{"0":"post-120360","1":"product","2":"type-product","3":"status-publish","4":"has-post-thumbnail","6":"product_cat-kerzen-de","7":"product_cat-kerzen","8":"product_cat-wohnaccessoires","9":"product_tag-handgemachte-kerze","10":"product_tag-kerze-de-2","11":"product_tag-kerze-de","12":"product_tag-kerzenlicht","14":"first","15":"instock","16":"shipping-taxable","17":"purchasable","18":"product-type-variable"},"jetpack_sharing_enabled":true,"_links":{"self":[{"href":"https:\/\/lighthouselocarno.ch\/de\/wp-json\/wp\/v2\/product\/120360","targetHints":{"allow":["GET"]}}],"collection":[{"href":"https:\/\/lighthouselocarno.ch\/de\/wp-json\/wp\/v2\/product"}],"about":[{"href":"https:\/\/lighthouselocarno.ch\/de\/wp-json\/wp\/v2\/types\/product"}],"wp:featuredmedia":[{"embeddable":true,"href":"https:\/\/lighthouselocarno.ch\/de\/wp-json\/wp\/v2\/media\/102152"}],"wp:attachment":[{"href":"https:\/\/lighthouselocarno.ch\/de\/wp-json\/wp\/v2\/media?parent=120360"}],"wp:term":[{"taxonomy":"product_brand","embeddable":true,"href":"https:\/\/lighthouselocarno.ch\/de\/wp-json\/wp\/v2\/product_brand?post=120360"},{"taxonomy":"product_cat","embeddable":true,"href":"https:\/\/lighthouselocarno.ch\/de\/wp-json\/wp\/v2\/product_cat?post=120360"},{"taxonomy":"product_tag","embeddable":true,"href":"https:\/\/lighthouselocarno.ch\/de\/wp-json\/wp\/v2\/product_tag?post=120360"}],"curies":[{"name":"wp","href":"https:\/\/api.w.org\/{rel}","templated":true}]}}