{"id":120399,"date":"2021-09-05T09:27:27","date_gmt":"2021-09-05T09:27:27","guid":{"rendered":"https:\/\/lighthouselocarno.ch\/prodotti\/paar-gesichts-und-gaestehandtuecher-mit-spitze-harmony\/"},"modified":"2023-09-09T13:18:01","modified_gmt":"2023-09-09T13:18:01","slug":"handtuch-paar-gesicht-und-hosts-mit-lace-harmony-art-pure","status":"publish","type":"product","link":"https:\/\/lighthouselocarno.ch\/de\/produkt\/handtuch-paar-gesicht-und-hosts-mit-lace-harmony-art-pure\/","title":{"rendered":"Paar Gesichts- und G\u00e4stehandt\u00fccher mit Spitze Harmony"},"content":{"rendered":"<p>1Produktpflege:<\/p>\n<p>Maschinenwaschbar bei 30-40 Grad mit milder Seife. Keinen Weichsp\u00fcler hinzuf\u00fcgen. Nicht bleichen.<br \/>\nAlle Kleidungsst\u00fccke von Arte Pura sind mit nat\u00fcrlichen Mineralpigmenten handgef\u00e4rbt.<br \/>\nEs ist m\u00f6glich, dass sie bei den ersten W\u00e4schen etwas an Farbe verlieren, was zu einem Vintage-Ton f\u00fchrt, der einzigartig f\u00fcr diese Marke ist.<br \/>\nBeim Waschen von Kleidung mit alten Farben empfehle ich dringend, bei den ersten 3-4 Waschg\u00e4ngen 1 kg Meersalz in die Waschmaschine zu geben, um die Farben gut zu fixieren.<\/p>\n<p>Stoff:100% Leinen.<\/p>\n","protected":false},"excerpt":{"rendered":"<p>Ein Paar Gesichts- und G\u00e4stet\u00fccher mit harmonischer Spitze von ARTE PURA. Die Farbe des Titelbildes ist Veronica Old.<\/p>\n<p>Erh\u00e4ltlich im Shop in den Farben Retro und Veronica Old.<\/p>\n<p>In allen anderen Farben auf Bestellung in 6-8 Wochen lieferbar.<\/p>\n<p>WASH<br \/>\nMaschinenwaschbar bei 30-40 Grad.<br \/>\nAlle Kleidungsst\u00fccke von Arte Pura sind in nat\u00fcrlichen Farben handgef\u00e4rbt.<br \/>\nEs ist m\u00f6glich, dass sie bei den ersten W\u00e4schen etwas an Farbe verlieren und dadurch einen Vintage-Ton erhalten, der f\u00fcr diese Marke typisch und einzigartig ist.<br \/>\nBeim Waschen von Kleidung mit alten Farben empfehle ich dringend, bei den ersten 3-4 Waschg\u00e4ngen 1 kg Meersalz in die Waschmaschine zu geben, um die Farben gut zu fixieren.<\/p>\n<div>Die zum Abt\u00f6nen verwendeten Pigmente sind alle nat\u00fcrlichen mineralischen Ursprungs.<\/div>\n<div>Die Farben werden in speziellen B\u00e4dern gemischt, in denen die Kleidungsst\u00fccke St\u00fcck f\u00fcr St\u00fcck gef\u00e4rbt werden.<\/div>\n","protected":false},"featured_media":102167,"template":"","meta":{"_seopress_robots_primary_cat":"none","_seopress_titles_title":"","_seopress_titles_desc":"","_seopress_robots_index":""},"product_brand":[],"product_cat":[6027,3916,3748],"product_tag":[4797,4796,7361],"class_list":{"0":"post-120399","1":"product","2":"type-product","3":"status-publish","4":"has-post-thumbnail","6":"product_cat-badetucher","7":"product_cat-badezimmer","8":"product_cat-wohnaccessoires","9":"product_tag-badetucher","10":"product_tag-handtucher","11":"product_tag-towels-with-lace-de","12":"pa_colore-alter-gedanke-441","13":"pa_colore-alter-lehm-048","14":"pa_colore-bonbon-alt-429","15":"pa_colore-butter-alt-047","16":"pa_colore-convivio-438-de","17":"pa_colore-engel-alt-401","18":"pa_colore-ereignis-alt-436","19":"pa_colore-essenza-alt-409","20":"pa_colore-fee-alt-405","21":"pa_colore-granit-alt-427","22":"pa_colore-hauch-alt-415","23":"pa_colore-kreide-alt-044","24":"pa_colore-lava-alt-037","25":"pa_colore-lebenslauf-alt-433","26":"pa_colore-liebenswerte-alte-437","27":"pa_colore-luxus-alt-432","28":"pa_colore-malta-alt-414","29":"pa_colore-mineralien-alt-410","30":"pa_colore-ostsee-alt-428","31":"pa_colore-pfingstrose-alt-417","32":"pa_colore-puder-alt-043","33":"pa_colore-retro-900-de","34":"pa_colore-roma-alt-435","35":"pa_colore-schwarz-021","36":"pa_colore-see-old-440","37":"pa_colore-stein-alt-425","38":"pa_colore-suser-alter-434","39":"pa_colore-veronika-alt-416","40":"pa_colore-weis-019","42":"first","43":"instock","44":"shipping-taxable","45":"purchasable","46":"product-type-variable"},"jetpack_sharing_enabled":true,"_links":{"self":[{"href":"https:\/\/lighthouselocarno.ch\/de\/wp-json\/wp\/v2\/product\/120399","targetHints":{"allow":["GET"]}}],"collection":[{"href":"https:\/\/lighthouselocarno.ch\/de\/wp-json\/wp\/v2\/product"}],"about":[{"href":"https:\/\/lighthouselocarno.ch\/de\/wp-json\/wp\/v2\/types\/product"}],"wp:featuredmedia":[{"embeddable":true,"href":"https:\/\/lighthouselocarno.ch\/de\/wp-json\/wp\/v2\/media\/102167"}],"wp:attachment":[{"href":"https:\/\/lighthouselocarno.ch\/de\/wp-json\/wp\/v2\/media?parent=120399"}],"wp:term":[{"taxonomy":"product_brand","embeddable":true,"href":"https:\/\/lighthouselocarno.ch\/de\/wp-json\/wp\/v2\/product_brand?post=120399"},{"taxonomy":"product_cat","embeddable":true,"href":"https:\/\/lighthouselocarno.ch\/de\/wp-json\/wp\/v2\/product_cat?post=120399"},{"taxonomy":"product_tag","embeddable":true,"href":"https:\/\/lighthouselocarno.ch\/de\/wp-json\/wp\/v2\/product_tag?post=120399"}],"curies":[{"name":"wp","href":"https:\/\/api.w.org\/{rel}","templated":true}]}}