{"id":120426,"date":"2021-07-30T17:23:27","date_gmt":"2021-07-30T17:23:27","guid":{"rendered":"https:\/\/lighthouselocarno.ch\/prodotti\/agoya-130x180-cm-sektionaltischdecke-aus-leinen-mit-knoepfen\/"},"modified":"2023-08-19T13:50:38","modified_gmt":"2023-08-19T13:50:38","slug":"tischdecke-leinen-verwendbar-mit-knopfen-agoya-130x180-cm-kunst-pur","status":"publish","type":"product","link":"https:\/\/lighthouselocarno.ch\/de\/produkt\/tischdecke-leinen-verwendbar-mit-knopfen-agoya-130x180-cm-kunst-pur\/","title":{"rendered":"Agoya 130&#215;180 cm Sektionaltischdecke aus Leinen mit Kn\u00f6pfen"},"content":{"rendered":"","protected":false},"excerpt":{"rendered":"<p>Gekn\u00f6pfte Tischdecke aus schwerem Leinen von Agoya. Diese sch\u00f6ne Tischdecke f\u00fcr lange Tische passt zu jeder Art von Tisch.<\/p>\n<p>Mit Hilfe von Kn\u00f6pfen k\u00f6nnen mehrere Teile, auch in verschiedenen Farben, miteinander verbunden werden, um den Tisch nach Bedarf zu verl\u00e4ngern.<\/p>\n<p>Abmessungen: 130&#215;180<\/p>\n<p>Stoff: 100% reines italienisches Leinen<\/p>\n<p>Erh\u00e4ltlich im Shop in den Farben Wei\u00df und Veronica<\/p>\n<p>Auf Bestellung in 4-6 Wochen in allen anderen Farben erh\u00e4ltlich<\/p>\n<p>WASH<br \/>\nMaschinenwaschbar bei 30-40 Grad.<br \/>\nAlle Kleidungsst\u00fccke von Arte Pura sind in nat\u00fcrlichen Farben handgef\u00e4rbt.<br \/>\nEs ist m\u00f6glich, dass sie bei den ersten W\u00e4schen etwas an Farbe verlieren, was zu einem Vintage-Ton f\u00fchrt, der einzigartig f\u00fcr diese Marke ist.<br \/>\nBeim Waschen von Kleidung mit alten Farben empfehle ich dringend, bei den ersten 3-4 Waschg\u00e4ngen 1 kg Meersalz in die Waschmaschine zu geben, um die Farben gut zu fixieren.<\/p>\n<div>Die zum Abt\u00f6nen verwendeten Pigmente sind alle nat\u00fcrlichen mineralischen Ursprungs.<\/div>\n<div>Die Farben werden in speziellen B\u00e4dern gemischt, in denen die Kleidungsst\u00fccke St\u00fcck f\u00fcr St\u00fcck gef\u00e4rbt werden.<\/div>\n","protected":false},"featured_media":102122,"template":"","meta":{"_seopress_robots_primary_cat":"none","_seopress_titles_title":"","_seopress_titles_desc":"","_seopress_robots_index":""},"product_brand":[],"product_cat":[3755,5961,3748],"product_tag":[4798],"class_list":{"0":"post-120426","1":"product","2":"type-product","3":"status-publish","4":"has-post-thumbnail","6":"product_cat-tisch-zu-behoer","7":"product_cat-tischdecke","8":"product_cat-wohnaccessoires","9":"product_tag-tischtuch","11":"first","12":"instock","13":"shipping-taxable","14":"purchasable","15":"product-type-variable"},"jetpack_sharing_enabled":true,"_links":{"self":[{"href":"https:\/\/lighthouselocarno.ch\/de\/wp-json\/wp\/v2\/product\/120426","targetHints":{"allow":["GET"]}}],"collection":[{"href":"https:\/\/lighthouselocarno.ch\/de\/wp-json\/wp\/v2\/product"}],"about":[{"href":"https:\/\/lighthouselocarno.ch\/de\/wp-json\/wp\/v2\/types\/product"}],"wp:featuredmedia":[{"embeddable":true,"href":"https:\/\/lighthouselocarno.ch\/de\/wp-json\/wp\/v2\/media\/102122"}],"wp:attachment":[{"href":"https:\/\/lighthouselocarno.ch\/de\/wp-json\/wp\/v2\/media?parent=120426"}],"wp:term":[{"taxonomy":"product_brand","embeddable":true,"href":"https:\/\/lighthouselocarno.ch\/de\/wp-json\/wp\/v2\/product_brand?post=120426"},{"taxonomy":"product_cat","embeddable":true,"href":"https:\/\/lighthouselocarno.ch\/de\/wp-json\/wp\/v2\/product_cat?post=120426"},{"taxonomy":"product_tag","embeddable":true,"href":"https:\/\/lighthouselocarno.ch\/de\/wp-json\/wp\/v2\/product_tag?post=120426"}],"curies":[{"name":"wp","href":"https:\/\/api.w.org\/{rel}","templated":true}]}}