{"id":120564,"date":"2022-02-13T11:30:30","date_gmt":"2022-02-13T11:30:30","guid":{"rendered":"https:\/\/lighthouselocarno.ch\/prodotti\/schwarze-lackleder-ballerinas\/"},"modified":"2022-02-13T11:30:30","modified_gmt":"2022-02-13T11:30:30","slug":"ballerina-schmerz-schwarz","status":"publish","type":"product","link":"https:\/\/lighthouselocarno.ch\/de\/produkt\/ballerina-schmerz-schwarz\/","title":{"rendered":"Schwarze Lackleder Ballerinas"},"content":{"rendered":"<p>Ballerinas aus schwarzem Lackleder, 100% Leder.<br \/>\nSohle aus echtem Leder, 5 mm hoher, tropfenf\u00f6rmiger Absatz. Zusammenklappbar, k\u00f6nnen Sie es immer mit sich f\u00fchren &nbsp;in Ihrer Tasche in der Kupplung mit den Ballettschuhen geliefert.<br \/>\nHandgefertigt, Herkunft Paris, Frankreich.<\/p>\n","protected":false},"excerpt":{"rendered":"<p><strong>Sehr elegante Ballerinas aus schwarzem Lackleder, Innenausstattung aus rotem Lackleder.  <\/strong><br \/>\n100% <strong>echtes Leder, handgefertigt<\/strong>. Tropfenf\u00f6rmiger 5 mm Absatz.<\/p>\n<p><strong>Ballettschuhe<\/strong> sind das <strong>Schuhwerk<\/strong>, das direkt aus Ballettschulen und gro\u00dfen Opernh\u00e4usern kommt: <strong>Ballerina-Schuhe<\/strong> sind bequem, haben eine elegante und schicke Ausstrahlung und verleihen der Silhouette die Anmut einer T\u00e4nzerin. Ihr <strong>klassischer Bon-Ton-Stil<\/strong> passt zu jedem <strong>Outfit<\/strong>. Ballet Flats erf\u00fcllen das Bed\u00fcrfnis nach <strong>Komfort und Stil<\/strong>, zwei wesentliche Vorrechte im Alltag.<\/p>\n","protected":false},"featured_media":99923,"template":"","meta":{"_seopress_robots_primary_cat":"61","_seopress_titles_title":"","_seopress_titles_desc":"","_seopress_robots_index":""},"product_brand":[],"product_cat":[3799,4345,3880,3891],"product_tag":[4532,4836,4428,4430,4098,4411],"class_list":{"0":"post-120564","1":"product","2":"type-product","3":"status-publish","4":"has-post-thumbnail","6":"product_cat-damenmode","7":"product_cat-schuhe","8":"product_cat-schuhe-und-accessoires","9":"product_cat-vertrieb","10":"product_tag-bagllerina-de","11":"product_tag-ballerinas-aus-lackleder","12":"product_tag-schuhe","13":"product_tag-schuhe-de","14":"product_tag-shoppinglocarno-de","15":"product_tag-tanzerinnen-und-tanzer","17":"first","18":"instock","19":"sale","20":"shipping-taxable","21":"purchasable","22":"product-type-variable","23":"has-default-attributes"},"jetpack_sharing_enabled":true,"_links":{"self":[{"href":"https:\/\/lighthouselocarno.ch\/de\/wp-json\/wp\/v2\/product\/120564","targetHints":{"allow":["GET"]}}],"collection":[{"href":"https:\/\/lighthouselocarno.ch\/de\/wp-json\/wp\/v2\/product"}],"about":[{"href":"https:\/\/lighthouselocarno.ch\/de\/wp-json\/wp\/v2\/types\/product"}],"wp:featuredmedia":[{"embeddable":true,"href":"https:\/\/lighthouselocarno.ch\/de\/wp-json\/wp\/v2\/media\/99923"}],"wp:attachment":[{"href":"https:\/\/lighthouselocarno.ch\/de\/wp-json\/wp\/v2\/media?parent=120564"}],"wp:term":[{"taxonomy":"product_brand","embeddable":true,"href":"https:\/\/lighthouselocarno.ch\/de\/wp-json\/wp\/v2\/product_brand?post=120564"},{"taxonomy":"product_cat","embeddable":true,"href":"https:\/\/lighthouselocarno.ch\/de\/wp-json\/wp\/v2\/product_cat?post=120564"},{"taxonomy":"product_tag","embeddable":true,"href":"https:\/\/lighthouselocarno.ch\/de\/wp-json\/wp\/v2\/product_tag?post=120564"}],"curies":[{"name":"wp","href":"https:\/\/api.w.org\/{rel}","templated":true}]}}