{"id":120596,"date":"2020-05-18T15:39:46","date_gmt":"2020-05-18T15:39:46","guid":{"rendered":"https:\/\/lighthouselocarno.ch\/prodotti\/audacieuse-dreieck-chantal-thomass\/"},"modified":"2023-08-24T09:49:48","modified_gmt":"2023-08-24T09:49:48","slug":"bh-2","status":"publish","type":"product","link":"https:\/\/lighthouselocarno.ch\/de\/produkt\/bh-2\/","title":{"rendered":"AUDACIEUSE-Dreieck - Chantal Thomass"},"content":{"rendered":"<p>Triangel-BH, Kollektion AUDACIEUSE - Chantal Thomass.<br \/>\nDoppeltes Gummiband mit weichem T\u00fclleinsatz zwischen den beiden B\u00e4ndern.<br \/>\nWeiche K\u00f6rbchen bilden ein tiefes Dekollet\u00e9, das mit Satinschleifen verziert ist, die auch beide Tr\u00e4ger zieren.<br \/>\n100% Polyester.<br \/>\nFarbe: Wei\u00df.<\/p>\n","protected":false},"excerpt":{"rendered":"<p>Triangel-BH, Kollektion AUDACIEUSE<br \/>\nChantal Thomass.<\/p>\n","protected":false},"featured_media":99629,"template":"","meta":{"_seopress_robots_primary_cat":"","_seopress_titles_title":"","_seopress_titles_desc":"","_seopress_robots_index":""},"product_brand":[],"product_cat":[3799,3789,4814],"product_tag":[4819,4847,4387],"class_list":{"0":"post-120596","1":"product","2":"type-product","3":"status-publish","4":"has-post-thumbnail","6":"product_cat-damenmode","7":"product_cat-kleidung","8":"product_cat-unterwasche","9":"product_tag-chantal-thomass-bh","10":"product_tag-triangel-bh","11":"product_tag-unterwasche","13":"first","14":"instock","15":"shipping-taxable","16":"purchasable","17":"product-type-variable","18":"has-default-attributes"},"jetpack_sharing_enabled":true,"_links":{"self":[{"href":"https:\/\/lighthouselocarno.ch\/de\/wp-json\/wp\/v2\/product\/120596","targetHints":{"allow":["GET"]}}],"collection":[{"href":"https:\/\/lighthouselocarno.ch\/de\/wp-json\/wp\/v2\/product"}],"about":[{"href":"https:\/\/lighthouselocarno.ch\/de\/wp-json\/wp\/v2\/types\/product"}],"wp:featuredmedia":[{"embeddable":true,"href":"https:\/\/lighthouselocarno.ch\/de\/wp-json\/wp\/v2\/media\/99629"}],"wp:attachment":[{"href":"https:\/\/lighthouselocarno.ch\/de\/wp-json\/wp\/v2\/media?parent=120596"}],"wp:term":[{"taxonomy":"product_brand","embeddable":true,"href":"https:\/\/lighthouselocarno.ch\/de\/wp-json\/wp\/v2\/product_brand?post=120596"},{"taxonomy":"product_cat","embeddable":true,"href":"https:\/\/lighthouselocarno.ch\/de\/wp-json\/wp\/v2\/product_cat?post=120596"},{"taxonomy":"product_tag","embeddable":true,"href":"https:\/\/lighthouselocarno.ch\/de\/wp-json\/wp\/v2\/product_tag?post=120596"}],"curies":[{"name":"wp","href":"https:\/\/api.w.org\/{rel}","templated":true}]}}