{"id":120665,"date":"2021-01-13T18:42:04","date_gmt":"2021-01-13T18:42:04","guid":{"rendered":"https:\/\/lighthouselocarno.ch\/prodotti\/herz-tischset\/"},"modified":"2025-01-15T14:17:16","modified_gmt":"2025-01-15T14:17:16","slug":"unterplatte-herz","status":"publish","type":"product","link":"https:\/\/lighthouselocarno.ch\/de\/produkt\/unterplatte-herz\/","title":{"rendered":"Herz-Tischset"},"content":{"rendered":"<p>Handgefertigtes Tischset aus ungebleichtem Leinen.<\/p>\n","protected":false},"excerpt":{"rendered":"<p>Platzteller aus 100% ungebleichtem Leinen in Form eines Herzens, elfenbeinfarben oder naturfarben. Ideal f\u00fcr romantische Mise en place.<\/p>\n<p>Zwei Gr\u00f6\u00dfen: Gro\u00df 35 cm Klein 31 cm <\/p>\n","protected":false},"featured_media":99827,"template":"","meta":{"_seopress_robots_primary_cat":"","_seopress_titles_title":"","_seopress_titles_desc":"","_seopress_robots_index":""},"product_brand":[],"product_cat":[4030,3865,3755,3748],"product_tag":[4855,4856,4857,4854,3824,3868,4474],"class_list":{"0":"post-120665","1":"product","2":"type-product","3":"status-publish","4":"has-post-thumbnail","6":"product_cat-deko","7":"product_cat-kuche","8":"product_cat-tisch-zu-behoer","9":"product_cat-wohnaccessoires","10":"product_tag-herz","11":"product_tag-herz-tischset","12":"product_tag-herz-unterplatte","13":"product_tag-leinenherz","14":"product_tag-linoleum","15":"product_tag-schabig","16":"product_tag-shabbychic-de","18":"first","19":"instock","20":"shipping-taxable","21":"purchasable","22":"product-type-variable","23":"has-default-attributes"},"jetpack_sharing_enabled":true,"_links":{"self":[{"href":"https:\/\/lighthouselocarno.ch\/de\/wp-json\/wp\/v2\/product\/120665","targetHints":{"allow":["GET"]}}],"collection":[{"href":"https:\/\/lighthouselocarno.ch\/de\/wp-json\/wp\/v2\/product"}],"about":[{"href":"https:\/\/lighthouselocarno.ch\/de\/wp-json\/wp\/v2\/types\/product"}],"wp:featuredmedia":[{"embeddable":true,"href":"https:\/\/lighthouselocarno.ch\/de\/wp-json\/wp\/v2\/media\/99827"}],"wp:attachment":[{"href":"https:\/\/lighthouselocarno.ch\/de\/wp-json\/wp\/v2\/media?parent=120665"}],"wp:term":[{"taxonomy":"product_brand","embeddable":true,"href":"https:\/\/lighthouselocarno.ch\/de\/wp-json\/wp\/v2\/product_brand?post=120665"},{"taxonomy":"product_cat","embeddable":true,"href":"https:\/\/lighthouselocarno.ch\/de\/wp-json\/wp\/v2\/product_cat?post=120665"},{"taxonomy":"product_tag","embeddable":true,"href":"https:\/\/lighthouselocarno.ch\/de\/wp-json\/wp\/v2\/product_tag?post=120665"}],"curies":[{"name":"wp","href":"https:\/\/api.w.org\/{rel}","templated":true}]}}