{"id":120674,"date":"2020-01-22T18:05:34","date_gmt":"2020-01-22T18:05:34","guid":{"rendered":"https:\/\/lighthouselocarno.ch\/prodotti\/raffaello-kleiderstaender\/"},"modified":"2023-08-18T07:56:17","modified_gmt":"2023-08-18T07:56:17","slug":"kleiderbugel-raffaello-by-art-pura","status":"publish","type":"product","link":"https:\/\/lighthouselocarno.ch\/de\/produkt\/kleiderbugel-raffaello-by-art-pura\/","title":{"rendered":"Raffaello Kleiderst\u00e4nder"},"content":{"rendered":"<p>Raffaello Kleiderst\u00e4nder von Arte Pura.<br \/>\nSehr sch\u00f6n, praktisch und handlich. Leicht zu bewegen, auch f\u00fcr eine Frau, da er auf 4 R\u00e4dern steht.<br \/>\nZwei Einlegeb\u00f6den, von denen einer als Hutablage dient, und eine sehr stabile Metallstange zum Aufh\u00e4ngen.<br \/>\nMehrschichtiges Tannen- und Pappelholz.<br \/>\nWei\u00dfe, antike Acrylfarbe.<br \/>\nVon Hand zusammengesetzt und bemalt.<br \/>\nNur auf Bestellung.<br \/>\nLieferzeit: ca. 3 Wochen<\/p>\n","protected":false},"excerpt":{"rendered":"<p>Garderobenst\u00e4nder im Shabbychic-Stil, Kollektion Arte Pura.<br \/>\nAusgestattet mit 4 R\u00e4dern, einfach und leicht zu bewegen!<br \/>\nZwei Einlegeb\u00f6den und eine stabile Metallstange zum Aufh\u00e4ngen.<br \/>\nWei\u00dfe, antike Acrylfarbe.<\/p>\n","protected":false},"featured_media":99992,"template":"","meta":{"_seopress_robots_primary_cat":"","_seopress_titles_title":"","_seopress_titles_desc":"","_seopress_robots_index":""},"product_brand":[],"product_cat":[4030,7201,4073,3748],"product_tag":[4867,3807,4869],"class_list":{"0":"post-120674","1":"product","2":"type-product","3":"status-publish","4":"has-post-thumbnail","6":"product_cat-deko","7":"product_cat-kleiderstander","8":"product_cat-mobel","9":"product_cat-wohnaccessoires","10":"product_tag-kleiderstander","11":"product_tag-reine-kunst","12":"product_tag-shabbychic-kleiderstander","14":"first","15":"instock","16":"shipping-taxable","17":"purchasable","18":"product-type-variable"},"jetpack_sharing_enabled":true,"_links":{"self":[{"href":"https:\/\/lighthouselocarno.ch\/de\/wp-json\/wp\/v2\/product\/120674","targetHints":{"allow":["GET"]}}],"collection":[{"href":"https:\/\/lighthouselocarno.ch\/de\/wp-json\/wp\/v2\/product"}],"about":[{"href":"https:\/\/lighthouselocarno.ch\/de\/wp-json\/wp\/v2\/types\/product"}],"wp:featuredmedia":[{"embeddable":true,"href":"https:\/\/lighthouselocarno.ch\/de\/wp-json\/wp\/v2\/media\/99992"}],"wp:attachment":[{"href":"https:\/\/lighthouselocarno.ch\/de\/wp-json\/wp\/v2\/media?parent=120674"}],"wp:term":[{"taxonomy":"product_brand","embeddable":true,"href":"https:\/\/lighthouselocarno.ch\/de\/wp-json\/wp\/v2\/product_brand?post=120674"},{"taxonomy":"product_cat","embeddable":true,"href":"https:\/\/lighthouselocarno.ch\/de\/wp-json\/wp\/v2\/product_cat?post=120674"},{"taxonomy":"product_tag","embeddable":true,"href":"https:\/\/lighthouselocarno.ch\/de\/wp-json\/wp\/v2\/product_tag?post=120674"}],"curies":[{"name":"wp","href":"https:\/\/api.w.org\/{rel}","templated":true}]}}