{"id":120682,"date":"2020-01-31T17:32:47","date_gmt":"2020-01-31T17:32:47","guid":{"rendered":"https:\/\/lighthouselocarno.ch\/prodotti\/leichtes-leinenkleid-mit-langen-aermeln\/"},"modified":"2023-05-12T18:55:06","modified_gmt":"2023-05-12T18:55:06","slug":"kleid-in-leinen-leicht-mit-langen-armeln","status":"publish","type":"product","link":"https:\/\/lighthouselocarno.ch\/de\/produkt\/kleid-in-leinen-leicht-mit-langen-armeln\/","title":{"rendered":"Leichtes Leinenkleid mit langen \u00c4rmeln"},"content":{"rendered":"<p>SCH\u00d6NHEITSTIPPS<\/p>\n<p>WASH<br \/>\nMaschinenwaschbar bei 30-40 Grad.<br \/>\nAlle Kleidungsst\u00fccke von Arte Pura werden von Hand in nat\u00fcrlichen Farben gef\u00e4rbt.<br \/>\nEs ist m\u00f6glich, dass sie bei den ersten W\u00e4schen etwas an Farbe verlieren, was zu einem Vintage-Ton f\u00fchrt, der einzigartig f\u00fcr diese Marke ist.<br \/>\nBeim Waschen von Kleidung mit alten Farben empfehle ich dringend, bei den ersten 3-4 Waschg\u00e4ngen 1 kg Meersalz in die Waschmaschine zu geben, um die Farben gut zu fixieren.<\/p>\n<p>Die zum Abt\u00f6nen verwendeten Pigmente sind alle nat\u00fcrlichen mineralischen Ursprungs.<br \/>\nDie Farben werden in speziellen B\u00e4dern gemischt, in denen die Kleidungsst\u00fccke St\u00fcck f\u00fcr St\u00fcck gef\u00e4rbt werden.<\/p>\n","protected":false},"excerpt":{"rendered":"<p><b>Leichtes Leinenkleid <\/b>- Arte Pura - DANIELA DALLAVALLE.<br \/>\nPraktische Au\u00dfentaschen, Verzierungen mit verschiedenen Anh\u00e4ngern und Swarovski-Kristallen auf der Vorderseite.<br \/>\nDreiviertel-\u00c4rmel.<br \/>\nSehr leicht und frisch. Farbe Wei\u00df.<br \/>\nStoff: 100% Leinen mit Eins\u00e4tzen an den \u00c4rmeln und an den Seiten 100% Viskose.<\/p>\n","protected":false},"featured_media":100016,"template":"","meta":{"_seopress_robots_primary_cat":"","_seopress_titles_title":"","_seopress_titles_desc":"","_seopress_robots_index":""},"product_brand":[],"product_cat":[3799,3795,3789],"product_tag":[3844,4874,4303,4635],"class_list":{"0":"post-120682","1":"product","2":"type-product","3":"status-publish","4":"has-post-thumbnail","6":"product_cat-damenmode","7":"product_cat-kleider","8":"product_cat-kleidung","9":"product_tag-kaftan","10":"product_tag-kaftan-aus-leinen","11":"product_tag-kleid-aus-leinen","12":"product_tag-pure-art-kleid","14":"first","15":"outofstock","16":"shipping-taxable","17":"purchasable","18":"product-type-variable"},"jetpack_sharing_enabled":true,"_links":{"self":[{"href":"https:\/\/lighthouselocarno.ch\/de\/wp-json\/wp\/v2\/product\/120682","targetHints":{"allow":["GET"]}}],"collection":[{"href":"https:\/\/lighthouselocarno.ch\/de\/wp-json\/wp\/v2\/product"}],"about":[{"href":"https:\/\/lighthouselocarno.ch\/de\/wp-json\/wp\/v2\/types\/product"}],"wp:featuredmedia":[{"embeddable":true,"href":"https:\/\/lighthouselocarno.ch\/de\/wp-json\/wp\/v2\/media\/100016"}],"wp:attachment":[{"href":"https:\/\/lighthouselocarno.ch\/de\/wp-json\/wp\/v2\/media?parent=120682"}],"wp:term":[{"taxonomy":"product_brand","embeddable":true,"href":"https:\/\/lighthouselocarno.ch\/de\/wp-json\/wp\/v2\/product_brand?post=120682"},{"taxonomy":"product_cat","embeddable":true,"href":"https:\/\/lighthouselocarno.ch\/de\/wp-json\/wp\/v2\/product_cat?post=120682"},{"taxonomy":"product_tag","embeddable":true,"href":"https:\/\/lighthouselocarno.ch\/de\/wp-json\/wp\/v2\/product_tag?post=120682"}],"curies":[{"name":"wp","href":"https:\/\/api.w.org\/{rel}","templated":true}]}}