{"id":120731,"date":"2020-02-08T17:43:02","date_gmt":"2020-02-08T17:43:02","guid":{"rendered":"https:\/\/lighthouselocarno.ch\/prodotti\/marco-polo-badmoebel\/"},"modified":"2023-08-18T07:56:22","modified_gmt":"2023-08-18T07:56:22","slug":"mobel-bad-marco-polo-art-pura","status":"publish","type":"product","link":"https:\/\/lighthouselocarno.ch\/de\/produkt\/mobel-bad-marco-polo-art-pura\/","title":{"rendered":"Marco Polo Badm\u00f6bel"},"content":{"rendered":"<p>Aus der Kollektion Dress Your Space - Pure Art -<br \/>\nBadezimmerschrank, Unterschrank und Spritzschutz, mit verstellbarem Spiegel. Ausgestattet mit vier R\u00e4dern.<br \/>\nElement wird montiert geliefert. Die Wartezeit betr\u00e4gt etwa drei Wochen.<br \/>\nVollst\u00e4ndig von Hand ausgef\u00fchrt und bemalt, mit wei\u00dfem Lack antikisiert.<br \/>\nMaterial: Pappelholz.<br \/>\nSockel: F\u00fcnf Schubladen mit schmuckvollen Metallkn\u00f6pfen zur Aufbewahrung Ihrer Badtextilien. Linke Seite Handtuchhalter aus Holz.<br \/>\nAufsatz: Drei Einlegeb\u00f6den, zwei kleine Schubladen, ebenfalls mit Schmuckkn\u00f6pfen verziert.<br \/>\nAuf jeder Seite befinden sich zwei Morgenmantelhaken, links ein Legohaken, rechts ein Metallhaken, der auf einem kleinen eingelegten Rahmen montiert ist.<br \/>\nAbmessungen: 63x40x197 Gewicht: 36 kg<\/p>\n","protected":false},"excerpt":{"rendered":"<p>Romantischer Badezimmerschrank, wie ihn nur Arte Pura schaffen kann.<br \/>\nZwei Elemente, Schubladen, Liegespiegel.<br \/>\nAufh\u00e4nger an den Seiten.<\/p>\n","protected":false},"featured_media":100055,"template":"","meta":{"_seopress_robots_primary_cat":"","_seopress_titles_title":"","_seopress_titles_desc":"","_seopress_robots_index":""},"product_brand":[],"product_cat":[4073,3748],"product_tag":[4890,3807,4891],"class_list":{"0":"post-120731","1":"product","2":"type-product","3":"status-publish","4":"has-post-thumbnail","6":"product_cat-mobel","7":"product_cat-wohnaccessoires","8":"product_tag-mobel-fur-das-badezimmer","9":"product_tag-reine-kunst","10":"product_tag-shabby-badezimmermobel","12":"first","13":"instock","14":"shipping-taxable","15":"purchasable","16":"product-type-simple"},"jetpack_sharing_enabled":true,"_links":{"self":[{"href":"https:\/\/lighthouselocarno.ch\/de\/wp-json\/wp\/v2\/product\/120731","targetHints":{"allow":["GET"]}}],"collection":[{"href":"https:\/\/lighthouselocarno.ch\/de\/wp-json\/wp\/v2\/product"}],"about":[{"href":"https:\/\/lighthouselocarno.ch\/de\/wp-json\/wp\/v2\/types\/product"}],"wp:featuredmedia":[{"embeddable":true,"href":"https:\/\/lighthouselocarno.ch\/de\/wp-json\/wp\/v2\/media\/100055"}],"wp:attachment":[{"href":"https:\/\/lighthouselocarno.ch\/de\/wp-json\/wp\/v2\/media?parent=120731"}],"wp:term":[{"taxonomy":"product_brand","embeddable":true,"href":"https:\/\/lighthouselocarno.ch\/de\/wp-json\/wp\/v2\/product_brand?post=120731"},{"taxonomy":"product_cat","embeddable":true,"href":"https:\/\/lighthouselocarno.ch\/de\/wp-json\/wp\/v2\/product_cat?post=120731"},{"taxonomy":"product_tag","embeddable":true,"href":"https:\/\/lighthouselocarno.ch\/de\/wp-json\/wp\/v2\/product_tag?post=120731"}],"curies":[{"name":"wp","href":"https:\/\/api.w.org\/{rel}","templated":true}]}}