{"id":120736,"date":"2021-02-13T16:05:35","date_gmt":"2021-02-13T16:05:35","guid":{"rendered":"https:\/\/lighthouselocarno.ch\/prodotti\/herz-buerste\/"},"modified":"2021-02-13T16:05:35","modified_gmt":"2021-02-13T16:05:35","slug":"burstenherzen","status":"publish","type":"product","link":"https:\/\/lighthouselocarno.ch\/de\/produkt\/burstenherzen\/","title":{"rendered":"Herz-B\u00fcrste"},"content":{"rendered":"<p>Herzf\u00f6rmige Nagelb\u00fcrste aus Holz und Naturborsten.<\/p>\n","protected":false},"excerpt":{"rendered":"<p>Romantische Handnagelhygieneb\u00fcrste.<br \/>\nHolz und Naturborsten.<br \/>\nAbmessungen 5x5x0,5cm<\/p>\n","protected":false},"featured_media":101585,"template":"","meta":{"_seopress_robots_primary_cat":"","_seopress_titles_title":"","_seopress_titles_desc":"","_seopress_robots_index":""},"product_brand":[],"product_cat":[3916,4030,3748],"product_tag":[4892,4895],"class_list":{"0":"post-120736","1":"product","2":"type-product","3":"status-publish","4":"has-post-thumbnail","6":"product_cat-badezimmer","7":"product_cat-deko","8":"product_cat-wohnaccessoires","9":"product_tag-herz-burste","10":"product_tag-nagelburste","12":"first","13":"onbackorder","14":"shipping-taxable","15":"purchasable","16":"product-type-simple"},"jetpack_sharing_enabled":true,"_links":{"self":[{"href":"https:\/\/lighthouselocarno.ch\/de\/wp-json\/wp\/v2\/product\/120736","targetHints":{"allow":["GET"]}}],"collection":[{"href":"https:\/\/lighthouselocarno.ch\/de\/wp-json\/wp\/v2\/product"}],"about":[{"href":"https:\/\/lighthouselocarno.ch\/de\/wp-json\/wp\/v2\/types\/product"}],"wp:featuredmedia":[{"embeddable":true,"href":"https:\/\/lighthouselocarno.ch\/de\/wp-json\/wp\/v2\/media\/101585"}],"wp:attachment":[{"href":"https:\/\/lighthouselocarno.ch\/de\/wp-json\/wp\/v2\/media?parent=120736"}],"wp:term":[{"taxonomy":"product_brand","embeddable":true,"href":"https:\/\/lighthouselocarno.ch\/de\/wp-json\/wp\/v2\/product_brand?post=120736"},{"taxonomy":"product_cat","embeddable":true,"href":"https:\/\/lighthouselocarno.ch\/de\/wp-json\/wp\/v2\/product_cat?post=120736"},{"taxonomy":"product_tag","embeddable":true,"href":"https:\/\/lighthouselocarno.ch\/de\/wp-json\/wp\/v2\/product_tag?post=120736"}],"curies":[{"name":"wp","href":"https:\/\/api.w.org\/{rel}","templated":true}]}}