{"id":120931,"date":"2021-02-15T12:13:29","date_gmt":"2021-02-15T12:13:29","guid":{"rendered":"https:\/\/lighthouselocarno.ch\/prodotti\/natuerliche-olivenoelseife\/"},"modified":"2025-01-15T11:21:22","modified_gmt":"2025-01-15T11:21:22","slug":"seife-bio-ol-ol-ol","status":"publish","type":"product","link":"https:\/\/lighthouselocarno.ch\/de\/produkt\/seife-bio-ol-ol-ol\/","title":{"rendered":"Nat\u00fcrliche Oliven\u00f6lseife"},"content":{"rendered":"","protected":false},"excerpt":{"rendered":"<p>Bio-Schafsmilchseife angereichert mit Oliven\u00f6l f\u00fcr eine noch sch\u00f6nere und gepflegtere Haut.<br \/>  Ausgezeichnete Qualit\u00e4t, liporeplenierend, ideal f\u00fcr die morgendliche Entschlackung von Gesicht und K\u00f6rper.<br \/>  Zarter Oliven\u00f6l-Duft.<br \/>  Jedes St\u00fcck Seife ist einzeln verpackt und mit einer zarten kleinen Rose verziert, wie auf dem Bild zu sehen.<br \/>  Gewicht 100 Gramm<\/p>\n","protected":false},"featured_media":101603,"template":"","meta":{"_seopress_robots_primary_cat":"","_seopress_titles_title":"","_seopress_titles_desc":"","_seopress_robots_index":""},"product_brand":[],"product_cat":[3916,4030,3748],"product_tag":[4766,4918,4714,4765],"class_list":{"0":"post-120931","1":"product","2":"type-product","3":"status-publish","4":"has-post-thumbnail","6":"product_cat-badezimmer","7":"product_cat-deko","8":"product_cat-wohnaccessoires","9":"product_tag-bio-seife-de","10":"product_tag-olivenolseife","11":"product_tag-schafmilchseife","12":"product_tag-seife","14":"first","15":"onbackorder","16":"shipping-taxable","17":"purchasable","18":"product-type-simple"},"jetpack_sharing_enabled":true,"_links":{"self":[{"href":"https:\/\/lighthouselocarno.ch\/de\/wp-json\/wp\/v2\/product\/120931","targetHints":{"allow":["GET"]}}],"collection":[{"href":"https:\/\/lighthouselocarno.ch\/de\/wp-json\/wp\/v2\/product"}],"about":[{"href":"https:\/\/lighthouselocarno.ch\/de\/wp-json\/wp\/v2\/types\/product"}],"wp:featuredmedia":[{"embeddable":true,"href":"https:\/\/lighthouselocarno.ch\/de\/wp-json\/wp\/v2\/media\/101603"}],"wp:attachment":[{"href":"https:\/\/lighthouselocarno.ch\/de\/wp-json\/wp\/v2\/media?parent=120931"}],"wp:term":[{"taxonomy":"product_brand","embeddable":true,"href":"https:\/\/lighthouselocarno.ch\/de\/wp-json\/wp\/v2\/product_brand?post=120931"},{"taxonomy":"product_cat","embeddable":true,"href":"https:\/\/lighthouselocarno.ch\/de\/wp-json\/wp\/v2\/product_cat?post=120931"},{"taxonomy":"product_tag","embeddable":true,"href":"https:\/\/lighthouselocarno.ch\/de\/wp-json\/wp\/v2\/product_tag?post=120931"}],"curies":[{"name":"wp","href":"https:\/\/api.w.org\/{rel}","templated":true}]}}