{"id":121085,"date":"2021-07-30T17:08:00","date_gmt":"2021-07-30T17:08:00","guid":{"rendered":"https:\/\/lighthouselocarno.ch\/prodotti\/schwere-leinenservietten-40x40-6-stueck\/"},"modified":"2023-05-15T09:24:39","modified_gmt":"2023-05-15T09:24:39","slug":"servietten-in-wolle-gewicht-40x40-6-stucke-kunst-rein","status":"publish","type":"product","link":"https:\/\/lighthouselocarno.ch\/de\/produkt\/servietten-in-wolle-gewicht-40x40-6-stucke-kunst-rein\/","title":{"rendered":"Schwere Leinenservietten 40&#215;40 (6 St\u00fcck)"},"content":{"rendered":"","protected":false},"excerpt":{"rendered":"<p>Stoffservietten aus reinem, schwerem italienischen Leinen von ARTE PURA.<\/p>\n<p>Set mit 6 Servietten, 40&#215;40 cm, zur Vervollst\u00e4ndigung des Shabby Chic Tisches und passend zur sch\u00f6nen Tischdecke aus Leinen und Agoya-Kn\u00f6pfen.<\/p>\n<p>Erh\u00e4ltlich im Shop in den Farben Veronica Old und Retro.<\/p>\n<p>Auf Bestellung in 4-6 Wochen in allen anderen Farben erh\u00e4ltlich<\/p>\n<p>WASH<br \/>\nMaschinenwaschbar bei 30-40 Grad.<br \/>\nAlle Kleidungsst\u00fccke von Arte Pura werden von Hand in nat\u00fcrlichen Farben gef\u00e4rbt.<br \/>\nEs ist m\u00f6glich, dass sie bei den ersten W\u00e4schen etwas an Farbe verlieren, was ihnen einen f\u00fcr diese Marke typischen Vintage-Ton verleiht.<br \/>\nBeim Waschen von Kleidung mit alten Farben empfehle ich dringend, bei den ersten 3-4 Waschg\u00e4ngen 1 kg Meersalz in die Waschmaschine zu geben, um die Farben gut zu fixieren.<\/p>\n<p>Die zum Abt\u00f6nen verwendeten Pigmente sind alle nat\u00fcrlichen mineralischen Ursprungs.<br \/>\nDie Farben werden in speziellen B\u00e4dern gemischt, in denen die Kleidungsst\u00fccke St\u00fcck f\u00fcr St\u00fcck gef\u00e4rbt werden.<\/p>\n","protected":false},"featured_media":102134,"template":"","meta":{"_seopress_robots_primary_cat":"","_seopress_titles_title":"","_seopress_titles_desc":"","_seopress_robots_index":""},"product_brand":[],"product_cat":[5718,3755,3748],"product_tag":[4924],"class_list":{"0":"post-121085","1":"product","2":"type-product","3":"status-publish","4":"has-post-thumbnail","6":"product_cat-servietten-und-ringe","7":"product_cat-tisch-zu-behoer","8":"product_cat-wohnaccessoires","9":"product_tag-servietten","11":"first","12":"instock","13":"shipping-taxable","14":"purchasable","15":"product-type-variable","16":"has-default-attributes"},"jetpack_sharing_enabled":true,"_links":{"self":[{"href":"https:\/\/lighthouselocarno.ch\/de\/wp-json\/wp\/v2\/product\/121085","targetHints":{"allow":["GET"]}}],"collection":[{"href":"https:\/\/lighthouselocarno.ch\/de\/wp-json\/wp\/v2\/product"}],"about":[{"href":"https:\/\/lighthouselocarno.ch\/de\/wp-json\/wp\/v2\/types\/product"}],"wp:featuredmedia":[{"embeddable":true,"href":"https:\/\/lighthouselocarno.ch\/de\/wp-json\/wp\/v2\/media\/102134"}],"wp:attachment":[{"href":"https:\/\/lighthouselocarno.ch\/de\/wp-json\/wp\/v2\/media?parent=121085"}],"wp:term":[{"taxonomy":"product_brand","embeddable":true,"href":"https:\/\/lighthouselocarno.ch\/de\/wp-json\/wp\/v2\/product_brand?post=121085"},{"taxonomy":"product_cat","embeddable":true,"href":"https:\/\/lighthouselocarno.ch\/de\/wp-json\/wp\/v2\/product_cat?post=121085"},{"taxonomy":"product_tag","embeddable":true,"href":"https:\/\/lighthouselocarno.ch\/de\/wp-json\/wp\/v2\/product_tag?post=121085"}],"curies":[{"name":"wp","href":"https:\/\/api.w.org\/{rel}","templated":true}]}}