{"id":121118,"date":"2021-07-08T21:39:11","date_gmt":"2021-07-08T21:39:11","guid":{"rendered":"https:\/\/lighthouselocarno.ch\/prodotti\/tischset-armonia-aus-leinen-und-spitze-40x40-cm\/"},"modified":"2023-09-02T10:08:12","modified_gmt":"2023-09-02T10:08:12","slug":"tischset-amerikanisches-leinen-und-spitze","status":"publish","type":"product","link":"https:\/\/lighthouselocarno.ch\/de\/produkt\/tischset-amerikanisches-leinen-und-spitze\/","title":{"rendered":"Tischset Armonia aus Leinen und Spitze 40&#215;40 cm"},"content":{"rendered":"","protected":false},"excerpt":{"rendered":"<p>Tischset aus Leinen und Spitze Armonia di Arte pura von Daniela Dallavalle.<\/p>\n<p>Sch\u00f6ne Tischsets, um den Tag gleich beim Fr\u00fchst\u00fcck zu beginnen. 100% reines italienisches Leinen, Made in Italy.<\/p>\n<p>Alle Serviettensets und Serviettenb\u00e4nder aus der gesamten Geschirrserie Arte Pura von Daniela Dallavalle sollten mit den Tischsets kombiniert werden.<\/p>\n<p>Die Tischsets haben eine Gr\u00f6\u00dfe von 40&#215;40 und sind in allen Farben erh\u00e4ltlich. Wei\u00df etwa 10 Tage, die anderen Farben 4-6 Wochen.<\/p>\n<p>Maschinenw\u00e4sche, Schonwaschgang bei 30 Grad, sanftes Schleudern.<\/p>\n<p>F\u00fcr die ersten W\u00e4schen in alten Farben empfehle ich, 4-5 Essl\u00f6ffel grobes Meersalz hinzuzuf\u00fcgen, um die Farben zu fixieren, die sehr nat\u00fcrlich sind!<\/p>\n<p>Bitte beachten Sie, dass es sich um ein hochwertiges, handgef\u00e4rbtes Produkt handelt. Wenn Sie mehrere Kleidungsst\u00fccke der gleichen Farbe gekauft haben, empfehle ich Ihnen, sie immer zusammen zu waschen, damit die Farbe der einzelnen Leinenst\u00fccke einheitlich bleibt.<\/p>\n","protected":false},"featured_media":102107,"template":"","meta":{"_seopress_robots_primary_cat":"none","_seopress_titles_title":"","_seopress_titles_desc":"","_seopress_robots_index":""},"product_brand":[],"product_cat":[3755,5850,3748],"product_tag":[3884,3886],"class_list":{"0":"post-121118","1":"product","2":"type-product","3":"status-publish","4":"has-post-thumbnail","6":"product_cat-tisch-zu-behoer","7":"product_cat-tischsets","8":"product_cat-wohnaccessoires","9":"product_tag-platzdeckchen","10":"product_tag-platzdeckchen-de","12":"first","13":"instock","14":"shipping-taxable","15":"purchasable","16":"product-type-variable"},"jetpack_sharing_enabled":true,"_links":{"self":[{"href":"https:\/\/lighthouselocarno.ch\/de\/wp-json\/wp\/v2\/product\/121118","targetHints":{"allow":["GET"]}}],"collection":[{"href":"https:\/\/lighthouselocarno.ch\/de\/wp-json\/wp\/v2\/product"}],"about":[{"href":"https:\/\/lighthouselocarno.ch\/de\/wp-json\/wp\/v2\/types\/product"}],"wp:featuredmedia":[{"embeddable":true,"href":"https:\/\/lighthouselocarno.ch\/de\/wp-json\/wp\/v2\/media\/102107"}],"wp:attachment":[{"href":"https:\/\/lighthouselocarno.ch\/de\/wp-json\/wp\/v2\/media?parent=121118"}],"wp:term":[{"taxonomy":"product_brand","embeddable":true,"href":"https:\/\/lighthouselocarno.ch\/de\/wp-json\/wp\/v2\/product_brand?post=121118"},{"taxonomy":"product_cat","embeddable":true,"href":"https:\/\/lighthouselocarno.ch\/de\/wp-json\/wp\/v2\/product_cat?post=121118"},{"taxonomy":"product_tag","embeddable":true,"href":"https:\/\/lighthouselocarno.ch\/de\/wp-json\/wp\/v2\/product_tag?post=121118"}],"curies":[{"name":"wp","href":"https:\/\/api.w.org\/{rel}","templated":true}]}}