{"id":121334,"date":"2021-07-30T18:11:51","date_gmt":"2021-07-30T18:11:51","guid":{"rendered":"https:\/\/lighthouselocarno.ch\/prodotti\/badteppich-armonia-spitze\/"},"modified":"2023-05-17T14:26:44","modified_gmt":"2023-05-17T14:26:44","slug":"bad-in-luft-harmonie-kunst-reinteppich","status":"publish","type":"product","link":"https:\/\/lighthouselocarno.ch\/de\/produkt\/bad-in-luft-harmonie-kunst-reinteppich\/","title":{"rendered":"Badteppich Armonia Spitze"},"content":{"rendered":"","protected":false},"excerpt":{"rendered":"<p>Badematte Armonia aus Frottee und Spitze aus der Linie Arte Pura von Daniela Dallavalle.<\/p>\n<p>Es passt perfekt zu den Gesichts- und G\u00e4stet\u00fcchern und ist in allen Farben von Arte Pura erh\u00e4ltlich.<\/p>\n<p>Erh\u00e4ltlich in zwei Gr\u00f6\u00dfen: ein kleineres Modell f\u00fcr die Dusche (45&#215;60) und ein gr\u00f6\u00dferes (60&#215;90), das zum Waschbecken oder zur Badewanne passt.<\/p>\n<p>Im Shop finden Sie den Badteppich in den Farben Retro und Veronica.<\/p>\n<p>Auf Bestellung in 4-6 Wochen in allen anderen Farben erh\u00e4ltlich<\/p>\n<p>WASH<br \/>\nMaschinenwaschbar bei 30-40 Grad.<br \/>\nAlle Kleidungsst\u00fccke von Arte Pura werden von Hand in nat\u00fcrlichen Farben gef\u00e4rbt.<br \/>\nEs ist m\u00f6glich, dass sie bei den ersten W\u00e4schen etwas an Farbe verlieren, was zu einem Vintage-Ton f\u00fchrt, der einzigartig f\u00fcr diese Marke ist.<br \/>\nBeim Waschen von Kleidung mit alten Farben empfehle ich dringend, bei den ersten 3-4 Waschg\u00e4ngen 1 kg Meersalz in die Waschmaschine zu geben, um die Farben gut zu fixieren.<\/p>\n<p>Die zum Abt\u00f6nen verwendeten Pigmente sind alle nat\u00fcrlichen mineralischen Ursprungs.<br \/>\nDie Farben werden in speziellen B\u00e4dern gemischt, in denen die Kleidungsst\u00fccke St\u00fcck f\u00fcr St\u00fcck gef\u00e4rbt werden.<\/p>\n","protected":false},"featured_media":102185,"template":"","meta":{"_seopress_robots_primary_cat":"","_seopress_titles_title":"","_seopress_titles_desc":"","_seopress_robots_index":""},"product_brand":[],"product_cat":[3916],"product_tag":[4937],"class_list":{"0":"post-121334","1":"product","2":"type-product","3":"status-publish","4":"has-post-thumbnail","6":"product_cat-badezimmer","7":"product_tag-teppich-im-badezimmer","8":"pa_colore-alter-gedanke-441","9":"pa_colore-alter-lehm-048","10":"pa_colore-bonbon-alt-429","11":"pa_colore-butter-alt-047","12":"pa_colore-convivio-438-de","13":"pa_colore-engel-alt-401","14":"pa_colore-ereignis-alt-436","15":"pa_colore-essenza-alt-409","16":"pa_colore-fee-alt-405","17":"pa_colore-granit-alt-427","18":"pa_colore-hauch-alt-415","19":"pa_colore-kreide-alt-044","20":"pa_colore-lava-alt-037","21":"pa_colore-lebenslauf-alt-433","22":"pa_colore-liebenswerte-alte-437","23":"pa_colore-luxus-alt-432","24":"pa_colore-malta-alt-414","25":"pa_colore-mineralien-alt-410","26":"pa_colore-ostsee-alt-428","27":"pa_colore-pfingstrose-alt-417","28":"pa_colore-puder-alt-043","29":"pa_colore-retro-900-de","30":"pa_colore-roma-alt-435","31":"pa_colore-schwarz-021","32":"pa_colore-see-old-440","33":"pa_colore-stein-alt-425","34":"pa_colore-suser-alter-434","35":"pa_colore-veronika-alt-416","36":"pa_colore-weis-019","38":"first","39":"onbackorder","40":"shipping-taxable","41":"purchasable","42":"product-type-variable","43":"has-default-attributes"},"jetpack_sharing_enabled":true,"_links":{"self":[{"href":"https:\/\/lighthouselocarno.ch\/de\/wp-json\/wp\/v2\/product\/121334","targetHints":{"allow":["GET"]}}],"collection":[{"href":"https:\/\/lighthouselocarno.ch\/de\/wp-json\/wp\/v2\/product"}],"about":[{"href":"https:\/\/lighthouselocarno.ch\/de\/wp-json\/wp\/v2\/types\/product"}],"wp:featuredmedia":[{"embeddable":true,"href":"https:\/\/lighthouselocarno.ch\/de\/wp-json\/wp\/v2\/media\/102185"}],"wp:attachment":[{"href":"https:\/\/lighthouselocarno.ch\/de\/wp-json\/wp\/v2\/media?parent=121334"}],"wp:term":[{"taxonomy":"product_brand","embeddable":true,"href":"https:\/\/lighthouselocarno.ch\/de\/wp-json\/wp\/v2\/product_brand?post=121334"},{"taxonomy":"product_cat","embeddable":true,"href":"https:\/\/lighthouselocarno.ch\/de\/wp-json\/wp\/v2\/product_cat?post=121334"},{"taxonomy":"product_tag","embeddable":true,"href":"https:\/\/lighthouselocarno.ch\/de\/wp-json\/wp\/v2\/product_tag?post=121334"}],"curies":[{"name":"wp","href":"https:\/\/api.w.org\/{rel}","templated":true}]}}