{"id":121467,"date":"2021-09-04T19:12:27","date_gmt":"2021-09-04T19:12:27","guid":{"rendered":"https:\/\/lighthouselocarno.ch\/prodotti\/verstellbarer-frottee-badesarong-mit-perlmuttknoepfen\/"},"modified":"2023-09-12T07:47:58","modified_gmt":"2023-09-12T07:47:58","slug":"pareo-in-schwamm-kunst-pur","status":"publish","type":"product","link":"https:\/\/lighthouselocarno.ch\/de\/produkt\/pareo-in-schwamm-kunst-pur\/","title":{"rendered":"Verstellbarer Frottee-Badesarong mit Perlmuttkn\u00f6pfen"},"content":{"rendered":"<p>Produktpflege:<\/p>\n<p>Maschinenwaschbar bei 30-40 Grad mit milder Seife. Keinen Weichsp\u00fcler hinzuf\u00fcgen. Nicht bleichen.<br \/>\nAlle Kleidungsst\u00fccke von Arte Pura sind mit nat\u00fcrlichen Mineralpigmenten handgef\u00e4rbt.<br \/>\nEs ist m\u00f6glich, dass sie bei den ersten W\u00e4schen etwas an Farbe verlieren, was zu einem Vintage-Ton f\u00fchrt, der einzigartig f\u00fcr diese Marke ist.<br \/>\nBeim Waschen von Kleidung mit alten Farben empfehle ich dringend, bei den ersten 3-4 Waschg\u00e4ngen 1 kg Meersalz in die Waschmaschine zu geben, um die Farben gut zu fixieren.<\/p>\n<p>Stoff:100% Baumwolle.<\/p>\n","protected":false},"excerpt":{"rendered":"<p>Pareo-Handtuch aus Frottee von Arte Pura, verschlie\u00dfbar mit Agoya-Knopf.<br \/>\nPerfekt f\u00fcr das Badezimmer, aber auch f\u00fcr das Spa oder den Swimmingpool.<\/p>\n<p>Einheitsgr\u00f6\u00dfe, mit Kn\u00f6pfen verstellbar.<\/p>\n<p>Auf Bestellung in 6-8 Wochen in allen anderen Farben erh\u00e4ltlich<\/p>\n<p>WASH<br \/>\nMaschinenwaschbar bei 30-40 Grad.<br \/>\nAlle Kleidungsst\u00fccke von Arte Pura sind in nat\u00fcrlichen Farben handgef\u00e4rbt.<br \/>\nEs ist m\u00f6glich, dass sie bei den ersten W\u00e4schen etwas an Farbe verlieren, was zu einem Vintage-Ton f\u00fchrt, der einzigartig f\u00fcr diese Marke ist.<br \/>\nBeim Waschen von Kleidung mit alten Farben empfehle ich dringend, bei den ersten 3-4 Waschg\u00e4ngen 1 kg Meersalz in die Waschmaschine zu geben, um die Farben gut zu fixieren.<\/p>\n<p>Die zum Abt\u00f6nen verwendeten Pigmente sind alle nat\u00fcrlichen mineralischen Ursprungs.<br \/>\nDie Farben werden in speziellen B\u00e4dern gemischt, in denen die Kleidungsst\u00fccke St\u00fcck f\u00fcr St\u00fcck gef\u00e4rbt werden.<\/p>\n","protected":false},"featured_media":102212,"template":"","meta":{"_seopress_robots_primary_cat":"none","_seopress_titles_title":"","_seopress_titles_desc":"","_seopress_robots_index":""},"product_brand":[],"product_cat":[5946,3916,3748],"product_tag":[4974],"class_list":{"0":"post-121467","1":"product","2":"type-product","3":"status-publish","4":"has-post-thumbnail","6":"product_cat-bademantel-de","7":"product_cat-badezimmer","8":"product_cat-wohnaccessoires","9":"product_tag-pareo-de","10":"pa_colore-alter-gedanke-441","11":"pa_colore-alter-lehm-048","12":"pa_colore-bonbon-alt-429","13":"pa_colore-butter-alt-047","14":"pa_colore-convivio-438-de","15":"pa_colore-engel-alt-401","16":"pa_colore-ereignis-alt-436","17":"pa_colore-essenza-alt-409","18":"pa_colore-fee-alt-405","19":"pa_colore-granit-alt-427","20":"pa_colore-hauch-alt-415","21":"pa_colore-kreide-alt-044","22":"pa_colore-lava-alt-037","23":"pa_colore-lebenslauf-alt-433","24":"pa_colore-liebenswerte-alte-437","25":"pa_colore-luxus-alt-432","26":"pa_colore-malta-alt-414","27":"pa_colore-mineralien-alt-410","28":"pa_colore-ostsee-alt-428","29":"pa_colore-pfingstrose-alt-417","30":"pa_colore-puder-alt-043","31":"pa_colore-retro-900-de","32":"pa_colore-roma-alt-435","33":"pa_colore-schwarz-021","34":"pa_colore-see-old-440","35":"pa_colore-stein-alt-425","36":"pa_colore-suser-alter-434","37":"pa_colore-weis-019","39":"first","40":"instock","41":"shipping-taxable","42":"purchasable","43":"product-type-variable"},"jetpack_sharing_enabled":true,"_links":{"self":[{"href":"https:\/\/lighthouselocarno.ch\/de\/wp-json\/wp\/v2\/product\/121467","targetHints":{"allow":["GET"]}}],"collection":[{"href":"https:\/\/lighthouselocarno.ch\/de\/wp-json\/wp\/v2\/product"}],"about":[{"href":"https:\/\/lighthouselocarno.ch\/de\/wp-json\/wp\/v2\/types\/product"}],"wp:featuredmedia":[{"embeddable":true,"href":"https:\/\/lighthouselocarno.ch\/de\/wp-json\/wp\/v2\/media\/102212"}],"wp:attachment":[{"href":"https:\/\/lighthouselocarno.ch\/de\/wp-json\/wp\/v2\/media?parent=121467"}],"wp:term":[{"taxonomy":"product_brand","embeddable":true,"href":"https:\/\/lighthouselocarno.ch\/de\/wp-json\/wp\/v2\/product_brand?post=121467"},{"taxonomy":"product_cat","embeddable":true,"href":"https:\/\/lighthouselocarno.ch\/de\/wp-json\/wp\/v2\/product_cat?post=121467"},{"taxonomy":"product_tag","embeddable":true,"href":"https:\/\/lighthouselocarno.ch\/de\/wp-json\/wp\/v2\/product_tag?post=121467"}],"curies":[{"name":"wp","href":"https:\/\/api.w.org\/{rel}","templated":true}]}}