{"id":121472,"date":"2021-09-08T13:34:42","date_gmt":"2021-09-08T13:34:42","guid":{"rendered":"https:\/\/lighthouselocarno.ch\/prodotti\/laeufer-aus-spitze-mit-knoepfen\/"},"modified":"2023-08-30T14:26:55","modified_gmt":"2023-08-30T14:26:55","slug":"platzlaufer-mit-knopfen","status":"publish","type":"product","link":"https:\/\/lighthouselocarno.ch\/de\/produkt\/platzlaufer-mit-knopfen\/","title":{"rendered":"L\u00e4ufer aus Spitze mit Kn\u00f6pfen"},"content":{"rendered":"","protected":false},"excerpt":{"rendered":"<p>Spitzen- und Knopfl\u00e4ufer mit Schlaufen, um mehrere Leinentischdecken zu verbinden und eine gr\u00f6\u00dfere Fl\u00e4che Ihres Tisches zu bedecken.<\/p>\n<p>Dieser L\u00e4ufer passt gut zur Arte Pura Leinen-Tischdecke, ebenfalls mit Knopfl\u00f6chern und Kn\u00f6pfen, um lange Tische zu decken.<\/p>\n<p>Erh\u00e4ltlich im Shop in Veronica Old.<\/p>\n<p>Auf Bestellung in 4-6 Wochen in allen anderen Farben erh\u00e4ltlich.<\/p>\n<p>WASH<br \/>\nMaschinenwaschbar bei 30-40 Grad.<br \/>\nAlle Kleidungsst\u00fccke von Arte Pura sind in nat\u00fcrlichen Farben handgef\u00e4rbt.<br \/>\nEs ist m\u00f6glich, dass sie bei den ersten W\u00e4schen etwas an Farbe verlieren und dadurch einen Vintage-Ton erhalten, der f\u00fcr diese Marke typisch und einzigartig ist.<br \/>\nBeim Waschen von Kleidung mit alten Farben empfehle ich dringend, bei den ersten 3-4 Waschg\u00e4ngen 1 kg Meersalz in die Waschmaschine zu geben, um die Farben gut zu fixieren.<\/p>\n<div>Die zum Abt\u00f6nen verwendeten Pigmente sind alle nat\u00fcrlichen mineralischen Ursprungs.<\/div>\n<div>Die Farben werden in speziellen B\u00e4dern gemischt, in denen die Kleidungsst\u00fccke St\u00fcck f\u00fcr St\u00fcck gef\u00e4rbt werden.<\/div>\n","protected":false},"featured_media":102284,"template":"","meta":{"_seopress_robots_primary_cat":"181","_seopress_titles_title":"","_seopress_titles_desc":"","_seopress_robots_index":""},"product_brand":[],"product_cat":[3755,6288,3748],"product_tag":[3770,4632],"class_list":{"0":"post-121472","1":"product","2":"type-product","3":"status-publish","4":"has-post-thumbnail","6":"product_cat-tisch-zu-behoer","7":"product_cat-tischlaufer","8":"product_cat-wohnaccessoires","9":"product_tag-laufer","10":"product_tag-tischlaufer","12":"first","13":"instock","14":"shipping-taxable","15":"product-type-variable"},"jetpack_sharing_enabled":true,"_links":{"self":[{"href":"https:\/\/lighthouselocarno.ch\/de\/wp-json\/wp\/v2\/product\/121472","targetHints":{"allow":["GET"]}}],"collection":[{"href":"https:\/\/lighthouselocarno.ch\/de\/wp-json\/wp\/v2\/product"}],"about":[{"href":"https:\/\/lighthouselocarno.ch\/de\/wp-json\/wp\/v2\/types\/product"}],"wp:featuredmedia":[{"embeddable":true,"href":"https:\/\/lighthouselocarno.ch\/de\/wp-json\/wp\/v2\/media\/102284"}],"wp:attachment":[{"href":"https:\/\/lighthouselocarno.ch\/de\/wp-json\/wp\/v2\/media?parent=121472"}],"wp:term":[{"taxonomy":"product_brand","embeddable":true,"href":"https:\/\/lighthouselocarno.ch\/de\/wp-json\/wp\/v2\/product_brand?post=121472"},{"taxonomy":"product_cat","embeddable":true,"href":"https:\/\/lighthouselocarno.ch\/de\/wp-json\/wp\/v2\/product_cat?post=121472"},{"taxonomy":"product_tag","embeddable":true,"href":"https:\/\/lighthouselocarno.ch\/de\/wp-json\/wp\/v2\/product_tag?post=121472"}],"curies":[{"name":"wp","href":"https:\/\/api.w.org\/{rel}","templated":true}]}}