{"id":121475,"date":"2022-03-30T13:07:05","date_gmt":"2022-03-30T13:07:05","guid":{"rendered":"https:\/\/lighthouselocarno.ch\/prodotti\/jeanshose-mit-perlen-verziert\/"},"modified":"2026-02-26T07:23:38","modified_gmt":"2026-02-26T07:23:38","slug":"hosen-muster-jeans-verziert-mit-perlen","status":"publish","type":"product","link":"https:\/\/lighthouselocarno.ch\/de\/produkt\/hosen-muster-jeans-verziert-mit-perlen\/","title":{"rendered":"Jeanshose mit Perlen verziert"},"content":{"rendered":"","protected":false},"excerpt":{"rendered":"<p>Wundersch\u00f6ne Winterjeans aus Stretch-Denim.<\/p>\n<p>Eisgraue Hose mit Perlenbesatz entlang der gesamten \u00e4u\u00dferen Seitenl\u00e4nge.<\/p>\n<p>Signiert mit wei\u00dfen Swarovski-Kristallen von der Designerin Daniela Dallavalle f\u00fcr Elisa Cavaletti an beiden hinteren Kn\u00f6cheln.<\/p>\n<p>Vier bequeme Taschen, verziert mit einer eisgrauen Halperle.<\/p>\n<p>Material: 99 % Baumwolle, 1 % Elasthan.<\/p>\n","protected":false},"featured_media":102599,"template":"","meta":{"_seopress_robots_primary_cat":"2544","_seopress_titles_title":"","_seopress_titles_desc":"","_seopress_robots_index":""},"product_brand":[],"product_cat":[3799,4784,3789],"product_tag":[4478,4972,4980],"class_list":{"0":"post-121475","1":"product","2":"type-product","3":"status-publish","4":"has-post-thumbnail","6":"product_cat-damenmode","7":"product_cat-hosen","8":"product_cat-kleidung","9":"product_tag-hosen","10":"product_tag-jeans-de","11":"product_tag-jeans-mit-perlen-und-swarovski-verziert","13":"first","14":"instock","15":"shipping-taxable","16":"purchasable","17":"product-type-variable","18":"has-default-attributes"},"jetpack_sharing_enabled":true,"_links":{"self":[{"href":"https:\/\/lighthouselocarno.ch\/de\/wp-json\/wp\/v2\/product\/121475","targetHints":{"allow":["GET"]}}],"collection":[{"href":"https:\/\/lighthouselocarno.ch\/de\/wp-json\/wp\/v2\/product"}],"about":[{"href":"https:\/\/lighthouselocarno.ch\/de\/wp-json\/wp\/v2\/types\/product"}],"wp:featuredmedia":[{"embeddable":true,"href":"https:\/\/lighthouselocarno.ch\/de\/wp-json\/wp\/v2\/media\/102599"}],"wp:attachment":[{"href":"https:\/\/lighthouselocarno.ch\/de\/wp-json\/wp\/v2\/media?parent=121475"}],"wp:term":[{"taxonomy":"product_brand","embeddable":true,"href":"https:\/\/lighthouselocarno.ch\/de\/wp-json\/wp\/v2\/product_brand?post=121475"},{"taxonomy":"product_cat","embeddable":true,"href":"https:\/\/lighthouselocarno.ch\/de\/wp-json\/wp\/v2\/product_cat?post=121475"},{"taxonomy":"product_tag","embeddable":true,"href":"https:\/\/lighthouselocarno.ch\/de\/wp-json\/wp\/v2\/product_tag?post=121475"}],"curies":[{"name":"wp","href":"https:\/\/api.w.org\/{rel}","templated":true}]}}