{"id":121476,"date":"2021-09-10T16:21:41","date_gmt":"2021-09-10T16:21:41","guid":{"rendered":"https:\/\/lighthouselocarno.ch\/prodotti\/korselet-halskette-mit-perlen-und-weissen-strasssteinen-shabby-chic-stil\/"},"modified":"2026-01-09T17:02:55","modified_gmt":"2026-01-09T17:02:55","slug":"halskette-rucken","status":"publish","type":"product","link":"https:\/\/lighthouselocarno.ch\/de\/produkt\/halskette-rucken\/","title":{"rendered":"Korselet Halskette mit Perlen und wei\u00dfen Strasssteinen shabby chic Stil"},"content":{"rendered":"","protected":false},"excerpt":{"rendered":"<p>R\u00fcckenkette kombiniert mit einer kurzen Halskette im romantischen Stil, wie es nur Elisa Cavaletti zu tun wei\u00df!<\/p>\n<p>Doppelter goldener Rumpf mit wei\u00dfen Perlen im Stil eines zentralen Korseletts, beleuchtet von Swarovski-Kristallen.<\/p>\n<p>Anh\u00e4nger f\u00e4llt auf elfenbeinfarben emaillierte R\u00fcckseite.<\/p>\n","protected":false},"featured_media":102674,"template":"","meta":{"_seopress_robots_primary_cat":"","_seopress_titles_title":"","_seopress_titles_desc":"","_seopress_robots_index":""},"product_brand":[9674],"product_cat":[3799,4962,4110],"product_tag":[4968,4986,4978,4981],"class_list":{"0":"post-121476","1":"product","2":"type-product","3":"status-publish","4":"has-post-thumbnail","6":"product_brand-qudo","7":"product_cat-damenmode","8":"product_cat-halsketten","9":"product_cat-schmuck","10":"product_tag-halskette-de","11":"product_tag-halskette-de-2","12":"product_tag-kurze-halskette","13":"product_tag-perlenhalsband","15":"first","16":"instock","17":"shipping-taxable","18":"purchasable","19":"product-type-simple"},"jetpack_sharing_enabled":true,"_links":{"self":[{"href":"https:\/\/lighthouselocarno.ch\/de\/wp-json\/wp\/v2\/product\/121476","targetHints":{"allow":["GET"]}}],"collection":[{"href":"https:\/\/lighthouselocarno.ch\/de\/wp-json\/wp\/v2\/product"}],"about":[{"href":"https:\/\/lighthouselocarno.ch\/de\/wp-json\/wp\/v2\/types\/product"}],"wp:featuredmedia":[{"embeddable":true,"href":"https:\/\/lighthouselocarno.ch\/de\/wp-json\/wp\/v2\/media\/102674"}],"wp:attachment":[{"href":"https:\/\/lighthouselocarno.ch\/de\/wp-json\/wp\/v2\/media?parent=121476"}],"wp:term":[{"taxonomy":"product_brand","embeddable":true,"href":"https:\/\/lighthouselocarno.ch\/de\/wp-json\/wp\/v2\/product_brand?post=121476"},{"taxonomy":"product_cat","embeddable":true,"href":"https:\/\/lighthouselocarno.ch\/de\/wp-json\/wp\/v2\/product_cat?post=121476"},{"taxonomy":"product_tag","embeddable":true,"href":"https:\/\/lighthouselocarno.ch\/de\/wp-json\/wp\/v2\/product_tag?post=121476"}],"curies":[{"name":"wp","href":"https:\/\/api.w.org\/{rel}","templated":true}]}}