{"id":121782,"date":"2021-09-10T19:06:07","date_gmt":"2021-09-10T19:06:07","guid":{"rendered":"https:\/\/lighthouselocarno.ch\/prodotti\/leichter-leinenvorhang-mit-zentraler-stickerei-auf-organzastoff\/"},"modified":"2023-08-30T15:02:48","modified_gmt":"2023-08-30T15:02:48","slug":"zelt-in-leinen-leicht-und-stickerei-auf-organza-kunst-pur","status":"publish","type":"product","link":"https:\/\/lighthouselocarno.ch\/de\/produkt\/zelt-in-leinen-leicht-und-stickerei-auf-organza-kunst-pur\/","title":{"rendered":"Leichter Leinenvorhang mit zentraler Stickerei auf Organzastoff"},"content":{"rendered":"<p>Viele weitere Farben aus dem Arte Pura-Sortiment k\u00f6nnen Sie direkt hier auf der Website bestellen.<br \/>\nF\u00fcr alle anderen Farben betr\u00e4gt die Wartezeit 6-8 Wochen.<\/p>\n<p>WASH<br \/>\nMaschinenwaschbar bei 30-40 Grad.<br \/>\nAlle Kleidungsst\u00fccke von Arte Pura sind in nat\u00fcrlichen Farben handgef\u00e4rbt.<br \/>\nEs ist m\u00f6glich, dass sie bei den ersten W\u00e4schen etwas an Farbe verlieren, was zu einem Vintage-Ton f\u00fchrt, der einzigartig f\u00fcr diese Marke ist.<br \/>\nBeim Waschen von Kleidung mit alten Farben empfehle ich dringend, bei den ersten 3-4 Waschg\u00e4ngen 1 kg Meersalz in die Waschmaschine zu geben, um die Farben gut zu fixieren.<\/p>\n<p>Stoff:100% Leinen.<br \/>\nSpitze: 100% Baumwolle<\/p>\n","protected":false},"excerpt":{"rendered":"<p>Doppelter Voile-Vorhang aus Leinen und Organza mit vertikaler Stickerei.<\/p>\n<p>Dieser sch\u00f6ne doppellagige Vorhang bietet Ihnen dank des verdunkelnden Leinenstoffs ein Maximum an Privatsph\u00e4re. Das gestickte Organza-Detail des zweiten Schleiers sorgt f\u00fcr Licht- und Schatteneffekte in jedem Wohn-, Schlaf- oder Badezimmer.<\/p>\n<p>Im Shop in Wei\u00df erh\u00e4ltlich.<\/p>\n<p>In allen anderen Farben auf Bestellung in 6 bis 8 Wochen lieferbar.<\/p>\n<p>WASH<br \/>\nMaschinenwaschbar bei 30-40 Grad.<br \/>\nAlle Kleidungsst\u00fccke von Arte Pura sind in nat\u00fcrlichen Farben handgef\u00e4rbt.<br \/>\nEs ist m\u00f6glich, dass sie bei den ersten W\u00e4schen etwas an Farbe verlieren und dadurch einen Vintage-Ton erhalten, der f\u00fcr diese Marke typisch und einzigartig ist.<br \/>\nBeim Waschen von Kleidung mit alten Farben empfehle ich dringend, bei den ersten 3-4 Waschg\u00e4ngen 1 kg Meersalz in die Waschmaschine zu geben, um die Farben gut zu fixieren.<\/p>\n<div>Die zum Abt\u00f6nen verwendeten Pigmente sind alle nat\u00fcrlichen mineralischen Ursprungs.<\/div>\n<div>Die Farben werden in speziellen B\u00e4dern gemischt, in denen die Kleidungsst\u00fccke St\u00fcck f\u00fcr St\u00fcck gef\u00e4rbt werden.<\/div>\n<p>&nbsp;<\/p>\n","protected":false},"featured_media":102302,"template":"","meta":{"_seopress_robots_primary_cat":"81","_seopress_titles_title":"","_seopress_titles_desc":"","_seopress_robots_index":""},"product_brand":[],"product_cat":[7195,6091,3748],"product_tag":[3807,5051,5053,4247],"class_list":{"0":"post-121782","1":"product","2":"type-product","3":"status-publish","4":"has-post-thumbnail","6":"product_cat-vorhaenge-de","7":"product_cat-vorhange","8":"product_cat-wohnaccessoires","9":"product_tag-reine-kunst","10":"product_tag-reines-kunstzelt","11":"product_tag-vorhang-aus-leinen-und-organza","12":"product_tag-vorhang-aus-leinen-und-spitze","14":"first","15":"instock","16":"shipping-taxable","17":"purchasable","18":"product-type-variable","19":"has-default-attributes"},"jetpack_sharing_enabled":true,"_links":{"self":[{"href":"https:\/\/lighthouselocarno.ch\/de\/wp-json\/wp\/v2\/product\/121782","targetHints":{"allow":["GET"]}}],"collection":[{"href":"https:\/\/lighthouselocarno.ch\/de\/wp-json\/wp\/v2\/product"}],"about":[{"href":"https:\/\/lighthouselocarno.ch\/de\/wp-json\/wp\/v2\/types\/product"}],"wp:featuredmedia":[{"embeddable":true,"href":"https:\/\/lighthouselocarno.ch\/de\/wp-json\/wp\/v2\/media\/102302"}],"wp:attachment":[{"href":"https:\/\/lighthouselocarno.ch\/de\/wp-json\/wp\/v2\/media?parent=121782"}],"wp:term":[{"taxonomy":"product_brand","embeddable":true,"href":"https:\/\/lighthouselocarno.ch\/de\/wp-json\/wp\/v2\/product_brand?post=121782"},{"taxonomy":"product_cat","embeddable":true,"href":"https:\/\/lighthouselocarno.ch\/de\/wp-json\/wp\/v2\/product_cat?post=121782"},{"taxonomy":"product_tag","embeddable":true,"href":"https:\/\/lighthouselocarno.ch\/de\/wp-json\/wp\/v2\/product_tag?post=121782"}],"curies":[{"name":"wp","href":"https:\/\/api.w.org\/{rel}","templated":true}]}}