{"id":122157,"date":"2021-08-12T11:10:02","date_gmt":"2021-08-12T11:10:02","guid":{"rendered":"https:\/\/lighthouselocarno.ch\/prodotti\/badeschuhe-mit-schwamm\/"},"modified":"2023-08-30T14:24:41","modified_gmt":"2023-08-30T14:24:41","slug":"hausschuhe-im-schwammbad-kunst-pur","status":"publish","type":"product","link":"https:\/\/lighthouselocarno.ch\/de\/produkt\/hausschuhe-im-schwammbad-kunst-pur\/","title":{"rendered":"Badeschuhe mit Schwamm"},"content":{"rendered":"<p>WASH<br \/>\nMaschinenwaschbar bei 30-40 Grad.<br \/>\nAlle Kleidungsst\u00fccke von Arte Pura sind in nat\u00fcrlichen Farben handgef\u00e4rbt.<br \/>\nEs ist m\u00f6glich, dass sie bei den ersten W\u00e4schen etwas an Farbe verlieren, was zu einem Vintage-Ton f\u00fchrt, der einzigartig f\u00fcr diese Marke ist.<br \/>\nBeim Waschen von Kleidung mit alten Farben empfehle ich dringend, bei den ersten 3-4 Waschg\u00e4ngen 1 kg Meersalz in die Waschmaschine zu geben, um die Farben gut zu fixieren.<\/p>\n<p>Die zum Abt\u00f6nen verwendeten Pigmente sind alle nat\u00fcrlichen mineralischen Ursprungs.<br \/>\nDie Farben werden in speziellen B\u00e4dern gemischt, in denen die Kleidungsst\u00fccke St\u00fcck f\u00fcr St\u00fcck gef\u00e4rbt werden.<\/p>\n<p>&nbsp;<\/p>\n","protected":false},"excerpt":{"rendered":"<p>Mit Armonia-Spitze verzierte Schwammbadeslipper, erh\u00e4ltlich in allen Arte Pura-Farben.<\/p>\n<p>Perfekt, um es G\u00e4sten anzubieten, es mit in den Urlaub zu nehmen oder es im eigenen Heim zu verwenden.<\/p>\n<p>Erh\u00e4ltlich im Shop in den Farben Retro und Veronica<\/p>\n<p>Auf Bestellung in 4-6 Wochen in allen anderen Farben erh\u00e4ltlich<\/p>\n<p>&nbsp;<\/p>\n<p>&nbsp;<\/p>\n","protected":false},"featured_media":102197,"template":"","meta":{"_seopress_robots_primary_cat":"80","_seopress_titles_title":"Frotteepantoffeln f\u00fcr das Bad oder die Wohnung","_seopress_titles_desc":"Frottee-Pantoffeln sind die ideale Erg\u00e4nzung f\u00fcr jedes Badezimmer oder Zuhause. Diese Hausschuhe aus weichem Frottee halten Sie nach dem Duschen oder Baden sch\u00f6n warm und trocken. Die in verschiedenen Farben und Designs erh\u00e4ltlichen Frotteeslipper sind ein perfektes Geschenk f\u00fcr jeden Anlass.","_seopress_robots_index":""},"product_brand":[],"product_cat":[3916,7291,3748],"product_tag":[7296,7297,4407,5160,7298,6031],"class_list":{"0":"post-122157","1":"product","2":"type-product","3":"status-publish","4":"has-post-thumbnail","6":"product_cat-badezimmer","7":"product_cat-frotteslipper","8":"product_cat-wohnaccessoires","9":"product_tag-badeschuhe-de","10":"product_tag-badeschuhe-de-2","11":"product_tag-flip-flops","12":"product_tag-geschenkidee","13":"product_tag-pantoletten-de-bain","14":"product_tag-wasche-fur-das-badezimmer","16":"first","17":"instock","18":"shipping-taxable","19":"purchasable","20":"product-type-variable"},"jetpack_sharing_enabled":true,"_links":{"self":[{"href":"https:\/\/lighthouselocarno.ch\/de\/wp-json\/wp\/v2\/product\/122157","targetHints":{"allow":["GET"]}}],"collection":[{"href":"https:\/\/lighthouselocarno.ch\/de\/wp-json\/wp\/v2\/product"}],"about":[{"href":"https:\/\/lighthouselocarno.ch\/de\/wp-json\/wp\/v2\/types\/product"}],"wp:featuredmedia":[{"embeddable":true,"href":"https:\/\/lighthouselocarno.ch\/de\/wp-json\/wp\/v2\/media\/102197"}],"wp:attachment":[{"href":"https:\/\/lighthouselocarno.ch\/de\/wp-json\/wp\/v2\/media?parent=122157"}],"wp:term":[{"taxonomy":"product_brand","embeddable":true,"href":"https:\/\/lighthouselocarno.ch\/de\/wp-json\/wp\/v2\/product_brand?post=122157"},{"taxonomy":"product_cat","embeddable":true,"href":"https:\/\/lighthouselocarno.ch\/de\/wp-json\/wp\/v2\/product_cat?post=122157"},{"taxonomy":"product_tag","embeddable":true,"href":"https:\/\/lighthouselocarno.ch\/de\/wp-json\/wp\/v2\/product_tag?post=122157"}],"curies":[{"name":"wp","href":"https:\/\/api.w.org\/{rel}","templated":true}]}}