{"id":122392,"date":"2021-08-12T12:12:58","date_gmt":"2021-08-12T12:12:58","guid":{"rendered":"https:\/\/lighthouselocarno.ch\/prodotti\/taschentuchhalter-mit-schleife\/"},"modified":"2025-05-23T13:44:33","modified_gmt":"2025-05-23T13:44:33","slug":"taschentuchhalter-mit-schleife-art-pure","status":"publish","type":"product","link":"https:\/\/lighthouselocarno.ch\/de\/produkt\/taschentuchhalter-mit-schleife-art-pure\/","title":{"rendered":"Taschentuchhalter mit Schleife"},"content":{"rendered":"","protected":false},"excerpt":{"rendered":"<p>Umschlag f\u00fcr Toilettenpapier. Hergestellt aus Frottee und mit einer Schleife verziert.<\/p>\n<p>Ideal f\u00fcr das Badezimmer, neben dem Waschbecken, passend zu den ARTE PURA Handt\u00fcchern und Badematten.<\/p>\n<p>Auf dem Titelbild ist die Farbe Veronica Old abgebildet.<\/p>\n<p>Auf Bestellung in 4-6 Wochen in allen anderen Farben erh\u00e4ltlich<\/p>\n<p>WASH<br \/>\nMaschinenwaschbar bei 30-40 Grad.<br \/>\nAlle Kleidungsst\u00fccke von Arte Pura sind in nat\u00fcrlichen Farben handgef\u00e4rbt.<br \/>\nEs ist m\u00f6glich, dass sie bei den ersten W\u00e4schen etwas an Farbe verlieren, was zu einem Vintage-Ton f\u00fchrt, der einzigartig f\u00fcr diese Marke ist.<br \/>\nBeim Waschen von Kleidung mit alten Farben empfehle ich dringend, bei den ersten 3-4 Waschg\u00e4ngen 1 kg Meersalz in die Waschmaschine zu geben, um die Farben gut zu fixieren.<\/p>\n<p>Die zum Abt\u00f6nen verwendeten Pigmente sind alle nat\u00fcrlichen mineralischen Ursprungs.<br \/>\nDie Farben werden in speziellen B\u00e4dern gemischt, in denen die Kleidungsst\u00fccke St\u00fcck f\u00fcr St\u00fcck gef\u00e4rbt werden.<\/p>\n","protected":false},"featured_media":103340,"template":"","meta":{"_seopress_robots_primary_cat":"none","_seopress_titles_title":"","_seopress_titles_desc":"","_seopress_robots_index":""},"product_brand":[8562],"product_cat":[6035,5282,3748],"product_tag":[5089,5090],"class_list":{"0":"post-122392","1":"product","2":"type-product","3":"status-publish","4":"has-post-thumbnail","6":"product_brand-arte-pura","7":"product_cat-accessoires-de","8":"product_cat-kosmetik-taschen","9":"product_cat-wohnaccessoires","10":"product_tag-taschentuchhalter-de","11":"product_tag-taschentuchhalter-de-2","12":"pa_colore-alter-gedanke-441","13":"pa_colore-alter-lehm-048","14":"pa_colore-bonbon-alt-429","15":"pa_colore-butter-alt-047","16":"pa_colore-convivio-438-de","17":"pa_colore-engel-alt-401","18":"pa_colore-ereignis-alt-436","19":"pa_colore-essenza-alt-409","20":"pa_colore-fee-alt-405","21":"pa_colore-granit-alt-427","22":"pa_colore-hauch-alt-415","23":"pa_colore-kreide-alt-044","24":"pa_colore-lava-alt-037","25":"pa_colore-lebenslauf-alt-433","26":"pa_colore-liebenswerte-alte-437","27":"pa_colore-luxus-alt-432","28":"pa_colore-malta-alt-414","29":"pa_colore-mineralien-alt-410","30":"pa_colore-ostsee-alt-428","31":"pa_colore-pfingstrose-alt-417","32":"pa_colore-puder-alt-043","33":"pa_colore-retro-900-de","34":"pa_colore-roma-alt-435","35":"pa_colore-schwarz-021","36":"pa_colore-see-old-440","37":"pa_colore-stein-alt-425","38":"pa_colore-suser-alter-434","39":"pa_colore-weis-019","41":"first","42":"instock","43":"shipping-taxable","44":"purchasable","45":"product-type-variable"},"jetpack_sharing_enabled":true,"_links":{"self":[{"href":"https:\/\/lighthouselocarno.ch\/de\/wp-json\/wp\/v2\/product\/122392","targetHints":{"allow":["GET"]}}],"collection":[{"href":"https:\/\/lighthouselocarno.ch\/de\/wp-json\/wp\/v2\/product"}],"about":[{"href":"https:\/\/lighthouselocarno.ch\/de\/wp-json\/wp\/v2\/types\/product"}],"wp:featuredmedia":[{"embeddable":true,"href":"https:\/\/lighthouselocarno.ch\/de\/wp-json\/wp\/v2\/media\/103340"}],"wp:attachment":[{"href":"https:\/\/lighthouselocarno.ch\/de\/wp-json\/wp\/v2\/media?parent=122392"}],"wp:term":[{"taxonomy":"product_brand","embeddable":true,"href":"https:\/\/lighthouselocarno.ch\/de\/wp-json\/wp\/v2\/product_brand?post=122392"},{"taxonomy":"product_cat","embeddable":true,"href":"https:\/\/lighthouselocarno.ch\/de\/wp-json\/wp\/v2\/product_cat?post=122392"},{"taxonomy":"product_tag","embeddable":true,"href":"https:\/\/lighthouselocarno.ch\/de\/wp-json\/wp\/v2\/product_tag?post=122392"}],"curies":[{"name":"wp","href":"https:\/\/api.w.org\/{rel}","templated":true}]}}