{"id":122469,"date":"2021-11-05T06:13:00","date_gmt":"2021-11-05T06:13:00","guid":{"rendered":"https:\/\/lighthouselocarno.ch\/prodotti\/engel-teelichthalter-weihnachtsschmuck\/"},"modified":"2024-12-07T09:26:52","modified_gmt":"2024-12-07T09:26:52","slug":"der-lichthalter-engel-weihnachtsdekoration","status":"publish","type":"product","link":"https:\/\/lighthouselocarno.ch\/de\/produkt\/der-lichthalter-engel-weihnachtsdekoration\/","title":{"rendered":"Engel Teelichthalter - Weihnachtsschmuck"},"content":{"rendered":"<p>Versilberter Kerzenhalter-Engel aus Glas. Sch\u00f6nes und wertvolles M\u00f6belst\u00fcck f\u00fcr das Mise en Place. Gewidmet den Liebhabern von Engeln und all jenen, die ein elegantes Accessoire zur Dekoration ihrer Wohnung suchen. Geschenkidee f\u00fcr Weihnachten oder f\u00fcr alle, die die Welt der Engel lieben. Eine einzigartige Geschenkidee mit tiefem Sinn. Die dekorative Wirkung dieses Accessoires verleiht Ihrem Zuhause einen Hauch von Eleganz und in Kombination mit klassischem Tafelsilber wird es zur perfekten Erg\u00e4nzung f\u00fcr einen raffinierten Tisch.<\/p>\n<p><strong>Neugierde und Philosophie<\/strong><\/p>\n<p>Das Schenken eines Engels hat eine sehr tiefe Bedeutung: Es ist ein gutes Omen und gibt dem Beschenkten ein Gef\u00fchl des Schutzes. Engel sind Tr\u00e4ger des Lichts, und in der Weihnachtszeit sorgen Dekorationen mit Engeln f\u00fcr eine himmlische und wiedergeborene Atmosph\u00e4re. Jemand, der einen Engelsgegenstand geschenkt bekommt, muss nicht unbedingt ein religi\u00f6ses oder spirituelles Gef\u00fchl in sich wachrufen, aber er kann ein Gef\u00fchl der Liebe und Freude empfinden, denn die Sprache der Engel ist universell, ebenso wie die bedingungslose Liebe, die sie kennzeichnet.<\/p>\n","protected":false},"excerpt":{"rendered":"<p>Versilberter Kerzenhalter aus Glas mit Engelsdekoration. Sch\u00f6nes und wertvolles M\u00f6belst\u00fcck f\u00fcr das Mise en Place. Gewidmet den Liebhabern von Engeln und denjenigen, die ein raffiniertes Accessoire zur Dekoration ihrer Wohnung suchen. Geschenkidee f\u00fcr Weihnachten oder f\u00fcr alle, die die Welt der Engel lieben. Ganz aus Glas gefertigt, ist es ein wahres kleines Kunstwerk. Ich empfehle, ihn mit transparenten T-Light-Kerzen zu beleuchten, damit Sie so viel Licht wie m\u00f6glich genie\u00dfen k\u00f6nnen. Einen Engel zu schm\u00fccken oder zu verschenken ist gleichbedeutend mit Gl\u00fcck, und auch ideal, um die Weihnachtszeit einzul\u00e4uten.<br \/>  Ma\u00dfe 8x8x13 cm<\/p>\n","protected":false},"featured_media":102710,"template":"","meta":{"_seopress_robots_primary_cat":"","_seopress_titles_title":"","_seopress_titles_desc":"","_seopress_robots_index":""},"product_brand":[],"product_cat":[4030,4133,3748],"product_tag":[5124,5116,5122,5127,5131,4134,5129],"class_list":{"0":"post-122469","1":"product","2":"type-product","3":"status-publish","4":"has-post-thumbnail","6":"product_cat-deko","7":"product_cat-weihnachtsdekoration","8":"product_cat-wohnaccessoires","9":"product_tag-engel-kerzenhalter","10":"product_tag-glas-engel","11":"product_tag-silberner-engel","12":"product_tag-t-lichthalter-engel","13":"product_tag-weihnachtliche-tischdekoration","14":"product_tag-weihnachtsdekoration-de","15":"product_tag-weihnachtszeit","17":"first","18":"outofstock","19":"featured","20":"shipping-taxable","21":"purchasable","22":"product-type-simple"},"jetpack_sharing_enabled":true,"_links":{"self":[{"href":"https:\/\/lighthouselocarno.ch\/de\/wp-json\/wp\/v2\/product\/122469","targetHints":{"allow":["GET"]}}],"collection":[{"href":"https:\/\/lighthouselocarno.ch\/de\/wp-json\/wp\/v2\/product"}],"about":[{"href":"https:\/\/lighthouselocarno.ch\/de\/wp-json\/wp\/v2\/types\/product"}],"wp:featuredmedia":[{"embeddable":true,"href":"https:\/\/lighthouselocarno.ch\/de\/wp-json\/wp\/v2\/media\/102710"}],"wp:attachment":[{"href":"https:\/\/lighthouselocarno.ch\/de\/wp-json\/wp\/v2\/media?parent=122469"}],"wp:term":[{"taxonomy":"product_brand","embeddable":true,"href":"https:\/\/lighthouselocarno.ch\/de\/wp-json\/wp\/v2\/product_brand?post=122469"},{"taxonomy":"product_cat","embeddable":true,"href":"https:\/\/lighthouselocarno.ch\/de\/wp-json\/wp\/v2\/product_cat?post=122469"},{"taxonomy":"product_tag","embeddable":true,"href":"https:\/\/lighthouselocarno.ch\/de\/wp-json\/wp\/v2\/product_tag?post=122469"}],"curies":[{"name":"wp","href":"https:\/\/api.w.org\/{rel}","templated":true}]}}