{"id":122474,"date":"2021-09-11T15:40:34","date_gmt":"2021-09-11T15:40:34","guid":{"rendered":"https:\/\/lighthouselocarno.ch\/prodotti\/kopfkissenbezuege-aus-hellem-leinen-mit-knoepfen-spitzen-und-rosenspitze\/"},"modified":"2023-09-09T14:47:15","modified_gmt":"2023-09-09T14:47:15","slug":"kissenbezuge-aus-leichtem-leinen-mit-knopf-schnuren-und-lace-rose-art-pure","status":"publish","type":"product","link":"https:\/\/lighthouselocarno.ch\/de\/produkt\/kissenbezuge-aus-leichtem-leinen-mit-knopf-schnuren-und-lace-rose-art-pure\/","title":{"rendered":"Kopfkissenbez\u00fcge aus hellem Leinen mit Kn\u00f6pfen, Spitzen und Rosenspitze"},"content":{"rendered":"<p>WASH<br \/>\nMaschinenwaschbar bei 30-40 Grad.<br \/>\nAlle Kleidungsst\u00fccke von Arte Pura sind in nat\u00fcrlichen Farben handgef\u00e4rbt.<br \/>\nEs ist m\u00f6glich, dass sie bei den ersten W\u00e4schen etwas an Farbe verlieren, was zu einem Vintage-Ton f\u00fchrt, der einzigartig f\u00fcr diese Marke ist.<br \/>\nBeim Waschen von Kleidung mit alten Farben empfehle ich dringend, bei den ersten 3-4 Waschg\u00e4ngen 1 kg Meersalz in die Waschmaschine zu geben, um die Farben gut zu fixieren.<\/p>\n<p>Stoff:100% Leinen.<\/p>\n","protected":false},"excerpt":{"rendered":"<p>Die Leinen-Kissenbez\u00fcge oder Kissen mit Spitze von ARTE PURA sind sch\u00f6n, k\u00fchl und vielseitig, um Ihren Komfort im Schlafzimmer im Sommer und Winter zu gew\u00e4hrleisten.<\/p>\n<p>Leinen, in diesem Fall reines, handverarbeitetes italienisches Leinen, ist in der Tat ein nat\u00fcrliches und hypoallergenes Material. Ideal f\u00fcr Bettw\u00e4sche und nat\u00fcrlich auch f\u00fcr Kleidung.<\/p>\n<p>Die Kissenbez\u00fcge von Arte Pura sind in drei Gr\u00f6\u00dfen erh\u00e4ltlich (50&#215;80 cm, 40&#215;80 cm, 60&#215;70 cm).<br \/>\nUnverzichtbar f\u00fcr die Dekoration des Bettes, sondern auch als eine g\u00fcltige Dekoration Alternative auf Ihrem Sofa betrachtet werden.<\/p>\n<p>Die abgebildete Farbe ist klassisches Wei\u00df, immer sehr elegant.<br \/>\nWartezeit 1 Woche.<\/p>\n<p>Viele weitere Farben aus dem Arte Pura-Sortiment k\u00f6nnen Sie direkt hier auf der Website bestellen.<br \/>\nF\u00fcr alle anderen Farben betr\u00e4gt die Wartezeit 6-8 Wochen.<\/p>\n<p>WASH<br \/>\nMaschinenwaschbar bei 30-40 Grad.<br \/>\nAlle Kleidungsst\u00fccke von Arte Pura sind in nat\u00fcrlichen Farben handgef\u00e4rbt.<br \/>\nEs ist m\u00f6glich, dass sie bei den ersten W\u00e4schen etwas an Farbe verlieren, was zu einem Vintage-Ton f\u00fchrt, der einzigartig f\u00fcr diese Marke ist.<br \/>\nBeim Waschen von Kleidung mit alten Farben empfehle ich dringend, bei den ersten 3-4 Waschg\u00e4ngen 1 kg Meersalz in die Waschmaschine zu geben, um die Farben gut zu fixieren.<\/p>\n<p>Stoff:100% Leinen.<br \/>\nSpitze: 100% Baumwolle<\/p>\n","protected":false},"featured_media":102809,"template":"","meta":{"_seopress_robots_primary_cat":"none","_seopress_titles_title":"","_seopress_titles_desc":"","_seopress_robots_index":""},"product_brand":[],"product_cat":[5958,6634,3748],"product_tag":[4648,4646,3807,4651,4650],"class_list":{"0":"post-122474","1":"product","2":"type-product","3":"status-publish","4":"has-post-thumbnail","6":"product_cat-kissenbezuge","7":"product_cat-kissenbezuege-de","8":"product_cat-wohnaccessoires","9":"product_tag-leintuch","10":"product_tag-pure-art-sheets","11":"product_tag-reine-kunst","12":"product_tag-rosa-spitze","13":"product_tag-spitzentuch","14":"pa_colore-kreide-alt-044","15":"pa_colore-mineralien-alt-410","16":"pa_colore-weis-019","18":"first","19":"instock","20":"shipping-taxable","21":"purchasable","22":"product-type-variable"},"jetpack_sharing_enabled":true,"_links":{"self":[{"href":"https:\/\/lighthouselocarno.ch\/de\/wp-json\/wp\/v2\/product\/122474","targetHints":{"allow":["GET"]}}],"collection":[{"href":"https:\/\/lighthouselocarno.ch\/de\/wp-json\/wp\/v2\/product"}],"about":[{"href":"https:\/\/lighthouselocarno.ch\/de\/wp-json\/wp\/v2\/types\/product"}],"wp:featuredmedia":[{"embeddable":true,"href":"https:\/\/lighthouselocarno.ch\/de\/wp-json\/wp\/v2\/media\/102809"}],"wp:attachment":[{"href":"https:\/\/lighthouselocarno.ch\/de\/wp-json\/wp\/v2\/media?parent=122474"}],"wp:term":[{"taxonomy":"product_brand","embeddable":true,"href":"https:\/\/lighthouselocarno.ch\/de\/wp-json\/wp\/v2\/product_brand?post=122474"},{"taxonomy":"product_cat","embeddable":true,"href":"https:\/\/lighthouselocarno.ch\/de\/wp-json\/wp\/v2\/product_cat?post=122474"},{"taxonomy":"product_tag","embeddable":true,"href":"https:\/\/lighthouselocarno.ch\/de\/wp-json\/wp\/v2\/product_tag?post=122474"}],"curies":[{"name":"wp","href":"https:\/\/api.w.org\/{rel}","templated":true}]}}