{"id":122478,"date":"2021-11-24T12:33:11","date_gmt":"2021-11-24T12:33:11","guid":{"rendered":"https:\/\/lighthouselocarno.ch\/prodotti\/schaukelpferd-christbaumschmuck\/"},"modified":"2024-12-16T09:47:20","modified_gmt":"2024-12-16T09:47:20","slug":"schaukelpferd-dekoration-fur-weihnachten-hoch","status":"publish","type":"product","link":"https:\/\/lighthouselocarno.ch\/de\/produkt\/schaukelpferd-dekoration-fur-weihnachten-hoch\/","title":{"rendered":"Schaukelpferd Christbaumschmuck"},"content":{"rendered":"","protected":false},"excerpt":{"rendered":"<p>K\u00f6stlicher Christbaumschmuck, der sich perfekt zum Schm\u00fccken Ihres Baumes eignet und f\u00fcr die richtige festliche Atmosph\u00e4re sorgt. Von Hand gefertigt, ist es ein einzigartiges St\u00fcck. Diese Weihnachtsdekoration ist f\u00fcr Liebhaber von Retro-Sachen und wird unausl\u00f6schliche Empfindungen wiederbeleben.<\/p>\n","protected":false},"featured_media":102737,"template":"","meta":{"_seopress_robots_primary_cat":"","_seopress_titles_title":"","_seopress_titles_desc":"","_seopress_robots_index":""},"product_brand":[],"product_cat":[4030,4133,3748],"product_tag":[5135,5138,5133,4188,4685],"class_list":{"0":"post-122478","1":"product","2":"type-product","3":"status-publish","4":"has-post-thumbnail","6":"product_cat-deko","7":"product_cat-weihnachtsdekoration","8":"product_cat-wohnaccessoires","9":"product_tag-christbaumschmuck","10":"product_tag-weihnachtsbaum","11":"product_tag-weihnachtsdeko","12":"product_tag-weihnachtsdekoration-de-3","13":"product_tag-weihnachtsdekoration-de-4","15":"first","16":"instock","17":"shipping-taxable","18":"purchasable","19":"product-type-simple"},"jetpack_sharing_enabled":true,"_links":{"self":[{"href":"https:\/\/lighthouselocarno.ch\/de\/wp-json\/wp\/v2\/product\/122478","targetHints":{"allow":["GET"]}}],"collection":[{"href":"https:\/\/lighthouselocarno.ch\/de\/wp-json\/wp\/v2\/product"}],"about":[{"href":"https:\/\/lighthouselocarno.ch\/de\/wp-json\/wp\/v2\/types\/product"}],"wp:featuredmedia":[{"embeddable":true,"href":"https:\/\/lighthouselocarno.ch\/de\/wp-json\/wp\/v2\/media\/102737"}],"wp:attachment":[{"href":"https:\/\/lighthouselocarno.ch\/de\/wp-json\/wp\/v2\/media?parent=122478"}],"wp:term":[{"taxonomy":"product_brand","embeddable":true,"href":"https:\/\/lighthouselocarno.ch\/de\/wp-json\/wp\/v2\/product_brand?post=122478"},{"taxonomy":"product_cat","embeddable":true,"href":"https:\/\/lighthouselocarno.ch\/de\/wp-json\/wp\/v2\/product_cat?post=122478"},{"taxonomy":"product_tag","embeddable":true,"href":"https:\/\/lighthouselocarno.ch\/de\/wp-json\/wp\/v2\/product_tag?post=122478"}],"curies":[{"name":"wp","href":"https:\/\/api.w.org\/{rel}","templated":true}]}}