{"id":122490,"date":"2021-11-24T14:00:13","date_gmt":"2021-11-24T14:00:13","guid":{"rendered":"https:\/\/lighthouselocarno.ch\/prodotti\/goldener-palmwedelzweig-weihnachtsdekoration\/"},"modified":"2023-08-30T15:19:26","modified_gmt":"2023-08-30T15:19:26","slug":"palmzweig-goldene-weihnachtsdekoration","status":"publish","type":"product","link":"https:\/\/lighthouselocarno.ch\/de\/produkt\/palmzweig-goldene-weihnachtsdekoration\/","title":{"rendered":"Goldener Palmwedelzweig Weihnachtsdekoration"},"content":{"rendered":"","protected":false},"excerpt":{"rendered":"<p>Goldfarbenes <strong>Palmblatt<\/strong>, ideal f\u00fcr die <strong>weihnachtliche Dekoration des Hauses<\/strong>. Idee f\u00fcr <strong>weihnachtliche Blumenarrangements<\/strong> zur Einrichtung und Dekoration von R\u00e4umen, Schaufenstern und Gesch\u00e4ften. Accessoire zur Versch\u00f6nerung der <strong>weihnachtlichen Inszenierung<\/strong>.<\/p>\n<p>Abmessungen: 22&#215;0,6&#215;100,5 cm<\/p>\n","protected":false},"featured_media":102779,"template":"","meta":{"_seopress_robots_primary_cat":"","_seopress_titles_title":"","_seopress_titles_desc":"","_seopress_robots_index":""},"product_brand":[],"product_cat":[4030,4133,3748],"product_tag":[5143,5131,4685,5145,4188],"class_list":{"0":"post-122490","1":"product","2":"type-product","3":"status-publish","4":"has-post-thumbnail","6":"product_cat-deko","7":"product_cat-weihnachtsdekoration","8":"product_cat-wohnaccessoires","9":"product_tag-blumenkompositionen","10":"product_tag-weihnachtliche-tischdekoration","11":"product_tag-weihnachtsdekoration-de-4","12":"product_tag-weihnachtsdekoration-de-5","13":"product_tag-weihnachtsdekoration-de-3","15":"first","16":"instock","17":"shipping-taxable","18":"purchasable","19":"product-type-simple"},"jetpack_sharing_enabled":true,"_links":{"self":[{"href":"https:\/\/lighthouselocarno.ch\/de\/wp-json\/wp\/v2\/product\/122490","targetHints":{"allow":["GET"]}}],"collection":[{"href":"https:\/\/lighthouselocarno.ch\/de\/wp-json\/wp\/v2\/product"}],"about":[{"href":"https:\/\/lighthouselocarno.ch\/de\/wp-json\/wp\/v2\/types\/product"}],"wp:featuredmedia":[{"embeddable":true,"href":"https:\/\/lighthouselocarno.ch\/de\/wp-json\/wp\/v2\/media\/102779"}],"wp:attachment":[{"href":"https:\/\/lighthouselocarno.ch\/de\/wp-json\/wp\/v2\/media?parent=122490"}],"wp:term":[{"taxonomy":"product_brand","embeddable":true,"href":"https:\/\/lighthouselocarno.ch\/de\/wp-json\/wp\/v2\/product_brand?post=122490"},{"taxonomy":"product_cat","embeddable":true,"href":"https:\/\/lighthouselocarno.ch\/de\/wp-json\/wp\/v2\/product_cat?post=122490"},{"taxonomy":"product_tag","embeddable":true,"href":"https:\/\/lighthouselocarno.ch\/de\/wp-json\/wp\/v2\/product_tag?post=122490"}],"curies":[{"name":"wp","href":"https:\/\/api.w.org\/{rel}","templated":true}]}}