{"id":122498,"date":"2021-11-24T13:56:17","date_gmt":"2021-11-24T13:56:17","guid":{"rendered":"https:\/\/lighthouselocarno.ch\/prodotti\/versilberter-palmwedel-weihnachtsschmuck\/"},"modified":"2023-08-30T15:19:20","modified_gmt":"2023-08-30T15:19:20","slug":"blatt-silberne-palmenzweig-weihnachtsdekoration","status":"publish","type":"product","link":"https:\/\/lighthouselocarno.ch\/de\/produkt\/blatt-silberne-palmenzweig-weihnachtsdekoration\/","title":{"rendered":"Versilberter Palmwedel Weihnachtsschmuck"},"content":{"rendered":"","protected":false},"excerpt":{"rendered":"<div class=\"elementor-element elementor-element-7f0fa866 elementor-widget elementor-widget-heading\" data-id=\"7f0fa866\" data-element_type=\"widget\" data-widget_type=\"heading.default\">\n<div class=\"elementor-widget-container\">\n<p class=\"elementor-heading-title elementor-size-default\"><strong>Palmblatt<\/strong> mit silberfarbener Beschichtung, ideal f\u00fcr die <strong>Weihnachtsdekoration im Haus<\/strong>. Idee f\u00fcr <strong>weihnachtliche Blumenarrangements <\/strong>zur Einrichtung und Dekoration von R\u00e4umen, Schaufenstern und Gesch\u00e4ften. Accessoire zur Versch\u00f6nerung der <strong>weihnachtlichen Inszenierung<\/strong>.<\/p>\n<p>Abmessungen: 22&#215;0,6&#215;100,5 cm<\/p>\n<\/div>\n<\/div>\n","protected":false},"featured_media":102776,"template":"","meta":{"_seopress_robots_primary_cat":"","_seopress_titles_title":"","_seopress_titles_desc":"","_seopress_robots_index":""},"product_brand":[],"product_cat":[4030,4133,3748],"product_tag":[5143,5147,4690,4136,4188,4685],"class_list":{"0":"post-122498","1":"product","2":"type-product","3":"status-publish","4":"has-post-thumbnail","6":"product_cat-deko","7":"product_cat-weihnachtsdekoration","8":"product_cat-wohnaccessoires","9":"product_tag-blumenkompositionen","10":"product_tag-einrichtung-des-arbeitsplatzes","11":"product_tag-weihnachten","12":"product_tag-weihnachtsdekoration-de-2","13":"product_tag-weihnachtsdekoration-de-3","14":"product_tag-weihnachtsdekoration-de-4","16":"first","17":"instock","18":"shipping-taxable","19":"purchasable","20":"product-type-simple"},"jetpack_sharing_enabled":true,"_links":{"self":[{"href":"https:\/\/lighthouselocarno.ch\/de\/wp-json\/wp\/v2\/product\/122498","targetHints":{"allow":["GET"]}}],"collection":[{"href":"https:\/\/lighthouselocarno.ch\/de\/wp-json\/wp\/v2\/product"}],"about":[{"href":"https:\/\/lighthouselocarno.ch\/de\/wp-json\/wp\/v2\/types\/product"}],"wp:featuredmedia":[{"embeddable":true,"href":"https:\/\/lighthouselocarno.ch\/de\/wp-json\/wp\/v2\/media\/102776"}],"wp:attachment":[{"href":"https:\/\/lighthouselocarno.ch\/de\/wp-json\/wp\/v2\/media?parent=122498"}],"wp:term":[{"taxonomy":"product_brand","embeddable":true,"href":"https:\/\/lighthouselocarno.ch\/de\/wp-json\/wp\/v2\/product_brand?post=122498"},{"taxonomy":"product_cat","embeddable":true,"href":"https:\/\/lighthouselocarno.ch\/de\/wp-json\/wp\/v2\/product_cat?post=122498"},{"taxonomy":"product_tag","embeddable":true,"href":"https:\/\/lighthouselocarno.ch\/de\/wp-json\/wp\/v2\/product_tag?post=122498"}],"curies":[{"name":"wp","href":"https:\/\/api.w.org\/{rel}","templated":true}]}}