{"id":122507,"date":"2021-11-05T04:55:52","date_gmt":"2021-11-05T04:55:52","guid":{"rendered":"https:\/\/lighthouselocarno.ch\/prodotti\/voegel-mit-spitzendetails-fuer-den-weihnachtsbaum\/"},"modified":"2024-12-13T15:38:52","modified_gmt":"2024-12-13T15:38:52","slug":"vogel-mit-details-im-ort-fur-weihnachten-album","status":"publish","type":"product","link":"https:\/\/lighthouselocarno.ch\/de\/produkt\/vogel-mit-details-im-ort-fur-weihnachten-album\/","title":{"rendered":"V\u00f6gel mit Spitzendetails f\u00fcr den Weihnachtsbaum"},"content":{"rendered":"","protected":false},"excerpt":{"rendered":"<p>Elegante wei\u00dfe V\u00f6gel zum Aufh\u00e4ngen an den Weihnachtsbaum dank eines praktischen Clips. Mit Federn und ganz wei\u00dfer Spitze bedeckt.<br \/>  Ideal f\u00fcr Ihre elegante und raffinierte Weihnachtsdekoration.<\/p>\n","protected":false},"featured_media":102935,"template":"","meta":{"_seopress_robots_primary_cat":"","_seopress_titles_title":"","_seopress_titles_desc":"","_seopress_robots_index":""},"product_brand":[],"product_cat":[4030,3891,4133,3748],"product_tag":[4190,5163,4134,4136,4188,5150],"class_list":{"0":"post-122507","1":"product","2":"type-product","3":"status-publish","4":"has-post-thumbnail","6":"product_cat-deko","7":"product_cat-vertrieb","8":"product_cat-weihnachtsdekoration","9":"product_cat-wohnaccessoires","10":"product_tag-juwel-vogel-auf-clip","11":"product_tag-weihnachtsbaum-de","12":"product_tag-weihnachtsdekoration-de","13":"product_tag-weihnachtsdekoration-de-2","14":"product_tag-weihnachtsdekoration-de-3","15":"product_tag-weihnachtsvogel-mit-clip","17":"first","18":"outofstock","19":"sale","20":"shipping-taxable","21":"purchasable","22":"product-type-simple"},"jetpack_sharing_enabled":true,"_links":{"self":[{"href":"https:\/\/lighthouselocarno.ch\/de\/wp-json\/wp\/v2\/product\/122507","targetHints":{"allow":["GET"]}}],"collection":[{"href":"https:\/\/lighthouselocarno.ch\/de\/wp-json\/wp\/v2\/product"}],"about":[{"href":"https:\/\/lighthouselocarno.ch\/de\/wp-json\/wp\/v2\/types\/product"}],"wp:featuredmedia":[{"embeddable":true,"href":"https:\/\/lighthouselocarno.ch\/de\/wp-json\/wp\/v2\/media\/102935"}],"wp:attachment":[{"href":"https:\/\/lighthouselocarno.ch\/de\/wp-json\/wp\/v2\/media?parent=122507"}],"wp:term":[{"taxonomy":"product_brand","embeddable":true,"href":"https:\/\/lighthouselocarno.ch\/de\/wp-json\/wp\/v2\/product_brand?post=122507"},{"taxonomy":"product_cat","embeddable":true,"href":"https:\/\/lighthouselocarno.ch\/de\/wp-json\/wp\/v2\/product_cat?post=122507"},{"taxonomy":"product_tag","embeddable":true,"href":"https:\/\/lighthouselocarno.ch\/de\/wp-json\/wp\/v2\/product_tag?post=122507"}],"curies":[{"name":"wp","href":"https:\/\/api.w.org\/{rel}","templated":true}]}}