{"id":122531,"date":"2021-11-24T12:28:04","date_gmt":"2021-11-24T12:28:04","guid":{"rendered":"https:\/\/lighthouselocarno.ch\/prodotti\/wanddekoration-engelsfluegel-mit-krone-und-edelstein\/"},"modified":"2023-12-15T08:13:04","modified_gmt":"2023-12-15T08:13:04","slug":"wanddekoration-ali-dangelo-mit-krone-und-edelsteinen","status":"publish","type":"product","link":"https:\/\/lighthouselocarno.ch\/de\/produkt\/wanddekoration-ali-dangelo-mit-krone-und-edelsteinen\/","title":{"rendered":"Engelsfl\u00fcgel Dekoration mit Krone und rotem Edelstein"},"content":{"rendered":"<p>Entscheiden Sie sich f\u00fcr Eleganz, um <strong>Ihr Zuhause mit Stil<\/strong> und Raffinesse <strong>einzurichten<\/strong>. Die von Light House angebotenen <strong>Geschenkideen<\/strong> und <strong>Wohnaccessoires<\/strong> sind einzigartige und originelle <strong>handgefertigte Kreationen<\/strong>, die <strong>in Italien hergestellt werden<\/strong>. <strong>Total white<\/strong> und <strong>shabby chic<\/strong> sind <strong>Designelemente<\/strong>, die die Philosophie und die Werte der Marke <strong>Light House Locarno<\/strong>charakterisieren&#8230; Home &amp; Life Philosophy.<\/p>\n<p>&nbsp;<\/p>\n","protected":false},"excerpt":{"rendered":"<p>Engelsfl\u00fcgeldekoration mit Krone und kostbarem roten Edelstein in Rubinform, goldfarbene Metallverkleidung mit Haken zum Aufh\u00e4ngen an der Wand oder an der T\u00fcr. Eine Idee f\u00fcr die weihnachtliche Dekoration des Hauses und ein origineller Ersatz f\u00fcr den klassischen Weihnachtskranz an der T\u00fcr.<\/p>\n<p>Material: Goldfarbenes Metall<\/p>\n<p>Abmessungen 51x4x62 cm<\/p>\n<p>&nbsp;<\/p>\n","protected":false},"featured_media":103037,"template":"","meta":{"_seopress_robots_primary_cat":"493","_seopress_titles_title":"","_seopress_titles_desc":"","_seopress_robots_index":""},"product_brand":[],"product_cat":[4030,4133,3748],"product_tag":[5195,5204,4690,5145,4188,5199],"class_list":{"0":"post-122531","1":"product","2":"type-product","3":"status-publish","4":"has-post-thumbnail","6":"product_cat-deko","7":"product_cat-weihnachtsdekoration","8":"product_cat-wohnaccessoires","9":"product_tag-engel-de","10":"product_tag-flugel-angelo","11":"product_tag-weihnachten","12":"product_tag-weihnachtsdekoration-de-5","13":"product_tag-weihnachtsdekoration-de-3","14":"product_tag-weihnachtsengel-de","16":"first","17":"outofstock","18":"shipping-taxable","19":"purchasable","20":"product-type-simple"},"jetpack_sharing_enabled":true,"_links":{"self":[{"href":"https:\/\/lighthouselocarno.ch\/de\/wp-json\/wp\/v2\/product\/122531","targetHints":{"allow":["GET"]}}],"collection":[{"href":"https:\/\/lighthouselocarno.ch\/de\/wp-json\/wp\/v2\/product"}],"about":[{"href":"https:\/\/lighthouselocarno.ch\/de\/wp-json\/wp\/v2\/types\/product"}],"wp:featuredmedia":[{"embeddable":true,"href":"https:\/\/lighthouselocarno.ch\/de\/wp-json\/wp\/v2\/media\/103037"}],"wp:attachment":[{"href":"https:\/\/lighthouselocarno.ch\/de\/wp-json\/wp\/v2\/media?parent=122531"}],"wp:term":[{"taxonomy":"product_brand","embeddable":true,"href":"https:\/\/lighthouselocarno.ch\/de\/wp-json\/wp\/v2\/product_brand?post=122531"},{"taxonomy":"product_cat","embeddable":true,"href":"https:\/\/lighthouselocarno.ch\/de\/wp-json\/wp\/v2\/product_cat?post=122531"},{"taxonomy":"product_tag","embeddable":true,"href":"https:\/\/lighthouselocarno.ch\/de\/wp-json\/wp\/v2\/product_tag?post=122531"}],"curies":[{"name":"wp","href":"https:\/\/api.w.org\/{rel}","templated":true}]}}