{"id":122535,"date":"2021-12-15T17:28:49","date_gmt":"2021-12-15T17:28:49","guid":{"rendered":"https:\/\/lighthouselocarno.ch\/prodotti\/pflanzenhalter-engel-aus-harz\/"},"modified":"2023-05-27T16:37:55","modified_gmt":"2023-05-27T16:37:55","slug":"engel-pflanzenhalter-aus-harz","status":"publish","type":"product","link":"https:\/\/lighthouselocarno.ch\/de\/produkt\/engel-pflanzenhalter-aus-harz\/","title":{"rendered":"Pflanzenhalter Engel aus Harz"},"content":{"rendered":"<p>Entscheiden Sie sich f\u00fcr Eleganz, um <strong>Ihr Zuhause mit Stil<\/strong> und Raffinesse <strong>einzurichten<\/strong>. Die von Light House angebotenen <strong>Geschenkideen<\/strong> und <strong>Wohnaccessoires<\/strong> sind einzigartige und originelle <strong>handgefertigte Kreationen<\/strong>, die <strong>in Italien hergestellt werden<\/strong>. <strong>Total white<\/strong> und <strong>shabby chic<\/strong> sind <strong>Designelemente<\/strong>, die die Philosophie und die Werte der Marke <strong>Light House Locarno<\/strong>charakterisieren&#8230; Home &amp; Life Philosophy.<\/p>\n","protected":false},"excerpt":{"rendered":"<p>Sch\u00f6ner Engel aus Harz f\u00fcr den Innen- und Au\u00dfenbereich. Ideal als \u00dcbertopf f\u00fcr H\u00e4ngepflanzen oder als Kerzenhalter. Heimdekoration f\u00fcr Weihnachten und Geschenkidee <span class=\"d2edcug0 hpfvmrgz qv66sw1b c1et5uql oi732d6d ik7dh3pa ht8s03o8 a8c37x1j keod5gw0 nxhoafnm aigsh9s9 fe6kdd0r mau55g9w c8b282yb d3f4x2em iv3no6db jq4qci2q a3bd9o3v b1v8xokw oo9gr5id hzawbc8m\" dir=\"auto\">f\u00fcr alle Engelsliebhaber <\/span>.  <\/p>\n","protected":false},"featured_media":0,"template":"","meta":{"_seopress_robots_primary_cat":"","_seopress_titles_title":"","_seopress_titles_desc":"","_seopress_robots_index":""},"product_brand":[],"product_cat":[4133],"product_tag":[5195,5124,5211,5214,5216,5198,5199],"class_list":{"0":"post-122535","1":"product","2":"type-product","3":"status-publish","5":"product_cat-weihnachtsdekoration","6":"product_tag-engel-de","7":"product_tag-engel-kerzenhalter","8":"product_tag-kerzenhalter-de-2","9":"product_tag-kunstharz-engel","10":"product_tag-pflanzenhalter","11":"product_tag-weihnachtsengel","12":"product_tag-weihnachtsengel-de","14":"first","15":"outofstock","16":"shipping-taxable","17":"purchasable","18":"product-type-simple"},"jetpack_sharing_enabled":true,"_links":{"self":[{"href":"https:\/\/lighthouselocarno.ch\/de\/wp-json\/wp\/v2\/product\/122535","targetHints":{"allow":["GET"]}}],"collection":[{"href":"https:\/\/lighthouselocarno.ch\/de\/wp-json\/wp\/v2\/product"}],"about":[{"href":"https:\/\/lighthouselocarno.ch\/de\/wp-json\/wp\/v2\/types\/product"}],"wp:attachment":[{"href":"https:\/\/lighthouselocarno.ch\/de\/wp-json\/wp\/v2\/media?parent=122535"}],"wp:term":[{"taxonomy":"product_brand","embeddable":true,"href":"https:\/\/lighthouselocarno.ch\/de\/wp-json\/wp\/v2\/product_brand?post=122535"},{"taxonomy":"product_cat","embeddable":true,"href":"https:\/\/lighthouselocarno.ch\/de\/wp-json\/wp\/v2\/product_cat?post=122535"},{"taxonomy":"product_tag","embeddable":true,"href":"https:\/\/lighthouselocarno.ch\/de\/wp-json\/wp\/v2\/product_tag?post=122535"}],"curies":[{"name":"wp","href":"https:\/\/api.w.org\/{rel}","templated":true}]}}