{"id":122729,"date":"2022-02-10T13:37:55","date_gmt":"2022-02-10T13:37:55","guid":{"rendered":"https:\/\/lighthouselocarno.ch\/prodotti\/leinenvorhang-mit-schleifen\/"},"modified":"2024-04-17T15:11:24","modified_gmt":"2024-04-17T15:11:24","slug":"leinenzelt-mit-flocken","status":"publish","type":"product","link":"https:\/\/lighthouselocarno.ch\/de\/produkt\/leinenzelt-mit-flocken\/","title":{"rendered":"Leinenvorhang mit Schleifen 130 x 300"},"content":{"rendered":"<p>&nbsp;<\/p>\n<ul class=\"single-product-tabs\" role=\"tablist\">\n<li id=\"tab-title-product_care\" class=\"product_care_tab bg-accent-100 p-4 mb-4 last:mb-0 rounded-lg\" role=\"tab\" aria-controls=\"tab-product_care\">\n<div class=\"cursor-pointer flex items-center justify-between gap-x-4\">\n<p class=\"text-sm xs:text-lg font-semibold leading-none\">Produktpflege<\/p>\n<p>&nbsp;<\/p>\n<\/div>\n<div id=\"tab-product_care\" class=\"mt-4 text-sm duration-300\" role=\"tabpanel\" aria-labelledby=\"tab-title-product_care\">\n<p>Dieses Produkt wird aus nat\u00fcrlichen Materialien hergestellt, Farbnuancen und Abweichungen im Aussehen von Kleidungsst\u00fcck zu Kleidungsst\u00fcck, auch im Laufe der Zeit, zeichnen es aus. Waschen Sie es separat mit milder Seife und Wasser bei max. 40\u00b0 C auch in der Waschmaschine im Schonwaschgang, bleichen Sie es nicht und lassen Sie es nicht einweichen. F\u00fcr das Waschen alter Kleidung empfehle ich f\u00fcr die ersten 3-4 Waschg\u00e4nge 1 kg Meersalz in die Waschmaschine zu geben, um die Farben gut zu fixieren. Quetschen Sie das Kleidungsst\u00fcck nicht mit der Hand. Zur besseren Pflege des Produkts empfehlen wir, es bei niedrigen Temperaturen zu b\u00fcgeln, um die Sch\u00f6nheit der Naturfaser nicht zu gl\u00e4tten, und es nicht dem direkten Sonnenlicht auszusetzen, um die Farbechtheit zu erhalten.<\/p>\n<p>&nbsp;<\/p>\n<\/div>\n<\/li>\n<\/ul>\n<p><strong>Stoff<\/strong>:100% Leinen.<\/p>\n<p>Viele andere Farben k\u00f6nnen Sie direkt hier auf der Website bestellen, indem Sie die beigef\u00fcgte Farbkarte konsultieren.<br \/>\nF\u00fcr alle anderen Farben betr\u00e4gt die Wartezeit 8 Wochen.<\/p>\n<p>Entscheiden Sie sich f\u00fcr Eleganz, um <strong>Ihr Zuhause mit Stil<\/strong> und Raffinesse <strong>einzurichten<\/strong>. Die <strong>Geschenkideen<\/strong> und <strong>Wohnaccessoires<\/strong>, die Light House anbietet, sind einzigartige und originelle <strong>handgefertigte Kreationen<\/strong>. <strong>Total white<\/strong> und <strong>shabby chic<\/strong> sind <strong>Designelemente<\/strong>, die die Philosophie und die Werte der Marke <strong>Light House Locarno<\/strong>charakterisieren&#8230; Home &amp; Life Philosophy.<\/p>\n<ul class=\"single-product-tabs\" role=\"tablist\">\n<li id=\"tab-title-product_care\" class=\"product_care_tab bg-accent-100 p-4 mb-4 last:mb-0 rounded-lg\" role=\"tab\" aria-controls=\"tab-product_care\">\n<div class=\"cursor-pointer flex items-center justify-between gap-x-4\"><\/div>\n<div id=\"tab-product_care\" class=\"mt-4 text-sm duration-300\" role=\"tabpanel\" aria-labelledby=\"tab-title-product_care\">\n<p>&nbsp;<\/p>\n<\/div>\n<\/li>\n<\/ul>\n","protected":false},"excerpt":{"rendered":"<p><strong>Vorhang aus Gaze und hellem<\/strong> Leinen, bestehend aus zwei Vorh\u00e4ngen, der hintere Vorhang aus hellem Leinen, der vordere Vorhang aus Leinengaze, dekorativer Seitenverschluss mit Schleifen. M\u00f6glichkeit der Verbindung von 2 oder mehr Zelten dank der Seitenb\u00fcgel. Ma\u00dfe 130\u00d7300 cm.<\/p>\n<p>Vorhang, der in Italien aus hochwertigem 100%igem Leinen hergestellt wird und sich durch spezielle Behandlungen, die das nat\u00fcrliche Aussehen verst\u00e4rken, weich anf\u00fchlt.<br \/>\nDieser Stoff ist ideal, weil er hypoallergen und antibakteriell ist. Au\u00dferdem werden nat\u00fcrliche, nicht allergene Farbstoffe verwendet, die der Naturfaser Glanz und Lebendigkeit verleihen.<br \/>\nLanglebigkeit und einfache Wartung sind weitere Pluspunkte Ihrer Wahl.<br \/>\nVersch\u00f6nern Sie Ihre R\u00e4ume, indem Sie Ihrer Einrichtung einen Hauch von Originalit\u00e4t verleihen.<br \/>\nBitte konsultieren Sie den Abschnitt Produktpflege f\u00fcr alle Waschanweisungen.<\/p>\n","protected":false},"featured_media":103325,"template":"","meta":{"_seopress_robots_primary_cat":"81","_seopress_titles_title":"","_seopress_titles_desc":"","_seopress_robots_index":""},"product_brand":[],"product_cat":[6091,7195,3748],"product_tag":[8355,8357,5328,8356,5337,4636,8354,5333],"class_list":{"0":"post-122729","1":"product","2":"type-product","3":"status-publish","4":"has-post-thumbnail","6":"product_cat-vorhange","7":"product_cat-vorhaenge-de","8":"product_cat-wohnaccessoires","9":"product_tag-leinenvorhang","10":"product_tag-leinenvorhang-de","11":"product_tag-rideau-de","12":"product_tag-rideau-en-lin-de","13":"product_tag-vorhang-de-2","14":"product_tag-vorhang-de","15":"product_tag-vorhang-aus-leinen-de","16":"product_tag-zelt","17":"pa_colore-retro-900-de","18":"pa_colore-weis-019","20":"first","21":"instock","22":"shipping-taxable","23":"purchasable","24":"product-type-variable"},"jetpack_sharing_enabled":true,"_links":{"self":[{"href":"https:\/\/lighthouselocarno.ch\/de\/wp-json\/wp\/v2\/product\/122729","targetHints":{"allow":["GET"]}}],"collection":[{"href":"https:\/\/lighthouselocarno.ch\/de\/wp-json\/wp\/v2\/product"}],"about":[{"href":"https:\/\/lighthouselocarno.ch\/de\/wp-json\/wp\/v2\/types\/product"}],"wp:featuredmedia":[{"embeddable":true,"href":"https:\/\/lighthouselocarno.ch\/de\/wp-json\/wp\/v2\/media\/103325"}],"wp:attachment":[{"href":"https:\/\/lighthouselocarno.ch\/de\/wp-json\/wp\/v2\/media?parent=122729"}],"wp:term":[{"taxonomy":"product_brand","embeddable":true,"href":"https:\/\/lighthouselocarno.ch\/de\/wp-json\/wp\/v2\/product_brand?post=122729"},{"taxonomy":"product_cat","embeddable":true,"href":"https:\/\/lighthouselocarno.ch\/de\/wp-json\/wp\/v2\/product_cat?post=122729"},{"taxonomy":"product_tag","embeddable":true,"href":"https:\/\/lighthouselocarno.ch\/de\/wp-json\/wp\/v2\/product_tag?post=122729"}],"curies":[{"name":"wp","href":"https:\/\/api.w.org\/{rel}","templated":true}]}}