{"id":122731,"date":"2022-02-10T13:38:09","date_gmt":"2022-02-10T13:38:09","guid":{"rendered":"https:\/\/lighthouselocarno.ch\/prodotti\/kopfkissenbezug-aus-leinen-mit-schleifen\/"},"modified":"2023-08-30T15:30:12","modified_gmt":"2023-08-30T15:30:12","slug":"kopfkissenbezug-aus-leinen-mit-quasten","status":"publish","type":"product","link":"https:\/\/lighthouselocarno.ch\/de\/produkt\/kopfkissenbezug-aus-leinen-mit-quasten\/","title":{"rendered":"Kopfkissenbezug aus Leinen mit Schleifen"},"content":{"rendered":"<p>Viele weitere Farben aus dem Arte Pura-Sortiment k\u00f6nnen Sie direkt hier auf der Website bestellen.<br \/>\nF\u00fcr alle anderen Farben betr\u00e4gt die Wartezeit 6-8 Wochen.<\/p>\n<p><em><strong>Waschen<\/strong><\/em><br \/>\nMaschinenwaschbar bei 30-40 Grad.<br \/>\nAlle Kleidungsst\u00fccke von Arte Pura sind in nat\u00fcrlichen Farben handgef\u00e4rbt.<br \/>\nEs ist m\u00f6glich, dass sie bei den ersten W\u00e4schen etwas an Farbe verlieren, was zu einem <strong>Vintage-Ton<\/strong> f\u00fchrt, der einzigartig f\u00fcr diese Marke ist.<br \/>\nBeim Waschen von Kleidung mit alten Farben empfehle ich dringend, bei den ersten 3-4 Waschg\u00e4ngen 1 kg Meersalz in die Waschmaschine zu geben, um die Farben gut zu fixieren.<\/p>\n<p><strong>Stoff<\/strong>:100% Leinen.<br \/>\n<strong>Spitze<\/strong>: 100% Baumwolle<\/p>\n<p>Entscheiden Sie sich f\u00fcr Eleganz, um <strong>Ihr Zuhause mit Stil<\/strong> und Raffinesse <strong>einzurichten<\/strong>. Die <strong>Geschenkideen<\/strong> und <strong>Wohnaccessoires<\/strong>, die Light House anbietet, sind einzigartige und originelle <strong>handgefertigte Kreationen<\/strong>. <strong>Total white<\/strong> und <strong>shabby chic<\/strong> sind <strong>Designelemente<\/strong>, die die Philosophie und die Werte der Marke <strong>Light House Locarno<\/strong>charakterisieren&#8230; Home &amp; Life Philosophy.<\/p>\n","protected":false},"excerpt":{"rendered":"<p><strong>Kissenbez\u00fcge f\u00fcr Kissen<\/strong>, mit eleganten Schleifenb\u00e4ndern. Ein romantisches Modell f\u00fcr eine edle Bettgarnitur mit Retro-Design im Landhausstil.<\/p>\n<p>Farbe Retro (Elfenbein), Gips Alt, Veronica (Teal).<\/p>\n<p><strong>Leichtes Leinen<\/strong>, leicht zu b\u00fcgeln, angenehm weich und sanft zur Haut.<\/p>\n<p>Handgef\u00e4rbt mit <strong>nat\u00fcrlichen Farbb\u00e4dern<\/strong>.<\/p>\n<p>F\u00fcr andere Farben konsultieren Sie bitte die Farbkarte auf den Bildern und kontaktieren Sie die <strong>Boutique<\/strong> direkt per E-Mail f\u00fcr eine <strong>individuelle Bestellung<\/strong>.<\/p>\n","protected":false},"featured_media":103304,"template":"","meta":{"_seopress_robots_primary_cat":"81","_seopress_titles_title":"","_seopress_titles_desc":"","_seopress_robots_index":""},"product_brand":[],"product_cat":[5957,5958,6634,3748],"product_tag":[5338,5330,5341,5334,5345],"class_list":{"0":"post-122731","1":"product","2":"type-product","3":"status-publish","4":"has-post-thumbnail","6":"product_cat-bettwaesche","7":"product_cat-kissenbezuge","8":"product_cat-kissenbezuege-de","9":"product_cat-wohnaccessoires","10":"product_tag-kissenbezuge-de","11":"product_tag-kopfkissenbezug","12":"product_tag-kopfkissenbezuge","13":"product_tag-leinen-kopfkissenbezug","14":"product_tag-tais-doreiller-de","16":"first","17":"instock","18":"shipping-taxable","19":"purchasable","20":"product-type-variable","21":"has-default-attributes"},"jetpack_sharing_enabled":true,"_links":{"self":[{"href":"https:\/\/lighthouselocarno.ch\/de\/wp-json\/wp\/v2\/product\/122731","targetHints":{"allow":["GET"]}}],"collection":[{"href":"https:\/\/lighthouselocarno.ch\/de\/wp-json\/wp\/v2\/product"}],"about":[{"href":"https:\/\/lighthouselocarno.ch\/de\/wp-json\/wp\/v2\/types\/product"}],"wp:featuredmedia":[{"embeddable":true,"href":"https:\/\/lighthouselocarno.ch\/de\/wp-json\/wp\/v2\/media\/103304"}],"wp:attachment":[{"href":"https:\/\/lighthouselocarno.ch\/de\/wp-json\/wp\/v2\/media?parent=122731"}],"wp:term":[{"taxonomy":"product_brand","embeddable":true,"href":"https:\/\/lighthouselocarno.ch\/de\/wp-json\/wp\/v2\/product_brand?post=122731"},{"taxonomy":"product_cat","embeddable":true,"href":"https:\/\/lighthouselocarno.ch\/de\/wp-json\/wp\/v2\/product_cat?post=122731"},{"taxonomy":"product_tag","embeddable":true,"href":"https:\/\/lighthouselocarno.ch\/de\/wp-json\/wp\/v2\/product_tag?post=122731"}],"curies":[{"name":"wp","href":"https:\/\/api.w.org\/{rel}","templated":true}]}}