{"id":122740,"date":"2022-02-10T13:38:51","date_gmt":"2022-02-10T13:38:51","guid":{"rendered":"https:\/\/lighthouselocarno.ch\/prodotti\/bettbezug-aus-leinen-mit-schleifen\/"},"modified":"2024-03-05T14:53:10","modified_gmt":"2024-03-05T14:53:10","slug":"steppdeckenbezug-aus-leinen-mit-flocken","status":"publish","type":"product","link":"https:\/\/lighthouselocarno.ch\/de\/produkt\/steppdeckenbezug-aus-leinen-mit-flocken\/","title":{"rendered":"Bettbezug aus hellem Leinen mit Schleifen"},"content":{"rendered":"<p>Viele weitere Farben aus dem <strong>Arte Pura-Sortiment<\/strong> k\u00f6nnen Sie direkt hier auf der Website bestellen.<br \/>\nF\u00fcr alle anderen Farben betr\u00e4gt die Wartezeit 6-8 Wochen.<\/p>\n<p><em><strong>Waschen<\/strong><\/em><br \/>\nMaschinenwaschbar bei 30-40 Grad.<br \/>\nAlle Kleidungsst\u00fccke von Arte Pura sind in nat\u00fcrlichen Farben <strong>handgef\u00e4rbt<\/strong>.<br \/>\nEs ist m\u00f6glich, dass sie bei den ersten W\u00e4schen etwas an Farbe verlieren, was zu einem <strong>Vintage-Ton<\/strong> f\u00fchrt, der einzigartig f\u00fcr diese Marke ist.<br \/>\nBeim Waschen von Kleidung mit alten Farben empfehle ich dringend, bei den ersten 3-4 Waschg\u00e4ngen 1 kg Meersalz in die Waschmaschine zu geben, um die Farben gut zu fixieren.<\/p>\n<p><strong>Stoff<\/strong>:100% Leinen.<br \/>\n<strong>Spitze<\/strong>: 100% Baumwolle.<\/p>\n<p>Entscheiden Sie sich f\u00fcr Eleganz, um <strong>Ihr Zuhause mit Stil<\/strong> und Raffinesse <strong>einzurichten<\/strong>. Die <strong>Geschenkideen<\/strong> und <strong>Wohnaccessoires<\/strong>, die Light House anbietet, sind einzigartige und originelle <strong>handgefertigte Kreationen<\/strong>. <strong>Total white<\/strong> und <strong>shabby chic<\/strong> sind <strong>Designelemente<\/strong>, die die Philosophie und die Werte der Marke <strong>Light House Locarno<\/strong>charakterisieren&#8230; Home &amp; Life Philosophy.<\/p>\n","protected":false},"excerpt":{"rendered":"<p><strong>Leichter Bettbezug aus Leinen <\/strong>, der in Italien aus 100% hochwertigem Leinen hergestellt wird und sich durch spezielle Behandlungen, die sein nat\u00fcrliches Aussehen verst\u00e4rken, weich anf\u00fchlt, f\u00fcr ein romantisches und elegantes <strong>Bettset<\/strong>. Mit einem edlen Verschluss unten aus Leinenschleifen, die an das <strong>Retro-Cottagecore-Stilelement<\/strong> erinnern.<\/p>\n<p>Dieser Stoff ist ideal f\u00fcr das Bett, da er hypoallergen und antibakteriell ist. Au\u00dferdem werden nat\u00fcrliche, nicht allergene Farbstoffe verwendet, die der Naturfaser Glanz und Lebendigkeit verleihen.<\/p>\n<p>Langlebigkeit und einfache Wartung sind weitere Pluspunkte Ihrer Wahl. Leicht zu b\u00fcgeln, angenehm weich und sanft zur Haut.<\/p>\n<p>Ideal, um Ihre Bettausstattung zu versch\u00f6nern: allein oder in Kombination mit farbigen Kissenbez\u00fcgen und Laken, um immer wieder originelle Kombinationen zu schaffen.<\/p>\n<p>Bitte lesen Sie den Abschnitt \u201eProduktpflege\u201c f\u00fcr alle Waschanweisungen.<\/p>\n<p>Farbe Retro (elfenbeinfarben)<\/p>\n<p>Handgef\u00e4rbt in nat\u00fcrlichen Farben.<\/p>\n<p>F\u00fcr andere Farben wenden Sie sich bitte per E-Mail direkt an die <strong>Boutique<\/strong>, um eine <strong>individuelle Bestellung<\/strong> aufzugeben.<\/p>\n","protected":false},"featured_media":103415,"template":"","meta":{"_seopress_robots_primary_cat":"81","_seopress_titles_title":"","_seopress_titles_desc":"","_seopress_robots_index":""},"product_brand":[],"product_cat":[5957,6368,3748],"product_tag":[5335,5342,5346,5339,5348,4605],"class_list":{"0":"post-122740","1":"product","2":"type-product","3":"status-publish","4":"has-post-thumbnail","6":"product_cat-bettwaesche","7":"product_cat-duvetbezuege","8":"product_cat-wohnaccessoires","9":"product_tag-bestickte-tagesdecke","10":"product_tag-bettbezug","11":"product_tag-bettdecke-de","12":"product_tag-bettdeckenbezug","13":"product_tag-couvre-lit-de","14":"product_tag-tagesdecke","15":"pa_colore-retro-900-de","17":"first","18":"instock","19":"shipping-taxable","20":"purchasable","21":"product-type-variable","22":"has-default-attributes"},"jetpack_sharing_enabled":true,"_links":{"self":[{"href":"https:\/\/lighthouselocarno.ch\/de\/wp-json\/wp\/v2\/product\/122740","targetHints":{"allow":["GET"]}}],"collection":[{"href":"https:\/\/lighthouselocarno.ch\/de\/wp-json\/wp\/v2\/product"}],"about":[{"href":"https:\/\/lighthouselocarno.ch\/de\/wp-json\/wp\/v2\/types\/product"}],"wp:featuredmedia":[{"embeddable":true,"href":"https:\/\/lighthouselocarno.ch\/de\/wp-json\/wp\/v2\/media\/103415"}],"wp:attachment":[{"href":"https:\/\/lighthouselocarno.ch\/de\/wp-json\/wp\/v2\/media?parent=122740"}],"wp:term":[{"taxonomy":"product_brand","embeddable":true,"href":"https:\/\/lighthouselocarno.ch\/de\/wp-json\/wp\/v2\/product_brand?post=122740"},{"taxonomy":"product_cat","embeddable":true,"href":"https:\/\/lighthouselocarno.ch\/de\/wp-json\/wp\/v2\/product_cat?post=122740"},{"taxonomy":"product_tag","embeddable":true,"href":"https:\/\/lighthouselocarno.ch\/de\/wp-json\/wp\/v2\/product_tag?post=122740"}],"curies":[{"name":"wp","href":"https:\/\/api.w.org\/{rel}","templated":true}]}}