{"id":122773,"date":"2022-02-04T19:19:15","date_gmt":"2022-02-04T19:19:15","guid":{"rendered":"https:\/\/lighthouselocarno.ch\/prodotti\/kosmetikkoffer-mit-stickerei\/"},"modified":"2022-02-04T19:19:15","modified_gmt":"2022-02-04T19:19:15","slug":"beauty-case-a-bulletin","status":"publish","type":"product","link":"https:\/\/lighthouselocarno.ch\/de\/produkt\/beauty-case-a-bulletin\/","title":{"rendered":"Kosmetikkoffer mit Stickerei"},"content":{"rendered":"<p>Entscheiden Sie sich f\u00fcr Eleganz, um <strong>Ihr Zuhause mit Stil<\/strong> und Raffinesse <strong>einzurichten<\/strong>. Die <strong>Geschenkideen<\/strong> und <strong>Wohnaccessoires<\/strong>, die Light House anbietet, sind einzigartige und originelle <strong>handgefertigte Kreationen<\/strong>. <strong>Total white<\/strong> und <strong>shabby chic<\/strong> sind <strong>Designelemente<\/strong>, die die Philosophie und die Werte der Marke <strong>Light House Locarno<\/strong>charakterisieren&#8230; Home &amp; Life Philosophy.<\/p>\n<p>Viele weitere Farben aus dem Arte Pura-Sortiment k\u00f6nnen Sie direkt hier auf der Website bestellen.<br \/>\nF\u00fcr alle anderen Farben betr\u00e4gt die Wartezeit 6-8 Wochen.<\/p>\n<p>WASH<br \/>\nMaschinenwaschbar bei 30-40 Grad.<br \/>\nAlle Kleidungsst\u00fccke von Arte Pura werden von Hand in nat\u00fcrlichen Farben gef\u00e4rbt.<br \/>\nEs ist m\u00f6glich, dass sie bei den ersten W\u00e4schen etwas an Farbe verlieren, was zu einem Vintage-Ton f\u00fchrt, der einzigartig f\u00fcr diese Marke ist.<br \/>\nBeim Waschen von Kleidung mit alten Farben empfehle ich dringend, bei den ersten 3-4 Waschg\u00e4ngen 1 kg Meersalz in die Waschmaschine zu geben, um die Farben gut zu fixieren.<\/p>\n<p>Stoff:100% Leinen.<br \/>\nSpitze: 100% Baumwolle<\/p>\n","protected":false},"excerpt":{"rendered":"<p>Elegantes und praktisches <strong>Kosmetikt\u00e4schchen<\/strong> aus Canvas mit raffinierten Details wie dem mit einer kleinen Rose verzierten Rei\u00dfverschluss und einer handgefertigten Stickerei. <strong>Total wei\u00dfer Stil<\/strong> <strong>- Handgefertigt - Made in Italy<\/strong><\/p>\n<p>&nbsp;<\/p>\n","protected":false},"featured_media":103229,"template":"","meta":{"_seopress_robots_primary_cat":"69","_seopress_titles_title":"","_seopress_titles_desc":"","_seopress_robots_index":""},"product_brand":[],"product_cat":[5282,3880],"product_tag":[5283,5293],"class_list":{"0":"post-122773","1":"product","2":"type-product","3":"status-publish","4":"has-post-thumbnail","6":"product_cat-kosmetik-taschen","7":"product_cat-schuhe-und-accessoires","8":"product_tag-kosmetikkoffer","9":"product_tag-trousse-de-beaute-de","11":"first","12":"instock","13":"shipping-taxable","14":"purchasable","15":"product-type-simple"},"jetpack_sharing_enabled":true,"_links":{"self":[{"href":"https:\/\/lighthouselocarno.ch\/de\/wp-json\/wp\/v2\/product\/122773","targetHints":{"allow":["GET"]}}],"collection":[{"href":"https:\/\/lighthouselocarno.ch\/de\/wp-json\/wp\/v2\/product"}],"about":[{"href":"https:\/\/lighthouselocarno.ch\/de\/wp-json\/wp\/v2\/types\/product"}],"wp:featuredmedia":[{"embeddable":true,"href":"https:\/\/lighthouselocarno.ch\/de\/wp-json\/wp\/v2\/media\/103229"}],"wp:attachment":[{"href":"https:\/\/lighthouselocarno.ch\/de\/wp-json\/wp\/v2\/media?parent=122773"}],"wp:term":[{"taxonomy":"product_brand","embeddable":true,"href":"https:\/\/lighthouselocarno.ch\/de\/wp-json\/wp\/v2\/product_brand?post=122773"},{"taxonomy":"product_cat","embeddable":true,"href":"https:\/\/lighthouselocarno.ch\/de\/wp-json\/wp\/v2\/product_cat?post=122773"},{"taxonomy":"product_tag","embeddable":true,"href":"https:\/\/lighthouselocarno.ch\/de\/wp-json\/wp\/v2\/product_tag?post=122773"}],"curies":[{"name":"wp","href":"https:\/\/api.w.org\/{rel}","templated":true}]}}