{"id":122945,"date":"2022-02-13T15:30:46","date_gmt":"2022-02-13T15:30:46","guid":{"rendered":"https:\/\/lighthouselocarno.ch\/prodotti\/nackte-rosa-leder-ballettschuhe-mit-spitze\/"},"modified":"2022-02-13T15:30:46","modified_gmt":"2022-02-13T15:30:46","slug":"ballerinas-in-pink-skin-nude-mit-spitze","status":"publish","type":"product","link":"https:\/\/lighthouselocarno.ch\/de\/produkt\/ballerinas-in-pink-skin-nude-mit-spitze\/","title":{"rendered":"Nackte rosa Leder Ballettschuhe mit Spitze"},"content":{"rendered":"<p><strong>Ballettschuhe<\/strong> sind das <strong>Schuhwerk<\/strong>, das direkt aus Ballettschulen und gro\u00dfen Opernh\u00e4usern kommt: <strong>Ballerina-Schuhe<\/strong> sind bequem, haben eine elegante und schicke Ausstrahlung und verleihen der Silhouette die Anmut einer T\u00e4nzerin. Ihr <strong>klassischer Bon-Ton-Stil<\/strong> passt zu jedem <strong>Outfit<\/strong>. Ballet Flats erf\u00fcllen das Bed\u00fcrfnis nach <strong>Komfort und Stil<\/strong>, zwei wesentliche Vorrechte im Alltag.<\/p>\n","protected":false},"excerpt":{"rendered":"<p><strong>Ballettschuhe aus echtem Lammfell<\/strong>. <strong>Handgefertigte<\/strong>, einzigartige und originelle <strong>faltbare Ledersohle<\/strong>. <b>Hergestellt in Frankreich.<\/b><\/p>\n<p>Farbe <b>Nude Pink<\/b>, verziert mit zarter handgefertigter Spitze. <b>Ideales Modell f\u00fcr Hochzeiten und elegante Zeremonien. <\/b>5 mm niedriger Absatz.<\/p>\n<p>Durch Festziehen des Knotens an der Zehe k\u00f6nnen Sie Ihren Ballerina um eine halbe Gr\u00f6\u00dfe verkleinern. Ideal f\u00fcr alle, die Probleme mit halben Sachen haben! Zu Ihren Ballerinas finden Sie eine <strong>elegante Clutch<\/strong> aus demselben Leder, um sie in Ihrer Tasche zu verstauen.<\/p>\n","protected":false},"featured_media":103421,"template":"","meta":{"_seopress_robots_primary_cat":"61","_seopress_titles_title":"","_seopress_titles_desc":"","_seopress_robots_index":""},"product_brand":[],"product_cat":[3799,4345,3880,3891],"product_tag":[4532,5403,4411],"class_list":{"0":"post-122945","1":"product","2":"type-product","3":"status-publish","4":"has-post-thumbnail","6":"product_cat-damenmode","7":"product_cat-schuhe","8":"product_cat-schuhe-und-accessoires","9":"product_cat-vertrieb","10":"product_tag-bagllerina-de","11":"product_tag-ballettpantoffel","12":"product_tag-tanzerinnen-und-tanzer","14":"first","15":"instock","16":"sale","17":"shipping-taxable","18":"purchasable","19":"product-type-variable","20":"has-default-attributes"},"jetpack_sharing_enabled":true,"_links":{"self":[{"href":"https:\/\/lighthouselocarno.ch\/de\/wp-json\/wp\/v2\/product\/122945","targetHints":{"allow":["GET"]}}],"collection":[{"href":"https:\/\/lighthouselocarno.ch\/de\/wp-json\/wp\/v2\/product"}],"about":[{"href":"https:\/\/lighthouselocarno.ch\/de\/wp-json\/wp\/v2\/types\/product"}],"wp:featuredmedia":[{"embeddable":true,"href":"https:\/\/lighthouselocarno.ch\/de\/wp-json\/wp\/v2\/media\/103421"}],"wp:attachment":[{"href":"https:\/\/lighthouselocarno.ch\/de\/wp-json\/wp\/v2\/media?parent=122945"}],"wp:term":[{"taxonomy":"product_brand","embeddable":true,"href":"https:\/\/lighthouselocarno.ch\/de\/wp-json\/wp\/v2\/product_brand?post=122945"},{"taxonomy":"product_cat","embeddable":true,"href":"https:\/\/lighthouselocarno.ch\/de\/wp-json\/wp\/v2\/product_cat?post=122945"},{"taxonomy":"product_tag","embeddable":true,"href":"https:\/\/lighthouselocarno.ch\/de\/wp-json\/wp\/v2\/product_tag?post=122945"}],"curies":[{"name":"wp","href":"https:\/\/api.w.org\/{rel}","templated":true}]}}