{"id":123069,"date":"2022-02-22T19:27:21","date_gmt":"2022-02-22T19:27:21","guid":{"rendered":"https:\/\/lighthouselocarno.ch\/prodotti\/bademantel-aus-satinfrottee\/"},"modified":"2023-08-30T15:45:57","modified_gmt":"2023-08-30T15:45:57","slug":"bademantel-frottee-satin","status":"publish","type":"product","link":"https:\/\/lighthouselocarno.ch\/de\/produkt\/bademantel-frottee-satin\/","title":{"rendered":"Bademantel aus Satinfrottee"},"content":{"rendered":"<p>          <!--more--><\/p>\n","protected":false},"excerpt":{"rendered":"<p>Sehr weicher, anschmiegsamer und eleganter <strong>Bademantel aus<\/strong> <strong>wei\u00dfem<\/strong>, satiniertem <strong>Webfrottier<\/strong>.<\/p>\n<p>G\u00fcrtel mit G\u00fcrtelschlaufen in der Taille, zwei gro\u00dfe Taschen, elegante <strong>Farnese-Spitzenverzierung<\/strong> an den \u00c4rmeln.<\/p>\n","protected":false},"featured_media":103505,"template":"","meta":{"_seopress_robots_primary_cat":"none","_seopress_titles_title":"","_seopress_titles_desc":"","_seopress_robots_index":""},"product_brand":[],"product_cat":[5946,3916,3748],"product_tag":[5419,5424,5427,5431,5429],"class_list":{"0":"post-123069","1":"product","2":"type-product","3":"status-publish","4":"has-post-thumbnail","6":"product_cat-bademantel-de","7":"product_cat-badezimmer","8":"product_cat-wohnaccessoires","9":"product_tag-bademantel-de","10":"product_tag-bademantel-de-2","11":"product_tag-frottee-bademantel-fur-damen-de","12":"product_tag-frottee-bademantel-fur-frauen","13":"product_tag-peignoir-en-eponge-pour-femme-de","14":"pa_colore-weis-019","16":"first","17":"instock","18":"shipping-taxable","19":"purchasable","20":"product-type-variable"},"jetpack_sharing_enabled":true,"_links":{"self":[{"href":"https:\/\/lighthouselocarno.ch\/de\/wp-json\/wp\/v2\/product\/123069","targetHints":{"allow":["GET"]}}],"collection":[{"href":"https:\/\/lighthouselocarno.ch\/de\/wp-json\/wp\/v2\/product"}],"about":[{"href":"https:\/\/lighthouselocarno.ch\/de\/wp-json\/wp\/v2\/types\/product"}],"wp:featuredmedia":[{"embeddable":true,"href":"https:\/\/lighthouselocarno.ch\/de\/wp-json\/wp\/v2\/media\/103505"}],"wp:attachment":[{"href":"https:\/\/lighthouselocarno.ch\/de\/wp-json\/wp\/v2\/media?parent=123069"}],"wp:term":[{"taxonomy":"product_brand","embeddable":true,"href":"https:\/\/lighthouselocarno.ch\/de\/wp-json\/wp\/v2\/product_brand?post=123069"},{"taxonomy":"product_cat","embeddable":true,"href":"https:\/\/lighthouselocarno.ch\/de\/wp-json\/wp\/v2\/product_cat?post=123069"},{"taxonomy":"product_tag","embeddable":true,"href":"https:\/\/lighthouselocarno.ch\/de\/wp-json\/wp\/v2\/product_tag?post=123069"}],"curies":[{"name":"wp","href":"https:\/\/api.w.org\/{rel}","templated":true}]}}