{"id":123105,"date":"2022-02-26T18:18:37","date_gmt":"2022-02-26T18:18:37","guid":{"rendered":"https:\/\/lighthouselocarno.ch\/prodotti\/laterne-marinara\/"},"modified":"2026-01-09T07:23:42","modified_gmt":"2026-01-09T07:23:42","slug":"laterne-marinara","status":"publish","type":"product","link":"https:\/\/lighthouselocarno.ch\/de\/produkt\/laterne-marinara\/","title":{"rendered":"Laterne Marinara"},"content":{"rendered":"","protected":false},"excerpt":{"rendered":"<p>Sch\u00f6ne <b>maritime Laterne aus verchromtem Stahl, <\/b>umgeben von einem klassischen Faradayschen K\u00e4fig aus Stahl. Doppelter D4-Griff an der Oberseite, verbunden durch eine Lederh\u00fclle. Die Griffe sind an zwei eleganten Messingankern befestigt. Geeignet f\u00fcr alle Umgebungen, aber vor allem in den H\u00e4usern derjenigen, die das Meer und das Segeln lieben.<\/p>\n","protected":false},"featured_media":103553,"template":"","meta":{"_seopress_robots_primary_cat":"79","_seopress_titles_title":"","_seopress_titles_desc":"","_seopress_robots_index":""},"product_brand":[],"product_cat":[4244,4594,3748],"product_tag":[],"class_list":{"0":"post-123105","1":"product","2":"type-product","3":"status-publish","4":"has-post-thumbnail","6":"product_cat-kerzen","7":"product_cat-laternen","8":"product_cat-wohnaccessoires","10":"first","11":"instock","12":"shipping-taxable","13":"purchasable","14":"product-type-variable"},"jetpack_sharing_enabled":true,"_links":{"self":[{"href":"https:\/\/lighthouselocarno.ch\/de\/wp-json\/wp\/v2\/product\/123105","targetHints":{"allow":["GET"]}}],"collection":[{"href":"https:\/\/lighthouselocarno.ch\/de\/wp-json\/wp\/v2\/product"}],"about":[{"href":"https:\/\/lighthouselocarno.ch\/de\/wp-json\/wp\/v2\/types\/product"}],"wp:featuredmedia":[{"embeddable":true,"href":"https:\/\/lighthouselocarno.ch\/de\/wp-json\/wp\/v2\/media\/103553"}],"wp:attachment":[{"href":"https:\/\/lighthouselocarno.ch\/de\/wp-json\/wp\/v2\/media?parent=123105"}],"wp:term":[{"taxonomy":"product_brand","embeddable":true,"href":"https:\/\/lighthouselocarno.ch\/de\/wp-json\/wp\/v2\/product_brand?post=123105"},{"taxonomy":"product_cat","embeddable":true,"href":"https:\/\/lighthouselocarno.ch\/de\/wp-json\/wp\/v2\/product_cat?post=123105"},{"taxonomy":"product_tag","embeddable":true,"href":"https:\/\/lighthouselocarno.ch\/de\/wp-json\/wp\/v2\/product_tag?post=123105"}],"curies":[{"name":"wp","href":"https:\/\/api.w.org\/{rel}","templated":true}]}}