{"id":123146,"date":"2022-02-26T18:18:49","date_gmt":"2022-02-26T18:18:49","guid":{"rendered":"https:\/\/lighthouselocarno.ch\/prodotti\/laterne-aus-holz\/"},"modified":"2023-08-30T15:35:31","modified_gmt":"2023-08-30T15:35:31","slug":"laterne-im-holz","status":"publish","type":"product","link":"https:\/\/lighthouselocarno.ch\/de\/produkt\/laterne-im-holz\/","title":{"rendered":"Laterne aus Holz"},"content":{"rendered":"<p>Entscheiden Sie sich f\u00fcr Eleganz, um <strong>Ihr Zuhause mit Stil<\/strong> und Raffinesse <strong>einzurichten<\/strong>. Die <strong>Geschenkideen<\/strong> und <strong>Wohnaccessoires<\/strong>, die Light House anbietet, sind einzigartige und originelle <strong>handgefertigte Kreationen<\/strong>. <strong>Total white<\/strong> und <strong>shabby chic<\/strong> sind <strong>Designelemente<\/strong>, die die Philosophie und die Werte der Marke <strong>Light House Locarno<\/strong>charakterisieren&#8230; Home &amp; Life Philosophy.<\/p>\n","protected":false},"excerpt":{"rendered":"<p><b>Handgefertigte Holzlaterne<\/b>, goldfarbene Metallkuppel, verziert mit handgeschnitzten Herzen. Ideal f\u00fcr die <strong>Dekoration des Au\u00dfenbereichs Ihres Hauses<\/strong>, <strong>Shabby-Chic-Stil<\/strong>, romantische Details, perfekt f\u00fcr die Schaffung <strong>unvergesslicher Atmosph\u00e4ren<\/strong>!<\/p>\n<p>Erh\u00e4ltlich in drei Gr\u00f6\u00dfen.<\/p>\n","protected":false},"featured_media":103568,"template":"","meta":{"_seopress_robots_primary_cat":"none","_seopress_titles_title":"","_seopress_titles_desc":"","_seopress_robots_index":""},"product_brand":[],"product_cat":[4244,4594,3891,3748],"product_tag":[5450,5447,5455,4595,4598,4606,5451,5449],"class_list":{"0":"post-123146","1":"product","2":"type-product","3":"status-publish","4":"has-post-thumbnail","6":"product_cat-kerzen","7":"product_cat-laternen","8":"product_cat-vertrieb","9":"product_cat-wohnaccessoires","10":"product_tag-gartenlaterne-de","11":"product_tag-handgefertigte-laterne","12":"product_tag-lanterns-de-jardin-de","13":"product_tag-laterne-de","14":"product_tag-laterne-de-2","15":"product_tag-laterne-herzen","16":"product_tag-laterne-schabby","17":"product_tag-laternen","19":"first","20":"instock","21":"sale","22":"shipping-taxable","23":"purchasable","24":"product-type-variable","25":"has-default-attributes"},"jetpack_sharing_enabled":true,"_links":{"self":[{"href":"https:\/\/lighthouselocarno.ch\/de\/wp-json\/wp\/v2\/product\/123146","targetHints":{"allow":["GET"]}}],"collection":[{"href":"https:\/\/lighthouselocarno.ch\/de\/wp-json\/wp\/v2\/product"}],"about":[{"href":"https:\/\/lighthouselocarno.ch\/de\/wp-json\/wp\/v2\/types\/product"}],"wp:featuredmedia":[{"embeddable":true,"href":"https:\/\/lighthouselocarno.ch\/de\/wp-json\/wp\/v2\/media\/103568"}],"wp:attachment":[{"href":"https:\/\/lighthouselocarno.ch\/de\/wp-json\/wp\/v2\/media?parent=123146"}],"wp:term":[{"taxonomy":"product_brand","embeddable":true,"href":"https:\/\/lighthouselocarno.ch\/de\/wp-json\/wp\/v2\/product_brand?post=123146"},{"taxonomy":"product_cat","embeddable":true,"href":"https:\/\/lighthouselocarno.ch\/de\/wp-json\/wp\/v2\/product_cat?post=123146"},{"taxonomy":"product_tag","embeddable":true,"href":"https:\/\/lighthouselocarno.ch\/de\/wp-json\/wp\/v2\/product_tag?post=123146"}],"curies":[{"name":"wp","href":"https:\/\/api.w.org\/{rel}","templated":true}]}}