{"id":123179,"date":"2021-09-21T17:14:57","date_gmt":"2021-09-21T17:14:57","guid":{"rendered":"https:\/\/lighthouselocarno.ch\/prodotti\/bijoux-vogel-mit-fliederfarbenen-pailletten-fuer-den-weihnachtsbaum\/"},"modified":"2024-12-16T09:48:39","modified_gmt":"2024-12-16T09:48:39","slug":"dekoration-metallischer-vogel-mit-flieder-pailletten-fur-albero-vogel","status":"publish","type":"product","link":"https:\/\/lighthouselocarno.ch\/de\/produkt\/dekoration-metallischer-vogel-mit-flieder-pailletten-fur-albero-vogel\/","title":{"rendered":"Bijoux Vogel mit fliederfarbenen Pailletten f\u00fcr den Weihnachtsbaum"},"content":{"rendered":"","protected":false},"excerpt":{"rendered":"<p>Eleganter burgunderroter Vogel aus der Kollektion <strong>Christmas Bijoux<\/strong>, der dank eines praktischen Clips an den<strong>Weihnachtsbaum<\/strong> geh\u00e4ngt werden kann. Ganz mit Federn in Puderrosa und Wei\u00df bedeckt und mit leuchtend fliederfarbenen Pailletten verziert. Ideal f\u00fcr Ihre<strong>Weihnachtsdekoration<\/strong>, die unvergesslich ist.<\/p>\n","protected":false},"featured_media":102932,"template":"","meta":{"_seopress_robots_primary_cat":"","_seopress_titles_title":"","_seopress_titles_desc":"","_seopress_robots_index":""},"product_brand":[],"product_cat":[4030,4133,3748],"product_tag":[5465,5467,5138,4134,4188,4192,5150],"class_list":{"0":"post-123179","1":"product","2":"type-product","3":"status-publish","4":"has-post-thumbnail","6":"product_cat-deko","7":"product_cat-weihnachtsdekoration","8":"product_cat-wohnaccessoires","9":"product_tag-vogel-mit-rosa-federschwanz","10":"product_tag-vogelchen-rosa","11":"product_tag-weihnachtsbaum","12":"product_tag-weihnachtsdekoration-de","13":"product_tag-weihnachtsdekoration-de-3","14":"product_tag-weihnachtsvogel","15":"product_tag-weihnachtsvogel-mit-clip","17":"first","18":"outofstock","19":"sale","20":"shipping-taxable","21":"purchasable","22":"product-type-simple"},"jetpack_sharing_enabled":true,"_links":{"self":[{"href":"https:\/\/lighthouselocarno.ch\/de\/wp-json\/wp\/v2\/product\/123179","targetHints":{"allow":["GET"]}}],"collection":[{"href":"https:\/\/lighthouselocarno.ch\/de\/wp-json\/wp\/v2\/product"}],"about":[{"href":"https:\/\/lighthouselocarno.ch\/de\/wp-json\/wp\/v2\/types\/product"}],"wp:featuredmedia":[{"embeddable":true,"href":"https:\/\/lighthouselocarno.ch\/de\/wp-json\/wp\/v2\/media\/102932"}],"wp:attachment":[{"href":"https:\/\/lighthouselocarno.ch\/de\/wp-json\/wp\/v2\/media?parent=123179"}],"wp:term":[{"taxonomy":"product_brand","embeddable":true,"href":"https:\/\/lighthouselocarno.ch\/de\/wp-json\/wp\/v2\/product_brand?post=123179"},{"taxonomy":"product_cat","embeddable":true,"href":"https:\/\/lighthouselocarno.ch\/de\/wp-json\/wp\/v2\/product_cat?post=123179"},{"taxonomy":"product_tag","embeddable":true,"href":"https:\/\/lighthouselocarno.ch\/de\/wp-json\/wp\/v2\/product_tag?post=123179"}],"curies":[{"name":"wp","href":"https:\/\/api.w.org\/{rel}","templated":true}]}}