{"id":123181,"date":"2022-02-10T15:00:28","date_gmt":"2022-02-10T15:00:28","guid":{"rendered":"https:\/\/lighthouselocarno.ch\/prodotti\/leinen-spannbetttuch-mit-ecken\/"},"modified":"2023-09-12T14:37:08","modified_gmt":"2023-09-12T14:37:08","slug":"laken-fixierte-ecken-leinen","status":"publish","type":"product","link":"https:\/\/lighthouselocarno.ch\/de\/produkt\/laken-fixierte-ecken-leinen\/","title":{"rendered":"Leinen-Spannbetttuch mit Ecken"},"content":{"rendered":"<p><b>Festes Laken mit Ecken aus reinem<\/b> hellem <b>Leinen<\/b>. Die abgebildete Farbe ist Veronica Old.<\/p>\n<p>Viele weitere Farben aus dem <strong>Arte Pura-Sortiment<\/strong> k\u00f6nnen Sie direkt hier auf der Website bestellen.<br \/>\nF\u00fcr alle anderen Farben betr\u00e4gt die Wartezeit 6-8 Wochen.<\/p>\n<p><strong><em>Waschen<\/em><\/strong><br \/>\nMaschinenwaschbar bei 30-40 Grad.<br \/>\nAlle Kleidungsst\u00fccke von Arte Pura sind in nat\u00fcrlichen Farben <strong>handgef\u00e4rbt<\/strong>.<br \/>\nEs ist m\u00f6glich, dass sie bei den ersten W\u00e4schen etwas an Farbe verlieren, was zu einem <strong>Vintage-Ton<\/strong> f\u00fchrt, der einzigartig f\u00fcr diese Marke ist.<br \/>\nBeim Waschen von Kleidung mit alten Farben empfehle ich dringend, bei den ersten 3-4 Waschg\u00e4ngen 1 kg Meersalz in die Waschmaschine zu geben, um die Farben gut zu fixieren.<\/p>\n<p><strong>Stoff<\/strong>:100% Leinen.<br \/>\n<strong>Spitze<\/strong>: 100% Baumwolle.<\/p>\n<p>Entscheiden Sie sich f\u00fcr Eleganz, um <strong>Ihr Zuhause mit Stil<\/strong> und Raffinesse <strong>einzurichten<\/strong>. Die <strong>Geschenkideen<\/strong> und <strong>Wohnaccessoires<\/strong>, die Light House anbietet, sind einzigartige und originelle <strong>handgefertigte Kreationen<\/strong>. <strong>Total white<\/strong> und <strong>shabby chic<\/strong> sind <strong>Designelemente<\/strong>, die die Philosophie und die Werte der Marke <strong>Light House Locarno<\/strong>charakterisieren&#8230; Home &amp; Life Philosophy.<\/p>\n","protected":false},"excerpt":{"rendered":"<p><strong>Leinen-Spannbetttuch<\/strong> mit elastischen Ecken f\u00fcr eine romantische und elegante <strong>Bettgarnitur<\/strong>, die an das <strong>Retro-Stil-Element<\/strong> des <strong>Cottagecore-Stils<\/strong>,<strong> Shabby <\/strong>aber auch an das modernere und frischere <strong> K\u00fcstenleben<\/strong> erinnert.<\/p>\n<p>Die abgebildete Farbe ist Veronica Old.<\/p>\n<p>Leichtes Leinen, leicht zu b\u00fcgeln, angenehm weich und sanft zur Haut.<\/p>\n<p>Handgef\u00e4rbt in nat\u00fcrlichen Farben.<\/p>\n<p>F\u00fcr andere Farben konsultieren Sie bitte die Farbkarte auf den Bildern und kontaktieren Sie die <strong>Boutique<\/strong> direkt per E-Mail f\u00fcr eine <strong>individuelle Bestellung<\/strong>.<\/p>\n","protected":false},"featured_media":103358,"template":"","meta":{"_seopress_robots_primary_cat":"81","_seopress_titles_title":"","_seopress_titles_desc":"","_seopress_robots_index":""},"product_brand":[],"product_cat":[5957,6019,3748],"product_tag":[],"class_list":{"0":"post-123181","1":"product","2":"type-product","3":"status-publish","4":"has-post-thumbnail","6":"product_cat-bettwaesche","7":"product_cat-leintucher","8":"product_cat-wohnaccessoires","9":"pa_colore-alter-gedanke-441","10":"pa_colore-alter-lehm-048","11":"pa_colore-bonbon-alt-429","12":"pa_colore-butter-alt-047","13":"pa_colore-convivio-438-de","14":"pa_colore-engel-alt-401","15":"pa_colore-ereignis-alt-436","16":"pa_colore-essenza-alt-409","17":"pa_colore-fee-alt-405","18":"pa_colore-granit-alt-427","19":"pa_colore-hauch-alt-415","20":"pa_colore-kreide-alt-044","21":"pa_colore-lava-alt-037","22":"pa_colore-lebenslauf-alt-433","23":"pa_colore-liebenswerte-alte-437","24":"pa_colore-luxus-alt-432","25":"pa_colore-malta-alt-414","26":"pa_colore-mineralien-alt-410","27":"pa_colore-ostsee-alt-428","28":"pa_colore-pfingstrose-alt-417","29":"pa_colore-puder-alt-043","30":"pa_colore-retro-900-de","31":"pa_colore-roma-alt-435","32":"pa_colore-schwarz-021","33":"pa_colore-see-old-440","34":"pa_colore-stein-alt-425","35":"pa_colore-suser-alter-434","36":"pa_colore-veronika-alt-416","37":"pa_colore-weis-019","39":"first","40":"instock","41":"shipping-taxable","42":"purchasable","43":"product-type-variable"},"jetpack_sharing_enabled":true,"_links":{"self":[{"href":"https:\/\/lighthouselocarno.ch\/de\/wp-json\/wp\/v2\/product\/123181","targetHints":{"allow":["GET"]}}],"collection":[{"href":"https:\/\/lighthouselocarno.ch\/de\/wp-json\/wp\/v2\/product"}],"about":[{"href":"https:\/\/lighthouselocarno.ch\/de\/wp-json\/wp\/v2\/types\/product"}],"wp:featuredmedia":[{"embeddable":true,"href":"https:\/\/lighthouselocarno.ch\/de\/wp-json\/wp\/v2\/media\/103358"}],"wp:attachment":[{"href":"https:\/\/lighthouselocarno.ch\/de\/wp-json\/wp\/v2\/media?parent=123181"}],"wp:term":[{"taxonomy":"product_brand","embeddable":true,"href":"https:\/\/lighthouselocarno.ch\/de\/wp-json\/wp\/v2\/product_brand?post=123181"},{"taxonomy":"product_cat","embeddable":true,"href":"https:\/\/lighthouselocarno.ch\/de\/wp-json\/wp\/v2\/product_cat?post=123181"},{"taxonomy":"product_tag","embeddable":true,"href":"https:\/\/lighthouselocarno.ch\/de\/wp-json\/wp\/v2\/product_tag?post=123181"}],"curies":[{"name":"wp","href":"https:\/\/api.w.org\/{rel}","templated":true}]}}