{"id":123354,"date":"2022-03-04T18:35:48","date_gmt":"2022-03-04T18:35:48","guid":{"rendered":"https:\/\/lighthouselocarno.ch\/prodotti\/skinny-jeans-aus-baumwolle\/"},"modified":"2026-02-26T07:23:23","modified_gmt":"2026-02-26T07:23:23","slug":"skinny-jeans-aus-baumwolle","status":"publish","type":"product","link":"https:\/\/lighthouselocarno.ch\/de\/produkt\/skinny-jeans-aus-baumwolle\/","title":{"rendered":"Skinny-Jeans aus Baumwolle"},"content":{"rendered":"<p><em><b>Empfohlenes Outfit<\/b><\/em><\/p>\n<p>Es mag schwierig erscheinen, ein glamour\u00f6ses Denim-Outfit zu kreieren, aber keine Sorge: Es ist gar nicht so kompliziert! Es gibt viele M\u00f6glichkeiten, Jeans-Outfits zu kreieren, die \u00fcberhaupt nicht auffallen, f\u00fcr verschiedene Anl\u00e4sse geeignet sind und in denen man sich zu jeder Tageszeit wohl f\u00fchlt. Hier sind einige Kombinationen mit Skinny Jeans:<\/p>\n<p>Bequemer Look: Skinny-Jeans, nicht zu enges Designer-T-Shirt aus Baumwolle oder Leinen, gemustert oder unifarben, das mit der Farbe der Jeans kontrastiert, und Ballerinas mit passender Einkaufstasche.<\/p>\n<p>Basic-Look: Skinny-Jeans und ein Hemd sind ein Muss f\u00fcr jede Gelegenheit, f\u00fcr einen Spaziergang, f\u00fcr die Arbeit und, wenn Sie einen sch\u00f6nen Absatz dazu tragen, auch f\u00fcr einen Abend mit Freunden!<\/p>\n<p>&nbsp;<\/p>\n<p>&nbsp;<\/p>\n","protected":false},"excerpt":{"rendered":"<p><strong>Stretch-Jeanshose aus Baumwolle<\/strong>, Zigarettenmodell, 5 Taschen. Aus der <strong>Fr\u00fchjahr-Sommer-Kollektion<\/strong> der Modedesignerin <strong>Daniela Dallavalle<\/strong>, Modemarke <strong>Elisa Cavaletti<\/strong>. <strong>Hergestellt in Italien.<\/strong><\/p>\n<p>Farben: wei\u00df, taubengrau.<\/p>\n<p>Materialzusammensetzung: 93% Baumwolle, 3% Elastan.<\/p>\n","protected":false},"featured_media":103742,"template":"","meta":{"_seopress_robots_primary_cat":"","_seopress_titles_title":"","_seopress_titles_desc":"","_seopress_robots_index":""},"product_brand":[],"product_cat":[3799,4784,3789,3891],"product_tag":[5536,5518,4972,4943,5525,5531],"class_list":{"0":"post-123354","1":"product","2":"type-product","3":"status-publish","4":"has-post-thumbnail","6":"product_cat-damenmode","7":"product_cat-hosen","8":"product_cat-kleidung","9":"product_cat-vertrieb","10":"product_tag-hose-de","11":"product_tag-hosensignatur","12":"product_tag-jeans-de","13":"product_tag-jeans-elisa-cavaletti-de","14":"product_tag-jeans-signiert","15":"product_tag-jeans-skinny-de","17":"first","18":"outofstock","19":"sale","20":"shipping-taxable","21":"purchasable","22":"product-type-variable"},"jetpack_sharing_enabled":true,"_links":{"self":[{"href":"https:\/\/lighthouselocarno.ch\/de\/wp-json\/wp\/v2\/product\/123354","targetHints":{"allow":["GET"]}}],"collection":[{"href":"https:\/\/lighthouselocarno.ch\/de\/wp-json\/wp\/v2\/product"}],"about":[{"href":"https:\/\/lighthouselocarno.ch\/de\/wp-json\/wp\/v2\/types\/product"}],"wp:featuredmedia":[{"embeddable":true,"href":"https:\/\/lighthouselocarno.ch\/de\/wp-json\/wp\/v2\/media\/103742"}],"wp:attachment":[{"href":"https:\/\/lighthouselocarno.ch\/de\/wp-json\/wp\/v2\/media?parent=123354"}],"wp:term":[{"taxonomy":"product_brand","embeddable":true,"href":"https:\/\/lighthouselocarno.ch\/de\/wp-json\/wp\/v2\/product_brand?post=123354"},{"taxonomy":"product_cat","embeddable":true,"href":"https:\/\/lighthouselocarno.ch\/de\/wp-json\/wp\/v2\/product_cat?post=123354"},{"taxonomy":"product_tag","embeddable":true,"href":"https:\/\/lighthouselocarno.ch\/de\/wp-json\/wp\/v2\/product_tag?post=123354"}],"curies":[{"name":"wp","href":"https:\/\/api.w.org\/{rel}","templated":true}]}}