{"id":123404,"date":"2022-03-04T18:36:31","date_gmt":"2022-03-04T18:36:31","guid":{"rendered":"https:\/\/lighthouselocarno.ch\/prodotti\/weisse-pique-hose\/"},"modified":"2025-02-21T09:34:54","modified_gmt":"2025-02-21T09:34:54","slug":"hose-weis-piquet","status":"publish","type":"product","link":"https:\/\/lighthouselocarno.ch\/de\/produkt\/hose-weis-piquet\/","title":{"rendered":"Wei\u00dfe Piqu\u00e9-Hose"},"content":{"rendered":"<p><em><b>Empfohlenes Outfit<\/b><\/em><\/p>\n<p>Es mag schwierig erscheinen, ein glamour\u00f6ses Outfit mit Jeanshosen zu kreieren, aber keine Sorge: Es ist gar nicht so kompliziert! Es gibt viele M\u00f6glichkeiten, Jeans-Outfits zu kreieren, die \u00fcberhaupt nicht auffallen, f\u00fcr verschiedene Anl\u00e4sse geeignet sind und in denen man sich zu jeder Tageszeit wohl f\u00fchlt. Hier sind einige Kombinationen mit Skinny Jeans:<\/p>\n<p>Bequemer Look: Skinny-Jeans-Hose, ein nicht zu enges Designer-T-Shirt aus Baumwolle oder Leinen, gemustert oder unifarben, das mit der Farbe der Jeans kontrastiert, und Ballerinas mit passender Einkaufstasche.<\/p>\n<p>Basic-Look: Skinny-Jeans-Hose und Hemd sind ein Must-Have f\u00fcr jede Gelegenheit, einen Spaziergang, bei der Arbeit und mit einem sch\u00f6nen Absatz sogar f\u00fcr einen Abend mit Freunden!<\/p>\n","protected":false},"excerpt":{"rendered":"<p><strong>Skinny<\/strong> <strong>Jeans im Zigarettenschnitt<\/strong>, 4 Taschen. Die besondere Verzierung am Kn\u00f6chel macht diese Hose wirklich glamour\u00f6s. Aus der <strong>Fr\u00fchjahr-Sommer-Kollektion<\/strong> der Modedesignerin <strong>Daniela Dallavalle<\/strong>, Modemarke <strong>Elisa Cavaletti<\/strong>. <strong>Hergestellt in Italien.<\/strong><\/p>\n<p>Materialzusammensetzung: 62% Baumwolle, 35% Polyester, 3% Elastan<\/p>\n","protected":false},"featured_media":103718,"template":"","meta":{"_seopress_robots_primary_cat":"none","_seopress_titles_title":"","_seopress_titles_desc":"","_seopress_robots_index":""},"product_brand":[],"product_cat":[3799,4784,3789],"product_tag":[5586,5593,5594,5518,4972,5590],"class_list":{"0":"post-123404","1":"product","2":"type-product","3":"status-publish","4":"has-post-thumbnail","6":"product_cat-damenmode","7":"product_cat-hosen","8":"product_cat-kleidung","9":"product_tag-des-pantalons-de","10":"product_tag-hose-de-2","11":"product_tag-hose-keans","12":"product_tag-hosensignatur","13":"product_tag-jeans-de","14":"product_tag-schlauch","16":"first","17":"instock","18":"shipping-taxable","19":"purchasable","20":"product-type-variable"},"jetpack_sharing_enabled":true,"_links":{"self":[{"href":"https:\/\/lighthouselocarno.ch\/de\/wp-json\/wp\/v2\/product\/123404","targetHints":{"allow":["GET"]}}],"collection":[{"href":"https:\/\/lighthouselocarno.ch\/de\/wp-json\/wp\/v2\/product"}],"about":[{"href":"https:\/\/lighthouselocarno.ch\/de\/wp-json\/wp\/v2\/types\/product"}],"wp:featuredmedia":[{"embeddable":true,"href":"https:\/\/lighthouselocarno.ch\/de\/wp-json\/wp\/v2\/media\/103718"}],"wp:attachment":[{"href":"https:\/\/lighthouselocarno.ch\/de\/wp-json\/wp\/v2\/media?parent=123404"}],"wp:term":[{"taxonomy":"product_brand","embeddable":true,"href":"https:\/\/lighthouselocarno.ch\/de\/wp-json\/wp\/v2\/product_brand?post=123404"},{"taxonomy":"product_cat","embeddable":true,"href":"https:\/\/lighthouselocarno.ch\/de\/wp-json\/wp\/v2\/product_cat?post=123404"},{"taxonomy":"product_tag","embeddable":true,"href":"https:\/\/lighthouselocarno.ch\/de\/wp-json\/wp\/v2\/product_tag?post=123404"}],"curies":[{"name":"wp","href":"https:\/\/api.w.org\/{rel}","templated":true}]}}