{"id":123442,"date":"2022-03-16T09:55:05","date_gmt":"2022-03-16T09:55:05","guid":{"rendered":"https:\/\/lighthouselocarno.ch\/prodotti\/baskenmuetze\/"},"modified":"2023-08-30T15:59:40","modified_gmt":"2023-08-30T15:59:40","slug":"kappe-helm","status":"publish","type":"product","link":"https:\/\/lighthouselocarno.ch\/de\/produkt\/kappe-helm\/","title":{"rendered":"Baskenm\u00fctze"},"content":{"rendered":"<p>Empfohlenes Outfit<\/p>\n<p>Diese <strong>M\u00fctze <\/strong>ist die <strong>anmutigste <\/strong>und <strong>schickste und <\/strong>sieht besonders gut an Personen mit einem diamantenen, l\u00e4nglichen oder herzf\u00f6rmigen Gesicht aus. Die <strong>franz\u00f6sische Baskenm\u00fctze<\/strong> kann auf verschiedene Weise getragen werden: Die klassischste Art ist die seitlich geneigte franz\u00f6sische M\u00fctze, ansonsten kann sie gerade, flach auf dem Kopf oder leicht abgerundet getragen werden.<\/p>\n","protected":false},"excerpt":{"rendered":"<p><strong>Baskenm\u00fctze<\/strong> von Elisa Cavaletti, Farbe elfenbein, Einheitsgr\u00f6\u00dfe. Die <strong>runde<\/strong>, weich gewebte <strong>M\u00fctze<\/strong> ist ein beliebtes <strong>Modeaccessoire<\/strong> f\u00fcr <strong>Frauen <\/strong>.  <\/p>\n","protected":false},"featured_media":103754,"template":"","meta":{"_seopress_robots_primary_cat":"","_seopress_titles_title":"","_seopress_titles_desc":"","_seopress_robots_index":""},"product_brand":[],"product_cat":[3799,5614,3880],"product_tag":[5621,5615,5616,5619,5626,5627,5625,5622],"class_list":{"0":"post-123442","1":"product","2":"type-product","3":"status-publish","4":"has-post-thumbnail","6":"product_cat-damenmode","7":"product_cat-hute","8":"product_cat-schuhe-und-accessoires","9":"product_tag-barett-hut","10":"product_tag-baskenmutze-de","11":"product_tag-baskenmutze-de-2","12":"product_tag-baskisch","13":"product_tag-chapeau-de-beret-de","14":"product_tag-hut-de","15":"product_tag-hut","16":"product_tag-kappe-helm","18":"first","19":"instock","20":"shipping-taxable","21":"purchasable","22":"product-type-simple"},"jetpack_sharing_enabled":true,"_links":{"self":[{"href":"https:\/\/lighthouselocarno.ch\/de\/wp-json\/wp\/v2\/product\/123442","targetHints":{"allow":["GET"]}}],"collection":[{"href":"https:\/\/lighthouselocarno.ch\/de\/wp-json\/wp\/v2\/product"}],"about":[{"href":"https:\/\/lighthouselocarno.ch\/de\/wp-json\/wp\/v2\/types\/product"}],"wp:featuredmedia":[{"embeddable":true,"href":"https:\/\/lighthouselocarno.ch\/de\/wp-json\/wp\/v2\/media\/103754"}],"wp:attachment":[{"href":"https:\/\/lighthouselocarno.ch\/de\/wp-json\/wp\/v2\/media?parent=123442"}],"wp:term":[{"taxonomy":"product_brand","embeddable":true,"href":"https:\/\/lighthouselocarno.ch\/de\/wp-json\/wp\/v2\/product_brand?post=123442"},{"taxonomy":"product_cat","embeddable":true,"href":"https:\/\/lighthouselocarno.ch\/de\/wp-json\/wp\/v2\/product_cat?post=123442"},{"taxonomy":"product_tag","embeddable":true,"href":"https:\/\/lighthouselocarno.ch\/de\/wp-json\/wp\/v2\/product_tag?post=123442"}],"curies":[{"name":"wp","href":"https:\/\/api.w.org\/{rel}","templated":true}]}}